{"id":1255,"date":"2024-06-03T22:38:13","date_gmt":"2024-06-03T15:38:13","guid":{"rendered":"https:\/\/ceavnuhcmeduvn139.mbws.vn\/gioi-thieu\/gioi-thieu-chung\/"},"modified":"2025-10-15T16:36:29","modified_gmt":"2025-10-15T09:36:29","slug":"general-introduction","status":"publish","type":"page","link":"https:\/\/ceahcm.edu.vn\/en\/introduction\/general-introduction\/","title":{"rendered":"General introduction"},"content":{"rendered":"\t<section class=\"section top-gradient bottom-gradient\" id=\"section_129547950\">\n\t\t<div class=\"bg section-bg fill bg-fill  \" >\n\n\t\t\t\n\t\t\t<div class=\"section-bg-overlay absolute fill\"><\/div>\n\t\t\t\n\n\t\t<\/div>\n\n\t\t\n\n\t\t<div class=\"section-content relative\">\n\t\t\t\n<div class=\"row row-collapse\"  id=\"row-359776916\">\n\n\t<div id=\"col-274493612\" class=\"col small-12 large-12\"  >\n\t\t\t\t<div class=\"col-inner\"  >\n\t\t\t\n\t\t\t\n  <div id=\"page-header-1635014708\" class=\"page-header-wrapper\">\n  <div class=\"page-title dark simple-title\">\n\n    \n    <div class=\"page-title-inner container align-top flex-row medium-flex-wrap\" >\n              <div class=\"title-wrapper is-larger flex-col text-left medium-text-center\">\n          <h1 class=\"entry-title mb-0\">\n            General introduction          <\/h1>\n        <\/div>\n                    <div class=\"title-content flex-col flex-right text-right medium-text-center\">\n        <div class=\"title-breadcrumbs pb-half pt-half\"><\/div>      <\/div>\n    <\/div>\n\n     \n<style>\n#page-header-1635014708 .title-bg {\n  background-position: 53% 20%;\n}\n<\/style>\n  <\/div>\n    <\/div>\n  \n<p>A<\/p>\n<p>A<\/p>\n\t\t<\/div>\n\t\t\t\t\n<style>\n#col-274493612 > .col-inner {\n  padding: 340px 0px 0px 0px;\n}\n<\/style>\n\t<\/div>\n\n\t\n<\/div>\n\t\t<\/div>\n\n\t\t\n<style>\n#section_129547950 {\n  padding-top: 0px;\n  padding-bottom: 0px;\n  min-height: 700px;\n}\n#section_129547950 .section-bg-overlay {\n  background-color: rgba(0, 0, 0, 0.331);\n}\n#section_129547950 .section-bg.bg-loaded {\n  background-image: url(https:\/\/ceahcm.edu.vn\/wp-content\/uploads\/IMG_-378-1-scaled.jpg);\n}\n#section_129547950 .section-bg {\n  background-position: 52% 0%;\n}\n<\/style>\n\t<\/section>\n\t\n\t<section class=\"section pb-0\" id=\"section_1984342087\">\n\t\t<div class=\"bg section-bg fill bg-fill  bg-loaded\" >\n\n\t\t\t\n\t\t\t\n\t\t\t\n\n\t\t<\/div>\n\n\t\t\n\n\t\t<div class=\"section-content relative\">\n\t\t\t\n<div class=\"row\"  id=\"row-1240609100\">\n\n\t<div id=\"col-1091694394\" class=\"col medium-8 small-12 large-8\"  >\n\t\t\t\t<div class=\"col-inner\"  >\n\t\t\t\n\t\t\t\n<p style=\"text-align: justify;\"><span style=\"font-weight: 400;\">VNU \u2013 HCM Center for Education Accreditation was established by the Ministry of Education and Training on November 22nd, 2013, under Decision No. 5570\/Q\u0110-BGD\u0110T. Until now, the Center has more than 10 years of experience in educational quality accreditation activities (for both institutional and program levels); training and developing accreditators and teams.<\/span><\/p>\n\t<div class=\"img has-hover x md-x lg-x y md-y lg-y\" id=\"image_715891080\">\n\t\t\t\t\t\t\t\t<div class=\"img-inner dark\" >\n\t\t\t<img decoding=\"async\" src=\"https:\/\/ceahcm.edu.vn\/wp-content\/uploads\/IMG_-502-scaled.jpg\" alt=\"\"\/>\t\t\t\t\t\t\n\t\t\t\t\t<\/div>\n\t\t\t\t\t\t\t\t\n<style>\n#image_715891080 {\n  width: 100%;\n}\n<\/style>\n\t<\/div>\n\t\n\n\n\t\t<\/div>\n\t\t\t\t\t<\/div>\n\n\t\n\n\t<div id=\"col-1882132879\" class=\"col pb-0 medium-4 small-12 large-4\"  >\n\t\t\t\t<div class=\"col-inner\"  >\n\t\t\t\n\t\t\t\n<a href=\"#\" class=\"button primary is-large lowercase expand hidden\"  style=\"padding:10px 30px 10px 30px;\">\n    <span>Tr\u1edf th\u00e0nh nh\u00e0 t\u00e0i tr\u1ee3<\/span>\n  <\/a>\n\n\t<div id=\"gap-772947437\" class=\"gap-element clearfix\" style=\"display:block; height:auto;\">\n\t\t\n<style>\n#gap-772947437 {\n  padding-top: 10px;\n}\n<\/style>\n\t<\/div>\n\t\n<div class=\"row row-collapse\"  id=\"row-1411801390\">\n\n\t<div id=\"col-276653795\" class=\"col small-12 large-12\"  >\n\t\t\t\t<div class=\"col-inner dark\" style=\"background-color:#1c1b3b;\" >\n\t\t\t\n\t\t\t\n<h3>Contact information<\/h3>\n<p>Address: Information Technology Park, Quarter 33, Linh Xu\u00e2n Ward, Ho Chi Minh City<\/p>\n<p>Phone: (+8428) 3724 4410<br \/>ttkiemdinh@vnuhcm.edu.vn<\/p>\n<p>Monday &#8211; Friday 7:30 am &#8211; 5:00 pm<\/p>\n<h3>Social information<\/h3>\n<div class=\"social-icons follow-icons primary-small\" ><a href=\"#\" target=\"_blank\" data-label=\"Facebook\" class=\"icon plain facebook tooltip\" title=\"Follow on Facebook\" aria-label=\"Follow on Facebook\" rel=\"noopener nofollow\" ><i class=\"icon-facebook\" ><\/i><\/a><a href=\"#\" target=\"_blank\" data-label=\"Instagram\" class=\"icon plain instagram tooltip\" title=\"Follow on Instagram\" aria-label=\"Follow on Instagram\" rel=\"noopener nofollow\" ><i class=\"icon-instagram\" ><\/i><\/a><a href=\"#\" data-label=\"Twitter\" target=\"_blank\" class=\"icon plain twitter tooltip\" title=\"Follow on Twitter\" aria-label=\"Follow on Twitter\" rel=\"noopener nofollow\" ><i class=\"icon-twitter\" ><\/i><\/a><a href=\"mailto:#\" data-label=\"E-mail\" target=\"_blank\" class=\"icon plain email tooltip\" title=\"Send us an email\" aria-label=\"Send us an email\" rel=\"nofollow noopener\" ><i class=\"icon-envelop\" ><\/i><\/a><\/div>\n\t<div id=\"gap-2109208055\" class=\"gap-element clearfix\" style=\"display:block; height:auto;\">\n\t\t\n<style>\n#gap-2109208055 {\n  padding-top: 30px;\n}\n<\/style>\n\t<\/div>\n\t\n<a href=\"#\" class=\"button primary is-large lowercase expand\"  >\n    <span>Download resources for students<\/span>\n  <\/a>\n\n\t\t<\/div>\n\t\t\t\t\n<style>\n#col-276653795 > .col-inner {\n  padding: 40px 40px 40px 40px;\n}\n<\/style>\n\t<\/div>\n\n\t\n<\/div>\n<div class=\"container section-title-container menu-department-title hidden\" ><h3 class=\"section-title section-title-normal\"><b><\/b><span class=\"section-title-main\" >Tr\u00ecnh chi\u1ebfu video<\/span><b><\/b><\/h3><\/div>\n<div class=\"video video-fit mb hidden\" style=\"padding-top:56.25%;\"><p><iframe loading=\"lazy\" title=\"Anything Could Happen at Harvard\" width=\"1020\" height=\"574\" src=\"https:\/\/www.youtube.com\/embed\/C5pKtnmHTxg?feature=oembed\" frameborder=\"0\" allow=\"accelerometer; autoplay; clipboard-write; encrypted-media; gyroscope; picture-in-picture; web-share\" referrerpolicy=\"strict-origin-when-cross-origin\" allowfullscreen><\/iframe><\/p>\n<\/div>\n\t<div id=\"gap-142057460\" class=\"gap-element clearfix hidden\" style=\"display:block; height:auto;\">\n\t\t\n<style>\n#gap-142057460 {\n  padding-top: 60px;\n}\n<\/style>\n\t<\/div>\n\t\n\n\t\t<\/div>\n\t\t\t\t\t<\/div>\n\n\t\n<\/div>\n\t\t<\/div>\n\n\t\t\n<style>\n#section_1984342087 {\n  padding-top: 30px;\n  padding-bottom: 30px;\n}\n<\/style>\n\t<\/section>\n\t\n\n","protected":false},"excerpt":{"rendered":"","protected":false},"author":1,"featured_media":0,"parent":561,"menu_order":0,"comment_status":"closed","ping_status":"closed","template":"page-transparent-header-light.php","meta":{"footnotes":""},"class_list":["post-1255","page","type-page","status-publish","hentry"],"acf":[],"_links":{"self":[{"href":"https:\/\/ceahcm.edu.vn\/en\/wp-json\/wp\/v2\/pages\/1255","targetHints":{"allow":["GET"]}}],"collection":[{"href":"https:\/\/ceahcm.edu.vn\/en\/wp-json\/wp\/v2\/pages"}],"about":[{"href":"https:\/\/ceahcm.edu.vn\/en\/wp-json\/wp\/v2\/types\/page"}],"author":[{"embeddable":true,"href":"https:\/\/ceahcm.edu.vn\/en\/wp-json\/wp\/v2\/users\/1"}],"replies":[{"embeddable":true,"href":"https:\/\/ceahcm.edu.vn\/en\/wp-json\/wp\/v2\/comments?post=1255"}],"version-history":[{"count":7,"href":"https:\/\/ceahcm.edu.vn\/en\/wp-json\/wp\/v2\/pages\/1255\/revisions"}],"predecessor-version":[{"id":6819,"href":"https:\/\/ceahcm.edu.vn\/en\/wp-json\/wp\/v2\/pages\/1255\/revisions\/6819"}],"up":[{"embeddable":true,"href":"https:\/\/ceahcm.edu.vn\/en\/wp-json\/wp\/v2\/pages\/561"}],"wp:attachment":[{"href":"https:\/\/ceahcm.edu.vn\/en\/wp-json\/wp\/v2\/media?parent=1255"}],"curies":[{"name":"wp","href":"https:\/\/api.w.org\/{rel}","templated":true}]}}