{"id":1259,"date":"2024-06-03T22:56:55","date_gmt":"2024-06-03T15:56:55","guid":{"rendered":"https:\/\/ceavnuhcmeduvn139.mbws.vn\/gioi-thieu\/lich-su-phat-trien\/"},"modified":"2024-11-26T09:59:56","modified_gmt":"2024-11-26T02:59:56","slug":"history","status":"publish","type":"page","link":"https:\/\/ceahcm.edu.vn\/en\/introduction\/history\/","title":{"rendered":"History"},"content":{"rendered":"\t<section class=\"section top-gradient bottom-gradient dark\" id=\"section_1207782391\">\n\t\t<div class=\"bg section-bg fill bg-fill  \" >\n\n\t\t\t\n\t\t\t<div class=\"section-bg-overlay absolute fill\"><\/div>\n\t\t\t\n\n\t\t<\/div>\n\n\t\t\n\n\t\t<div class=\"section-content relative\">\n\t\t\t\n<div class=\"row row-collapse align-bottom\"  id=\"row-958574342\">\n\n\t<div id=\"col-1177136005\" class=\"col medium-4 small-12 large-4\"  >\n\t\t\t\t<div class=\"col-inner\"  >\n\t\t\t\n\t\t\t\n<div class=\"container section-title-container\" ><h1 class=\"section-title section-title-normal\"><b><\/b><span class=\"section-title-main\" style=\"font-size:120%;\">History<\/span><b><\/b><\/h1><\/div>\n\t\t<\/div>\n\t\t\t\t\n<style>\n#col-1177136005 > .col-inner {\n  padding: 200px 30px 0px 30px;\n}\n@media (min-width:550px) {\n  #col-1177136005 > .col-inner {\n    padding: 0px 30px 0px 30px;\n  }\n}\n@media (min-width:850px) {\n  #col-1177136005 > .col-inner {\n    padding: 0px 50px 0px 0px;\n  }\n}\n<\/style>\n\t<\/div>\n\n\t\n\n\t<div id=\"col-869370006\" class=\"col medium-8 small-12 large-8\"  >\n\t\t\t\t<div class=\"col-inner\"  >\n\t\t\t\n\t\t\t\n\t<div id=\"text-3451096995\" class=\"text\">\n\t\t\n<p>The history of the formation and development of VNU \u2013 HCM Center for Education Accreditation<br \/>\n\t\t\n<style>\n#text-3451096995 {\n  font-size: 1.2rem;\n}\n<\/style>\n\t<\/div>\n\t\n\t\t<\/div>\n\t\t\t\t\n<style>\n#col-869370006 > .col-inner {\n  padding: 30px 0px 30px 30px;\n}\n@media (min-width:550px) {\n  #col-869370006 > .col-inner {\n    padding: 340px 30px 0px 30px;\n  }\n}\n@media (min-width:850px) {\n  #col-869370006 > .col-inner {\n    padding: 340px 0px 0px 0px;\n  }\n}\n<\/style>\n\t<\/div>\n\n\t\n<\/div>\n\t\t<\/div>\n\n\t\t\n<style>\n#section_1207782391 {\n  padding-top: 0px;\n  padding-bottom: 0px;\n  min-height: 300px;\n}\n#section_1207782391 .section-bg-overlay {\n  background-color: rgba(0, 0, 0, 0.331);\n}\n#section_1207782391 .section-bg.bg-loaded {\n  background-image: url(https:\/\/ceahcm.edu.vn\/wp-content\/uploads\/CEA-324-1-scaled.jpg);\n}\n#section_1207782391 .section-bg {\n  background-position: 61% 27%;\n}\n@media (min-width:550px) {\n  #section_1207782391 {\n    min-height: 500px;\n  }\n}\n@media (min-width:850px) {\n  #section_1207782391 {\n    min-height: 700px;\n  }\n}\n<\/style>\n\t<\/section>\n\t\n\t<section class=\"section\" id=\"section_1083150271\">\n\t\t<div class=\"bg section-bg fill bg-fill  bg-loaded\" >\n\n\t\t\t\n\t\t\t\n\t\t\t\n\n\t\t<\/div>\n\n\t\t\n\n\t\t<div class=\"section-content relative\">\n\t\t\t\n<div class=\"row row-collapse align-equal\"  id=\"row-78175840\">\n\n\t<div id=\"col-83518601\" class=\"col medium-6 small-12 large-6\"  >\n\t\t\t\t<div class=\"col-inner\"  >\n\t\t\t\n\t\t\t\n\t<div id=\"gap-403089912\" class=\"gap-element clearfix\" style=\"display:block; height:auto;\">\n\t\t\n<style>\n#gap-403089912 {\n  padding-top: 20px;\n}\n<\/style>\n\t<\/div>\n\t\n\t<div id=\"text-2670806554\" class=\"text\">\n\t\t\n<h3>History<\/h3>\n\t\t\n<style>\n#text-2670806554 {\n  line-height: 1;\n}\n<\/style>\n\t<\/div>\n\t\n\t<div id=\"gap-835194287\" class=\"gap-element clearfix\" style=\"display:block; height:auto;\">\n\t\t\n<style>\n#gap-835194287 {\n  padding-top: 30px;\n}\n<\/style>\n\t<\/div>\n\t\n\t<div id=\"text-4099785833\" class=\"text\">\n\t\t\n<p>The history of the formation and development of VNU \u2013 HCM Center for Education Accreditation<br \/>\n\t\t\n<style>\n#text-4099785833 {\n  font-size: 1.2rem;\n  color: #c50227;\n}\n#text-4099785833 > * {\n  color: #c50227;\n}\n<\/style>\n\t<\/div>\n\t\n<ul>\n<li>The Center was established according to Decision No. 5570\/Q\u0110-BGD\u0110T<\/li>\n<li>The Center was operating under the license by Decision No. 5129\/Q\u0110-BGD\u0110T<\/li>\n<li>The first educational institution accreditation was conducted according to Circular No. 62\/2012\/TT-BGD\u0110T.<\/li>\n<li>Granting a certificate to the first educational institution according to Circular No. 62\/2012\/TT-BGDDT<\/li>\n<li>Evaluate the first training programs<\/li>\n<li>The issuance of certificates for the first training programs according to Circular No. 04\/2016\/TT-BGD\u0110T<\/li>\n<li>The first educational institution accreditation was conducted according to Circular No. 12\/2017\/TT-BGD\u0110T<\/li>\n<li>Granting a certificate to the first educational institution according to Circular No. 12\/2017\/TT- BGD\u0110T<\/li>\n<li>Accreditor training according to Circular No. 18\/2013\/TT-BGD\u0110T<\/li>\n<li>Professional training for accreditor according to Circular No. 14\/2022\/TT-BGD\u0110T<\/li>\n<\/ul>\n<div class=\"is-divider divider clearfix\" style=\"margin-top:3rem;margin-bottom:3rem;max-width:100%;background-color:rgb(33, 32, 82);\"><\/div>\n<div  class=\"flip-container hidden\">\n<div class=\"row row-collapse align-equal flipper\"  id=\"row-854121178\">\n\n\t<div id=\"col-506552960\" class=\"col medium-4 small-12 large-4\"  >\n\t\t\t\t<div class=\"col-inner\"  >\n\t\t\t\n\t\t\t\n\t\t<\/div>\n\t\t\t\t\t<\/div>\n\n\t\n\n\t<div id=\"col-1261325417\" class=\"col front small-12 large-12\"  >\n\t\t\t\t<div class=\"col-inner dark\" style=\"background-color:#c50227;\" >\n\t\t\t\n\t\t\t\n\n\t\t<div class=\"icon-box featured-box icon-box-top text-left\"  >\n\t\t\t\t\t<div class=\"icon-box-img\" style=\"width: 42px\">\n\t\t\t\t<div class=\"icon\">\n\t\t\t\t\t<div class=\"icon-inner\" >\n\t\t\t\t\t\t<img loading=\"lazy\" decoding=\"async\" width=\"43\" height=\"32\" src=\"https:\/\/ceahcm.edu.vn\/wp-content\/uploads\/icon-activity.png\" class=\"attachment-medium size-medium\" alt=\"\" \/>\t\t\t\t\t<\/div>\n\t\t\t\t<\/div>\n\t\t\t<\/div>\n\t\t\t\t<div class=\"icon-box-text last-reset\">\n\t\t\t\t\t\t\t\t\t\n<h3>Ho\u1ea1t \u0111\u1ed9ng sinh vi\u00ean<\/h3>\n<p>T\u00e1ch ra, h\u1ecd s\u1ed1ng \u1edf Bookmarksgrove ngay t\u1ea1i b\u1edd bi\u1ec3n Semantics, m\u1ed9t \u0111\u1ea1i d\u01b0\u01a1ng ng\u00f4n ng\u1eef r\u1ed9ng l\u1edbn. M\u1ed9t con s\u00f4ng nh\u1ecf t\u00ean l\u00e0 Duden ch\u1ea3y qua v\u1ecb tr\u00ed c\u1ee7a h\u1ecd v\u00e0 cung c\u1ea5p cho n\u00f3 regelialia c\u1ea7n thi\u1ebft. \u0110\u00f3 l\u00e0 m\u1ed9t \u0111\u1ea5t n\u01b0\u1edbc thi\u00ean \u0111\u01b0\u1eddng<\/p>\n\t\t<\/div>\n\t<\/div>\n\t\n\t\n\t\t<\/div>\n\t\t\t\t\n<style>\n#col-1261325417 > .col-inner {\n  padding: 50px 50px 50px 50px;\n}\n<\/style>\n\t<\/div>\n\n\t\n\n\t<div id=\"col-425495631\" class=\"col back small-12 large-12\"  >\n\t\t\t\t<div class=\"col-inner dark\" style=\"background-color:#c50227;\" >\n\t\t\t\n\t\t\t\n\n\t\t<div class=\"icon-box featured-box icon-box-top text-left\"  >\n\t\t\t\t\t<div class=\"icon-box-img\" style=\"width: 35px\">\n\t\t\t\t<div class=\"icon\">\n\t\t\t\t\t<div class=\"icon-inner\" >\n\t\t\t\t\t\t<img loading=\"lazy\" decoding=\"async\" width=\"28\" height=\"33\" src=\"https:\/\/ceahcm.edu.vn\/wp-content\/uploads\/icon-trophy.png\" class=\"attachment-medium size-medium\" alt=\"\" \/>\t\t\t\t\t<\/div>\n\t\t\t\t<\/div>\n\t\t\t<\/div>\n\t\t\t\t<div class=\"icon-box-text last-reset\">\n\t\t\t\t\t\t\t\t\t\n<h3>\u0110\u1eddi s\u1ed1ng x\u00e3 h\u1ed9i<\/h3>\n<p>Lorem ipsum dolor sit amet, consectetuer adipiscing elit, sed diam nonummy nibh euismod tincidunt ut laoreet dolore magna aliquam erat volutpat&#8230;.<\/p>\n\t\t<\/div>\n\t<\/div>\n\t\n\t\n\t\t<\/div>\n\t\t\t\t\n<style>\n#col-425495631 > .col-inner {\n  padding: 50px 50px 50px 50px;\n}\n<\/style>\n\t<\/div>\n\n\t\n<\/div>\n<\/div>\n\t\t<\/div>\n\t\t\t\t\n<style>\n#col-83518601 > .col-inner {\n  padding: 56px 30px 0px 30px;\n}\n@media (min-width:550px) {\n  #col-83518601 > .col-inner {\n    padding: 56px 30px 0px 30px;\n  }\n}\n@media (min-width:850px) {\n  #col-83518601 > .col-inner {\n    padding: 56px 66px 0px 0px;\n  }\n}\n<\/style>\n\t<\/div>\n\n\t\n\n\t<div id=\"col-1437701926\" class=\"col medium-6 small-12 large-6\"  >\n\t\t\t\t<div class=\"col-inner\"  >\n\t\t\t\n\t\t\t\n\n  <div class=\"banner has-hover bg-col-right-fullwidth\" id=\"banner-1898479467\">\n          <div class=\"banner-inner fill\">\n        <div class=\"banner-bg fill\" >\n            <div class=\"bg fill bg-fill \"><\/div>\n                                    \n                    <\/div>\n\t\t\n        <div class=\"banner-layers container\">\n            <div class=\"fill banner-link\"><\/div>            \n   <div id=\"text-box-2070197971\" class=\"text-box banner-layer x50 md-x50 lg-x50 y50 md-y50 lg-y50 res-text\">\n                                <div class=\"text-box-content text dark\">\n              \n              <div class=\"text-inner text-center\">\n                  \n              <\/div>\n           <\/div>\n                            \n<style>\n#text-box-2070197971 {\n  width: 60%;\n}\n#text-box-2070197971 .text-box-content {\n  font-size: 100%;\n}\n@media (min-width:550px) {\n  #text-box-2070197971 {\n    width: 60%;\n  }\n}\n<\/style>\n    <\/div>\n \n        <\/div>\n      <\/div>\n\n              <div class=\"height-fix is-invisible\"><\/div>\n            \n<style>\n#banner-1898479467 {\n  background-color: rgb(245, 245, 245);\n}\n<\/style>\n  <\/div>\n\n\n\t<div class=\"img has-hover x md-x lg-x y md-y lg-y\" id=\"image_1882995960\">\n\t\t\t\t\t\t\t\t<div class=\"img-inner dark\" >\n\t\t\t<img loading=\"lazy\" decoding=\"async\" width=\"2000\" height=\"1414\" src=\"https:\/\/ceahcm.edu.vn\/wp-content\/uploads\/Phat-trien-CEA.jpg\" class=\"attachment-original size-original\" alt=\"\" \/>\t\t\t\t\t\t\n\t\t\t\t\t<\/div>\n\t\t\t\t\t\t\t\t\n<style>\n#image_1882995960 {\n  width: 100%;\n}\n<\/style>\n\t<\/div>\n\t\n\n\t\t<div class=\"icon-box featured-box icon-box-left text-left\"  style=\"margin:30px 0px 30px 0px;\">\n\t\t\t\t\t<div class=\"icon-box-img\" style=\"width: 30px\">\n\t\t\t\t<div class=\"icon\">\n\t\t\t\t\t<div class=\"icon-inner\" >\n\t\t\t\t\t\t<img loading=\"lazy\" decoding=\"async\" width=\"25\" height=\"31\" src=\"https:\/\/ceahcm.edu.vn\/wp-content\/uploads\/icon-transportation.png\" class=\"attachment-medium size-medium\" alt=\"\" \/>\t\t\t\t\t<\/div>\n\t\t\t\t<\/div>\n\t\t\t<\/div>\n\t\t\t\t<div class=\"icon-box-text last-reset\">\n\t\t\t\t\t\t\t\t\t\n\t<div id=\"gap-2093843399\" class=\"gap-element clearfix\" style=\"display:block; height:auto;\">\n\t\t\n<style>\n#gap-2093843399 {\n  padding-top: 5px;\n}\n<\/style>\n\t<\/div>\n\t\n<h3><\/h3>\n\t\t<\/div>\n\t<\/div>\n\t\n\t\n<p>VNU \u2013 HCM Center for Education Accreditation was established under Decision No. 5570\/QD-BGDDT and licensed to operate under Decision No. 5129\/QD-BGDDT. Until now, the Center has<br \/>\nmore than 10 years of experience in educational quality accreditation activities.<\/p>\n\t<div class=\"img has-hover hidden x md-x lg-x y md-y lg-y\" id=\"image_305051863\">\n\t\t\t\t\t\t\t\t<div class=\"img-inner dark\" >\n\t\t\t<img loading=\"lazy\" decoding=\"async\" width=\"700\" height=\"354\" src=\"https:\/\/ceahcm.edu.vn\/wp-content\/uploads\/life-bus.jpg\" class=\"attachment-original size-original\" alt=\"\" \/>\t\t\t\t\t\t\n\t\t\t\t\t<\/div>\n\t\t\t\t\t\t\t\t\n<style>\n#image_305051863 {\n  width: 100%;\n}\n<\/style>\n\t<\/div>\n\t\n\n\t<div id=\"text-148218815\" class=\"text hidden\">\n\t\t\n<p>H\u01a1n <strong>1000<\/strong> b\u00e3i \u0111\u1eadu xe c\u00f3 th\u1ec3 c\u00f3 s\u1eb5n \u1edf ph\u00eda t\u00e2y c\u1ee7a compus. B\u00e3i \u0111\u1eadu xe c\u00f3 s\u1eb5n <strong>24 gi\u1edd v\u1edbi an ninh 24 gi\u1edd<\/strong>. Ch\u00fang t\u00f4i \u0111\u1ea3m b\u1ea3o r\u1eb1ng m\u1ecdi th\u1ee9 \u0111\u1ec1u n\u1eb1m trong t\u1ea7m ki\u1ec3m so\u00e1t.<br \/>\n\t\t\t<\/div>\n\t\n\t\t<\/div>\n\t\t\t\t\n<style>\n#col-1437701926 > .col-inner {\n  padding: 66px 30px 66px 30px;\n}\n@media (min-width:850px) {\n  #col-1437701926 > .col-inner {\n    padding: 66px 0px 66px 66px;\n  }\n}\n<\/style>\n\t<\/div>\n\n\t\n<\/div>\n\t\t<\/div>\n\n\t\t\n<style>\n#section_1083150271 {\n  padding-top: 0px;\n  padding-bottom: 0px;\n  min-height: 600px;\n  background-color: rgb(255, 255, 255);\n}\n<\/style>\n\t<\/section>\n\t\n\n\n\n","protected":false},"excerpt":{"rendered":"","protected":false},"author":1,"featured_media":0,"parent":561,"menu_order":0,"comment_status":"closed","ping_status":"closed","template":"page-transparent-header-light.php","meta":{"footnotes":""},"class_list":["post-1259","page","type-page","status-publish","hentry"],"acf":[],"_links":{"self":[{"href":"https:\/\/ceahcm.edu.vn\/en\/wp-json\/wp\/v2\/pages\/1259","targetHints":{"allow":["GET"]}}],"collection":[{"href":"https:\/\/ceahcm.edu.vn\/en\/wp-json\/wp\/v2\/pages"}],"about":[{"href":"https:\/\/ceahcm.edu.vn\/en\/wp-json\/wp\/v2\/types\/page"}],"author":[{"embeddable":true,"href":"https:\/\/ceahcm.edu.vn\/en\/wp-json\/wp\/v2\/users\/1"}],"replies":[{"embeddable":true,"href":"https:\/\/ceahcm.edu.vn\/en\/wp-json\/wp\/v2\/comments?post=1259"}],"version-history":[{"count":6,"href":"https:\/\/ceahcm.edu.vn\/en\/wp-json\/wp\/v2\/pages\/1259\/revisions"}],"predecessor-version":[{"id":4635,"href":"https:\/\/ceahcm.edu.vn\/en\/wp-json\/wp\/v2\/pages\/1259\/revisions\/4635"}],"up":[{"embeddable":true,"href":"https:\/\/ceahcm.edu.vn\/en\/wp-json\/wp\/v2\/pages\/561"}],"wp:attachment":[{"href":"https:\/\/ceahcm.edu.vn\/en\/wp-json\/wp\/v2\/media?parent=1259"}],"curies":[{"name":"wp","href":"https:\/\/api.w.org\/{rel}","templated":true}]}}