{"id":1288,"date":"2024-06-04T00:58:30","date_gmt":"2024-06-03T17:58:30","guid":{"rendered":"https:\/\/ceavnuhcmeduvn139.mbws.vn\/gioi-thieu\/chien-luoc-phat-trien\/"},"modified":"2025-10-14T10:21:47","modified_gmt":"2025-10-14T03:21:47","slug":"development-strategy","status":"publish","type":"page","link":"https:\/\/ceahcm.edu.vn\/en\/introduction\/development-strategy\/","title":{"rendered":"Development strategy"},"content":{"rendered":"\t<section class=\"section top-gradient bottom-gradient\" id=\"section_724083515\">\n\t\t<div class=\"bg section-bg fill bg-fill  \" >\n\n\t\t\t\n\t\t\t<div class=\"section-bg-overlay absolute fill\"><\/div>\n\t\t\t\n\n\t\t<\/div>\n\n\t\t\n\n\t\t<div class=\"section-content relative\">\n\t\t\t\n<div class=\"row row-collapse\"  id=\"row-177170562\">\n\n\t<div id=\"col-586248664\" class=\"col small-12 large-12\"  >\n\t\t\t\t<div class=\"col-inner\"  >\n\t\t\t\n\t\t\t\n  <div id=\"page-header-1139045068\" class=\"page-header-wrapper\">\n  <div class=\"page-title dark simple-title\">\n\n    \n    <div class=\"page-title-inner container align-bottom flex-row medium-flex-wrap\" >\n              <div class=\"title-wrapper is-larger flex-col text-left medium-text-center\">\n          <h1 class=\"entry-title mb-0\">\n            Development strategy          <\/h1>\n        <\/div>\n                    <div class=\"title-content flex-col flex-right text-right medium-text-center\">\n        <div class=\"title-breadcrumbs pb-half pt-half\"><\/div>      <\/div>\n    <\/div>\n\n     \n<style>\n#page-header-1139045068 .title-bg {\n  background-position: 53% 20%;\n}\n<\/style>\n  <\/div>\n    <\/div>\n  \n\t\t<\/div>\n\t\t\t\t\n<style>\n#col-586248664 > .col-inner {\n  padding: 100px 0px 0px 0px;\n}\n@media (min-width:850px) {\n  #col-586248664 > .col-inner {\n    padding: 340px 0px 0px 0px;\n  }\n}\n<\/style>\n\t<\/div>\n\n\t\n<\/div>\n\t\t<\/div>\n\n\t\t\n<style>\n#section_724083515 {\n  padding-top: 0px;\n  padding-bottom: 0px;\n  min-height: 300px;\n}\n#section_724083515 .section-bg-overlay {\n  background-color: rgba(0, 0, 0, 0.331);\n}\n#section_724083515 .section-bg.bg-loaded {\n  background-image: url(https:\/\/ceahcm.edu.vn\/wp-content\/uploads\/ADS_4948-scaled.jpg);\n}\n#section_724083515 .section-bg {\n  background-position: 50% 57%;\n}\n@media (min-width:550px) {\n  #section_724083515 {\n    min-height: 500px;\n  }\n}\n@media (min-width:850px) {\n  #section_724083515 {\n    min-height: 700px;\n  }\n}\n<\/style>\n\t<\/section>\n\t\n\t<section class=\"section dark\" id=\"section_1402507474\">\n\t\t<div class=\"bg section-bg fill bg-fill  bg-loaded\" >\n\n\t\t\t\n\t\t\t\n\t\t\t\n\n\t\t<\/div>\n\n\t\t\n\n\t\t<div class=\"section-content relative\">\n\t\t\t\n<div class=\"row row-collapse align-equal\"  id=\"row-1586599676\">\n\n\t<div id=\"col-1918540677\" class=\"col medium-6 small-12 large-6\"  >\n\t\t\t\t<div class=\"col-inner\"  >\n\t\t\t\n\t\t\t\n\n\t\t<div class=\"icon-box featured-box icon-box-top text-left\"  >\n\t\t\t\t\t<div class=\"icon-box-img\" style=\"width: 60px\">\n\t\t\t\t<div class=\"icon\">\n\t\t\t\t\t<div class=\"icon-inner\" style=\"color:rgb(0, 0, 0);\">\n\t\t\t\t\t\t\t\t\t\t\t<\/div>\n\t\t\t\t<\/div>\n\t\t\t<\/div>\n\t\t\t\t<div class=\"icon-box-text last-reset\">\n\t\t\t\t\t\t\t\t\t\n\t<div id=\"text-2782042265\" class=\"text\">\n\t\t\n<h3><span style=\"font-size: 120%;\">Development strategy<\/span><\/h3>\n<p><span style=\"font-weight: 400;\">VNU \u2013 HCM Center for Education Accreditation was established on November 22nd, 2013, under Decision No. 5570\/QD-BGD\u0110T. The strategic plan for the 2022-2025 period, with a vision towards 2030, was developed and issued to define its objectives, direction, and sustainable development strategies, aligned with the Center&#8217;s mission, the Party&#8217;s guidelines and policies, state regulations, and the Ministry of Education and Training&#8217;s education quality accreditation plan, contributing to ensuring and enhancing the quality of education in Vietnam.<\/span><br \/>\n\t\t\n<style>\n#text-2782042265 {\n  font-size: 1rem;\n  line-height: 1.6;\n}\n<\/style>\n\t<\/div>\n\t\n\t\t<\/div>\n\t<\/div>\n\t\n\t\n\t\t<\/div>\n\t\t\t\t\n<style>\n#col-1918540677 > .col-inner {\n  padding: 60px 30px 60px 30px;\n}\n@media (min-width:550px) {\n  #col-1918540677 > .col-inner {\n    padding: 200px 30px 200px 30px;\n  }\n}\n@media (min-width:850px) {\n  #col-1918540677 > .col-inner {\n    padding: 200px 40px 200px 0px;\n  }\n}\n<\/style>\n\t<\/div>\n\n\t\n\n\t<div id=\"col-1480236570\" class=\"col medium-6 small-12 large-6\"  >\n\t\t\t\t<div class=\"col-inner dark\"  >\n\t\t\t\n\t\t\t\n\n  <div class=\"banner has-hover bg-col-right-fullwidth\" id=\"banner-1336232651\">\n          <div class=\"banner-inner fill\">\n        <div class=\"banner-bg fill\" >\n            <div class=\"bg fill bg-fill \"><\/div>\n                                    \n                    <\/div>\n\t\t\n        <div class=\"banner-layers container\">\n            <div class=\"fill banner-link\"><\/div>            \n   <div id=\"text-box-575419657\" class=\"text-box banner-layer x50 md-x50 lg-x50 y50 md-y50 lg-y50 res-text\">\n                                <div class=\"text-box-content text dark\">\n              \n              <div class=\"text-inner text-center\">\n                  \n              <\/div>\n           <\/div>\n                            \n<style>\n#text-box-575419657 {\n  width: 60%;\n}\n#text-box-575419657 .text-box-content {\n  font-size: 100%;\n}\n@media (min-width:550px) {\n  #text-box-575419657 {\n    width: 60%;\n  }\n}\n<\/style>\n    <\/div>\n \n        <\/div>\n      <\/div>\n\n              <div class=\"height-fix is-invisible\"><img loading=\"lazy\" decoding=\"async\" width=\"2048\" height=\"1064\" src=\"https:\/\/ceahcm.edu.vn\/wp-content\/uploads\/7-3.jpg\" class=\"attachment-original size-original\" alt=\"H\u1ed9i th\u1ea3o thu h\u00fat \u0111\u00f4ng \u0111\u1ea3o Qu\u00fd Th\u1ea7y C\u00f4 \u0111\u1ebfn t\u1eeb c\u00e1c CSGD tham d\u1ef1\" \/><\/div>\n            \n<style>\n#banner-1336232651 {\n  padding-top: 99.99%;\n}\n#banner-1336232651 .bg.bg-loaded {\n  background-image: url(https:\/\/ceahcm.edu.vn\/wp-content\/uploads\/7-3.jpg);\n}\n#banner-1336232651 .bg {\n  background-position: 54% 34%;\n}\n<\/style>\n  <\/div>\n\n\n\t<div id=\"gap-1500797648\" class=\"gap-element clearfix show-for-small\" style=\"display:block; height:auto;\">\n\t\t\n<style>\n#gap-1500797648 {\n  padding-top: 200px;\n}\n@media (min-width:550px) {\n  #gap-1500797648 {\n    padding-top: 30px;\n  }\n}\n<\/style>\n\t<\/div>\n\t\n\t\t<\/div>\n\t\t\t\t\n<style>\n#col-1480236570 > .col-inner {\n  padding: 80px 45px 90px 0px;\n}\n<\/style>\n\t<\/div>\n\n\t\n<\/div>\n\t\t<\/div>\n\n\t\t\n<style>\n#section_1402507474 {\n  padding-top: 0px;\n  padding-bottom: 0px;\n  min-height: 500px;\n  background-color: #1c1b3b;\n}\n<\/style>\n\t<\/section>\n\t\n\t<section class=\"section pb-0\" id=\"section_900183009\">\n\t\t<div class=\"bg section-bg fill bg-fill  bg-loaded\" >\n\n\t\t\t\n\t\t\t\n\t\t\t\n\n\t\t<\/div>\n\n\t\t\n\n\t\t<div class=\"section-content relative\">\n\t\t\t\n\t<div id=\"text-937969988\" class=\"text\">\n\t\t\n<h3><strong>During the 2022-2025 period, the Center has identified:<br \/>\n<\/strong><\/h3>\n\t\t\n<style>\n#text-937969988 {\n  font-size: 1.55rem;\n  color: rgb(197, 2, 39);\n}\n#text-937969988 > * {\n  color: rgb(197, 2, 39);\n}\n<\/style>\n\t<\/div>\n\t\n\t<div id=\"gap-2021564402\" class=\"gap-element clearfix\" style=\"display:block; height:auto;\">\n\t\t\n<style>\n#gap-2021564402 {\n  padding-top: 30px;\n}\n<\/style>\n\t<\/div>\n\t\n<div class=\"row\"  id=\"row-54872834\">\n\n\t<div id=\"col-1980357352\" class=\"col medium-6 small-12 large-6\"  >\n\t\t\t\t<div class=\"col-inner\"  >\n\t\t\t\n\t\t\t\n\t<div id=\"text-3020067927\" class=\"text\">\n\t\t\n<h3>VISION<\/h3>\n\t\t\n<style>\n#text-3020067927 {\n  line-height: 1;\n}\n<\/style>\n\t<\/div>\n\t\n<div class=\"is-divider divider clearfix\" style=\"max-width:100%;background-color:rgb(197, 2, 39);\"><\/div>\n<p>By 2030, VNU \u2013 HCM Center for Education Accreditation aims to become a reputable and professional educational quality accreditation organization recognized regionally and globally.<\/p>\n\t\t<\/div>\n\t\t\t\t\n<style>\n#col-1980357352 > .col-inner {\n  padding: 0px 15px 0px 15px;\n}\n<\/style>\n\t<\/div>\n\n\t\n\n\t<div id=\"col-1966158356\" class=\"col medium-6 small-12 large-6\"  >\n\t\t\t\t<div class=\"col-inner\"  >\n\t\t\t\n\t\t\t\n\t<div id=\"text-3965049286\" class=\"text\">\n\t\t\n<h3>MISSION<\/h3>\n\t\t\n<style>\n#text-3965049286 {\n  line-height: 1;\n}\n<\/style>\n\t<\/div>\n\t\n<div class=\"is-divider divider clearfix\" style=\"max-width:100%;background-color:rgb(197, 2, 39);\"><\/div>\n<p>VNU \u2013 HCM Center for Education Accreditation is committed to providing professional educational quality accreditation services to contribute to enhancing the quality and effectiveness of education in Vietnam, actively fulfilling its social responsibilities, and serving the community.<\/p>\n\t\t<\/div>\n\t\t\t\t\n<style>\n#col-1966158356 > .col-inner {\n  padding: 0px 15px 0px 15px;\n}\n<\/style>\n\t<\/div>\n\n\t\n\n\t<div id=\"col-1827456651\" class=\"col medium-6 small-12 large-6\"  >\n\t\t\t\t<div class=\"col-inner\"  >\n\t\t\t\n\t\t\t\n\t<div id=\"text-411569155\" class=\"text\">\n\t\t\n<h3>CORE VALUES<\/h3>\n\t\t\n<style>\n#text-411569155 {\n  line-height: 1;\n}\n<\/style>\n\t<\/div>\n\t\n<div class=\"is-divider divider clearfix\" style=\"max-width:100%;background-color:rgb(197, 2, 39);\"><\/div>\n<p>\u201d Objectivity \u2013 Professionalism \u2013 Quality \u2013 Creativity\u201d<\/p>\n\t\t<\/div>\n\t\t\t\t\n<style>\n#col-1827456651 > .col-inner {\n  padding: 0px 15px 0px 15px;\n}\n<\/style>\n\t<\/div>\n\n\t\n\n\t<div id=\"col-584733508\" class=\"col medium-6 small-12 large-6\"  >\n\t\t\t\t<div class=\"col-inner\"  >\n\t\t\t\n\t\t\t\n\t<div id=\"text-3096608622\" class=\"text\">\n\t\t\n<h3>STRATEGIC OBJECTIVES<\/h3>\n\t\t\n<style>\n#text-3096608622 {\n  line-height: 1;\n}\n<\/style>\n\t<\/div>\n\t\n<div class=\"is-divider divider clearfix\" style=\"max-width:100%;background-color:rgb(197, 2, 39);\"><\/div>\n<ul>\n<li>Develop sustainable financial resources<\/li>\n<li>Provide valuable and quality services<\/li>\n<li>Manage and operate effectively<\/li>\n<li>Develop a lean and professional team<\/li>\n<\/ul>\n\t\t<\/div>\n\t\t\t\t\n<style>\n#col-584733508 > .col-inner {\n  padding: 0px 15px 0px 15px;\n}\n<\/style>\n\t<\/div>\n\n\t\n\n\t<div id=\"col-1134041175\" class=\"col small-12 large-12\"  >\n\t\t\t\t<div class=\"col-inner\"  >\n\t\t\t\n\t\t\t\n<div class=\"is-divider divider clearfix\" style=\"max-width:100%;background-color:rgb(28, 27, 59);\"><\/div>\n<div class=\"row\"  id=\"row-1962822619\">\n\n\t<div id=\"col-2134770258\" class=\"col medium-6 small-12 large-6\"  >\n\t\t\t\t<div class=\"col-inner\"  >\n\t\t\t\n\t\t\t\n<p>The strategic plan for the 2022-2025 period (reviewed and updated in 2023)<\/p>\n\t\t<\/div>\n\t\t\t\t\t<\/div>\n\n\t\n\n\t<div id=\"col-42065342\" class=\"col medium-4 small-12 large-4\"  >\n\t\t\t\t<div class=\"col-inner\"  >\n\t\t\t\n\t\t\t\n<a class=\"button primary\"  >\n    <span>view here<\/span>\n  <\/a>\n\n\t\t<\/div>\n\t\t\t\t\t<\/div>\n\n\t\n<\/div>\n<div class=\"row\"  id=\"row-382156885\">\n\n\t<div id=\"col-1163306932\" class=\"col medium-6 small-12 large-6\"  >\n\t\t\t\t<div class=\"col-inner\"  >\n\t\t\t\n\t\t\t\n<p>The strategic plan for the 2022-2025 period<\/p>\n\t\t<\/div>\n\t\t\t\t\t<\/div>\n\n\t\n\n\t<div id=\"col-1895447216\" class=\"col medium-4 small-12 large-4\"  >\n\t\t\t\t<div class=\"col-inner\"  >\n\t\t\t\n\t\t\t\n<a class=\"button primary\"  >\n    <span>view here<\/span>\n  <\/a>\n\n\t\t<\/div>\n\t\t\t\t\t<\/div>\n\n\t\n<\/div>\n\t\t<\/div>\n\t\t\t\t\n<style>\n#col-1134041175 > .col-inner {\n  padding: 0px 15px 0px 15px;\n}\n<\/style>\n\t<\/div>\n\n\t\n<\/div>\n\t\t<\/div>\n\n\t\t\n<style>\n#section_900183009 {\n  padding-top: 60px;\n  padding-bottom: 60px;\n}\n<\/style>\n\t<\/section>\n\t\n","protected":false},"excerpt":{"rendered":"","protected":false},"author":1,"featured_media":0,"parent":561,"menu_order":0,"comment_status":"closed","ping_status":"closed","template":"","meta":{"footnotes":""},"class_list":["post-1288","page","type-page","status-publish","hentry"],"acf":[],"_links":{"self":[{"href":"https:\/\/ceahcm.edu.vn\/en\/wp-json\/wp\/v2\/pages\/1288","targetHints":{"allow":["GET"]}}],"collection":[{"href":"https:\/\/ceahcm.edu.vn\/en\/wp-json\/wp\/v2\/pages"}],"about":[{"href":"https:\/\/ceahcm.edu.vn\/en\/wp-json\/wp\/v2\/types\/page"}],"author":[{"embeddable":true,"href":"https:\/\/ceahcm.edu.vn\/en\/wp-json\/wp\/v2\/users\/1"}],"replies":[{"embeddable":true,"href":"https:\/\/ceahcm.edu.vn\/en\/wp-json\/wp\/v2\/comments?post=1288"}],"version-history":[{"count":8,"href":"https:\/\/ceahcm.edu.vn\/en\/wp-json\/wp\/v2\/pages\/1288\/revisions"}],"predecessor-version":[{"id":6783,"href":"https:\/\/ceahcm.edu.vn\/en\/wp-json\/wp\/v2\/pages\/1288\/revisions\/6783"}],"up":[{"embeddable":true,"href":"https:\/\/ceahcm.edu.vn\/en\/wp-json\/wp\/v2\/pages\/561"}],"wp:attachment":[{"href":"https:\/\/ceahcm.edu.vn\/en\/wp-json\/wp\/v2\/media?parent=1288"}],"curies":[{"name":"wp","href":"https:\/\/api.w.org\/{rel}","templated":true}]}}