{"id":1324,"date":"2024-06-04T05:10:26","date_gmt":"2024-06-03T22:10:26","guid":{"rendered":"https:\/\/ceavnuhcmeduvn139.mbws.vn\/kiem-dinh-clgd\/chi-phi-2\/"},"modified":"2024-08-08T14:27:17","modified_gmt":"2024-08-08T07:27:17","slug":"accreditation-cost","status":"publish","type":"page","link":"https:\/\/ceahcm.edu.vn\/en\/education-accreditation\/accreditation-cost\/","title":{"rendered":"Accreditation cost"},"content":{"rendered":"\t<section class=\"section top-gradient bottom-gradient\" id=\"section_1368629441\">\n\t\t<div class=\"bg section-bg fill bg-fill  \" >\n\n\t\t\t\n\t\t\t<div class=\"section-bg-overlay absolute fill\"><\/div>\n\t\t\t\n\n\t\t<\/div>\n\n\t\t\n\n\t\t<div class=\"section-content relative\">\n\t\t\t\n<div class=\"row row-collapse\"  id=\"row-600289767\">\n\n\t<div id=\"col-1812292675\" class=\"col small-12 large-12\"  >\n\t\t\t\t<div class=\"col-inner\"  >\n\t\t\t\n\t\t\t\n  <div id=\"page-header-1916544539\" class=\"page-header-wrapper\">\n  <div class=\"page-title dark simple-title\">\n\n    \n    <div class=\"page-title-inner container align-bottom flex-row medium-flex-wrap\" >\n              <div class=\"title-wrapper is-larger flex-col text-left medium-text-center\">\n          <h1 class=\"entry-title mb-0\">\n            Costs          <\/h1>\n        <\/div>\n                    <div class=\"title-content flex-col flex-right text-right medium-text-center\">\n        <div class=\"title-breadcrumbs pb-half pt-half\"><\/div>      <\/div>\n    <\/div>\n\n     \n<style>\n#page-header-1916544539 .title-bg {\n  background-position: 53% 20%;\n}\n<\/style>\n  <\/div>\n    <\/div>\n  \n\t\t<\/div>\n\t\t\t\t\n<style>\n#col-1812292675 > .col-inner {\n  padding: 340px 0px 0px 0px;\n}\n<\/style>\n\t<\/div>\n\n\t\n<\/div>\n\t\t<\/div>\n\n\t\t\n<style>\n#section_1368629441 {\n  padding-top: 0px;\n  padding-bottom: 0px;\n  min-height: 560px;\n}\n#section_1368629441 .section-bg-overlay {\n  background-color: rgba(0, 0, 0, 0.331);\n}\n#section_1368629441 .section-bg.bg-loaded {\n  background-image: url(https:\/\/ceahcm.edu.vn\/wp-content\/uploads\/IMG_-378-1-scaled.jpg);\n}\n#section_1368629441 .section-bg {\n  background-position: 52% 0%;\n}\n<\/style>\n\t<\/section>\n\t\n\t<section class=\"section\" id=\"section_1784285477\">\n\t\t<div class=\"bg section-bg fill bg-fill  bg-loaded\" >\n\n\t\t\t\n\t\t\t\n\t\t\t\n\n\t\t<\/div>\n\n\t\t\n\n\t\t<div class=\"section-content relative\">\n\t\t\t\n<div class=\"row\"  id=\"row-30420525\">\n\n\t<div id=\"col-1830282796\" class=\"col small-12 large-12\"  >\n\t\t\t\t<div class=\"col-inner\"  >\n\t\t\t\n\t\t\t\n\t<div id=\"text-4127719483\" class=\"text\">\n\t\t\n<h1><b>Principles of cost estimation for education quality accreditation<\/b><\/h1>\n\t\t\n<style>\n#text-4127719483 {\n  color: rgb(197, 2, 39);\n}\n#text-4127719483 > * {\n  color: rgb(197, 2, 39);\n}\n<\/style>\n\t<\/div>\n\t\n<p><span style=\"font-weight: 400;\">Costs for inspection activities include 3 basic costs corresponding to 3 stages: Appraisal of self-assessment reports, External assessment and Accreditation. Principles for estimating the cost of education quality accreditation at the educational establishment level and training program level are as follows. For specific cost data, suitable for your school&#8217;s actual situation, please contact the Accreditation Center.<\/span><\/p>\n\t\t<\/div>\n\t\t\t\t\t<\/div>\n\n\t\n\n<style>\n#row-30420525 > .col > .col-inner {\n  padding: 0px 0px 50px 0px;\n}\n<\/style>\n<\/div>\n<div class=\"row align-equal align-center mbws-price-table\"  id=\"row-1759968268\">\n\n\t<div id=\"col-998898825\" class=\"col medium-4 small-12 large-4\"  >\n\t\t\t\t<div class=\"col-inner text-center\"  >\n\t\t\t\n\t\t\t\n<div class=\"row row-collapse\"  id=\"row-1098403548\">\n\n\t<div id=\"col-280031732\" class=\"col small-12 large-12\"  >\n\t\t\t\t<div class=\"col-inner text-center dark\" style=\"background-color:rgb(62, 62, 62);\" >\n\t\t\t\n\t\t\t\n\n<p><i class=\"fa fa-lightbulb-o\" style=\"font-size: 4rem;\"><\/i><br \/>\n\n\t<div id=\"gap-412869027\" class=\"gap-element clearfix\" style=\"display:block; height:auto;\">\n\t\t\n<style>\n#gap-412869027 {\n  padding-top: 10px;\n}\n<\/style>\n\t<\/div>\n\t\n<h1>Cost of Appraisal of Self-Assessment Report (G\u0111g)<\/h1>\n\t\t<\/div>\n\t\t\t\t\n<style>\n#col-280031732 > .col-inner {\n  padding: 50px 0px 30px 0px;\n}\n<\/style>\n\t<\/div>\n\n\t\n<\/div>\n\t<div id=\"text-21168136\" class=\"text price\">\n\t\t\n<p>Gt\u0111 = D x Nt\u0111 x Ktr + Gqlt\u0111<br \/>\n\t\t\n<style>\n#text-21168136 {\n  font-size: 2rem;\n  text-align: center;\n}\n<\/style>\n\t<\/div>\n\t\n<div class=\"row row-collapse\"  id=\"row-198527921\">\n\n\t<div id=\"col-1741382487\" class=\"col small-12 large-12\"  >\n\t\t\t\t<div class=\"col-inner text-center dark\"  >\n\t\t\t\n\t\t\t\n\t<div id=\"gap-1574320028\" class=\"gap-element clearfix\" style=\"display:block; height:auto;\">\n\t\t\n<style>\n#gap-1574320028 {\n  padding-top: 10px;\n}\n<\/style>\n\t<\/div>\n\t\n\t<div id=\"text-2048162143\" class=\"text\">\n\t\t\n<p><i><span style=\"font-weight: 400;\">In there:<br \/>\n<\/span><\/i><\/p>\n<ul>\n<li><span style=\"font-weight: 400;\">D:\u00a0 \u00a0 \u00a0 Workday remuneration norms \u00a0<\/span><\/li>\n<li><span style=\"font-weight: 400;\">N<\/span><span style=\"font-weight: 400;\">t\u0111<\/span><span style=\"font-weight: 400;\">: \u00a0 Number of working days to evaluate the Self-Assessment Report \u00a0<\/span><\/li>\n<li><span style=\"font-weight: 400;\">K<\/span><span style=\"font-weight: 400;\">tr<\/span><span style=\"font-weight: 400;\">:\u00a0 \u00a0 Coefficient according to the number of pages of the Self-Assessment Report, equal to 1 (up to 100 pages), + 0.02 (for each additional 10 pages)<\/span><\/li>\n<li><span style=\"font-weight: 400;\">G<\/span><span style=\"font-weight: 400;\">qlt\u0111<\/span><span style=\"font-weight: 400;\">: Cost of managing the appraisal process<\/span><\/li>\n<\/ul>\n\t\t\n<style>\n#text-2048162143 {\n  text-align: left;\n  color: rgb(0,0,0);\n}\n#text-2048162143 > * {\n  color: rgb(0,0,0);\n}\n<\/style>\n\t<\/div>\n\t\n<a class=\"button primary\"  style=\"border-radius:99px;padding:10px 30px 10px 30px;\">\n    <span>Find out more<\/span>\n  <\/a>\n\n\t\t<\/div>\n\t\t\t\t\n<style>\n#col-1741382487 > .col-inner {\n  padding: 30px 0px 30px 0px;\n}\n<\/style>\n\t<\/div>\n\n\t\n<\/div>\n\t\t<\/div>\n\t\t\t\t\t<\/div>\n\n\t\n\n\t<div id=\"col-2022294007\" class=\"col medium-4 small-12 large-4\"  >\n\t\t\t\t<div class=\"col-inner text-center\"  >\n\t\t\t\n\t\t\t\n<div class=\"row row-collapse\"  id=\"row-787942102\">\n\n\t<div id=\"col-1062193624\" class=\"col small-12 large-12\"  >\n\t\t\t\t<div class=\"col-inner text-center dark\" style=\"background-color:rgb(197, 2, 39);\" >\n\t\t\t\n\t\t\t\n\n<p><i class=\"fa fa-codepen\" style=\"font-size: 4rem;\"><\/i><br \/>\n\n\t<div id=\"gap-689768030\" class=\"gap-element clearfix\" style=\"display:block; height:auto;\">\n\t\t\n<style>\n#gap-689768030 {\n  padding-top: 10px;\n}\n<\/style>\n\t<\/div>\n\t\n<h1>External Evaluation Costs (G\u0111g)<\/h1>\n\t\t<\/div>\n\t\t\t\t\n<style>\n#col-1062193624 > .col-inner {\n  padding: 50px 0px 30px 0px;\n}\n<\/style>\n\t<\/div>\n\n\t\n<\/div>\n\t<div id=\"text-1639785613\" class=\"text price\">\n\t\t\n<p>G\u0111g = D x N\u0111gn x Kqm x Kkc x Kcs + Gctp\u0111g + Gql\u0111g<br \/>\n\t\t\n<style>\n#text-1639785613 {\n  font-size: 2rem;\n  text-align: center;\n}\n<\/style>\n\t<\/div>\n\t\n<div class=\"row row-collapse\"  id=\"row-1989700703\">\n\n\t<div id=\"col-1736605234\" class=\"col small-12 large-12\"  >\n\t\t\t\t<div class=\"col-inner text-center dark\"  >\n\t\t\t\n\t\t\t\n\t<div id=\"gap-422405759\" class=\"gap-element clearfix\" style=\"display:block; height:auto;\">\n\t\t\n<style>\n#gap-422405759 {\n  padding-top: 10px;\n}\n<\/style>\n\t<\/div>\n\t\n\t<div id=\"text-1310882653\" class=\"text\">\n\t\t\n<p><i><span style=\"font-weight: 400;\">In there:<\/span><\/i><\/p>\n<ul>\n<li><span style=\"font-weight: 400;\">D: \u00a0 \u00a0 \u00a0 Workday remuneration norms \u00a0 <\/span><\/li>\n<li><span style=\"font-weight: 400;\">N<\/span><span style=\"font-weight: 400;\">\u0111gn<\/span><span style=\"font-weight: 400;\">:\u00a0 Number of working days for the external assessment process<br \/>\n<\/span><\/li>\n<li><span style=\"font-weight: 400;\">K<\/span><span style=\"font-weight: 400;\">qm<\/span><span style=\"font-weight: 400;\"> :\u00a0 Training scale coefficient (according to the number of converted students)<\/span><\/li>\n<li><span style=\"font-weight: 400;\">K<\/span><span style=\"font-weight: 400;\">kc<\/span><span style=\"font-weight: 400;\">:\u00a0 \u00a0 Distance coefficient (according to the distance between the survey location and the Inspection Center)<\/span><\/li>\n<li><span style=\"font-weight: 400;\">K<\/span><span style=\"font-weight: 400;\">cs<\/span><span style=\"font-weight: 400;\">:\u00a0 \u00a0Facility coefficient (according to number of establishments and branches)<\/span><\/li>\n<li><span style=\"font-weight: 400;\">G<\/span><span style=\"font-weight: 400;\">ctp\u0111g<\/span><span style=\"font-weight: 400;\">:Working expenses of the external assessment team (travel, meals, accommodation)<\/span><\/li>\n<li><span style=\"font-weight: 400;\">G<\/span><span style=\"font-weight: 400;\">ql\u0111g<\/span><span style=\"font-weight: 400;\">:\u00a0 Cost of managing the external assessment process<br \/>\n<\/span><\/li>\n<\/ul>\n\t\t\n<style>\n#text-1310882653 {\n  text-align: left;\n  color: rgb(0,0,0);\n}\n#text-1310882653 > * {\n  color: rgb(0,0,0);\n}\n<\/style>\n\t<\/div>\n\t\n<a class=\"button primary\"  style=\"border-radius:99px;padding:10px 30px 10px 30px;\">\n    <span>Find out more<\/span>\n  <\/a>\n\n\t\t<\/div>\n\t\t\t\t\n<style>\n#col-1736605234 > .col-inner {\n  padding: 30px 0px 30px 0px;\n}\n<\/style>\n\t<\/div>\n\n\t\n<\/div>\n\t\t<\/div>\n\t\t\t\t\n<style>\n#col-2022294007 > .col-inner {\n  margin: -30px 0px 0px 0px;\n}\n<\/style>\n\t<\/div>\n\n\t\n\n\t<div id=\"col-1150767202\" class=\"col medium-4 small-12 large-4\"  >\n\t\t\t\t<div class=\"col-inner text-center\"  >\n\t\t\t\n\t\t\t\n<div class=\"row row-collapse\"  id=\"row-1960776686\">\n\n\t<div id=\"col-1012775049\" class=\"col small-12 large-12\"  >\n\t\t\t\t<div class=\"col-inner text-center dark\" style=\"background-color:rgb(62, 62, 62);\" >\n\t\t\t\n\t\t\t\n\n<p><i class=\"fa fa-connectdevelop\" style=\"font-size: 4rem;\"><\/i><br \/>\n\n\t<div id=\"gap-902801275\" class=\"gap-element clearfix\" style=\"display:block; height:auto;\">\n\t\t\n<style>\n#gap-902801275 {\n  padding-top: 10px;\n}\n<\/style>\n\t<\/div>\n\t\n<h1>Recognition Costs<br \/>\n(Gcn)<\/h1>\n\t\t<\/div>\n\t\t\t\t\n<style>\n#col-1012775049 > .col-inner {\n  padding: 50px 0px 30px 0px;\n}\n<\/style>\n\t<\/div>\n\n\t\n<\/div>\n\t<div id=\"text-3251503057\" class=\"text price\">\n\t\t\n<p>Gcn = D x Ncn + Gctpcn + Gqlcn<br \/>\n\t\t\n<style>\n#text-3251503057 {\n  font-size: 2rem;\n  text-align: center;\n}\n<\/style>\n\t<\/div>\n\t\n<div class=\"row row-collapse\"  id=\"row-38933626\">\n\n\t<div id=\"col-126100453\" class=\"col small-12 large-12\"  >\n\t\t\t\t<div class=\"col-inner text-center dark\"  >\n\t\t\t\n\t\t\t\n\t<div id=\"text-4098434390\" class=\"text\">\n\t\t\n<p><i><span style=\"font-weight: 400;\">In there<\/span><\/i><\/p>\n<ul>\n<li><span style=\"font-weight: 400;\">D: \u00a0 \u00a0 \u00a0 \u00a0 Workday remuneration norms \u00a0\u00a0<\/span><\/li>\n<li><span style=\"font-weight: 400;\">N<\/span><span style=\"font-weight: 400;\">cn<\/span><span style=\"font-weight: 400;\">:\u00a0 \u00a0 Number of work days for the council meeting process<\/span><\/li>\n<li><span style=\"font-weight: 400;\">G<\/span><span style=\"font-weight: 400;\">ctpcn<\/span><span style=\"font-weight: 400;\">: Business trip fee for awarding certificate (if any)<\/span><\/li>\n<li><span style=\"font-weight: 400;\">G<\/span><span style=\"font-weight: 400;\">qlcn<\/span><span style=\"font-weight: 400;\">:\u00a0 Cost of managing the accreditation process<\/span><\/li>\n<\/ul>\n\t\t\n<style>\n#text-4098434390 {\n  text-align: left;\n  color: rgb(0,0,0);\n}\n#text-4098434390 > * {\n  color: rgb(0,0,0);\n}\n<\/style>\n\t<\/div>\n\t\n\t<div id=\"gap-1688560036\" class=\"gap-element clearfix\" style=\"display:block; height:auto;\">\n\t\t\n<style>\n#gap-1688560036 {\n  padding-top: 10px;\n}\n<\/style>\n\t<\/div>\n\t\n<a class=\"button primary\"  style=\"border-radius:99px;padding:10px 30px 10px 30px;\">\n    <span>Find out more<\/span>\n  <\/a>\n\n\t\t<\/div>\n\t\t\t\t\n<style>\n#col-126100453 > .col-inner {\n  padding: 30px 0px 30px 0px;\n}\n<\/style>\n\t<\/div>\n\n\t\n<\/div>\n\t\t<\/div>\n\t\t\t\t\t<\/div>\n\n\t\n\n<style>\n#row-1759968268 > .col > .col-inner {\n  background-color: rgb(255,255,255);\n}\n<\/style>\n<\/div>\n\t<div id=\"text-51748529\" class=\"text\">\n\t\t\n<p><span style=\"font-weight: 400;\">To get specific cost data, suitable for your school&#8217;s actual situation, please contact the Accreditation Center directly:<\/span><\/p>\n<p><span style=\"font-weight: 400;\">\u00a0\u00a0\u00a0\u00a0\u00a0\u00a0Software Technology Park, National University-HCM, Linh Trung Ward, Thu Duc City, Ho Chi Minh City.<\/span><\/p>\n<p><span style=\"font-weight: 400;\">\u00a0\u00a0\u00a0\u00a0\u00a0\u00a0Phone: (84.28) 3724 4410\u00a0 \u00a0 \u00a0 \u00a0 Email: ttkiemdinh@vnuhcm.edu.vn<\/span><\/p>\n\t\t\n<style>\n#text-51748529 {\n  font-size: 1.4rem;\n  text-align: left;\n  color: rgb(0,0,0);\n}\n#text-51748529 > * {\n  color: rgb(0,0,0);\n}\n<\/style>\n\t<\/div>\n\t\n\t\t<\/div>\n\n\t\t\n<style>\n#section_1784285477 {\n  padding-top: 100px;\n  padding-bottom: 100px;\n  background-color: rgb(230, 230, 230);\n}\n<\/style>\n\t<\/section>\n\t\n","protected":false},"excerpt":{"rendered":"","protected":false},"author":1,"featured_media":0,"parent":1323,"menu_order":0,"comment_status":"closed","ping_status":"closed","template":"","meta":{"footnotes":""},"class_list":["post-1324","page","type-page","status-publish","hentry"],"acf":[],"_links":{"self":[{"href":"https:\/\/ceahcm.edu.vn\/en\/wp-json\/wp\/v2\/pages\/1324","targetHints":{"allow":["GET"]}}],"collection":[{"href":"https:\/\/ceahcm.edu.vn\/en\/wp-json\/wp\/v2\/pages"}],"about":[{"href":"https:\/\/ceahcm.edu.vn\/en\/wp-json\/wp\/v2\/types\/page"}],"author":[{"embeddable":true,"href":"https:\/\/ceahcm.edu.vn\/en\/wp-json\/wp\/v2\/users\/1"}],"replies":[{"embeddable":true,"href":"https:\/\/ceahcm.edu.vn\/en\/wp-json\/wp\/v2\/comments?post=1324"}],"version-history":[{"count":8,"href":"https:\/\/ceahcm.edu.vn\/en\/wp-json\/wp\/v2\/pages\/1324\/revisions"}],"predecessor-version":[{"id":2905,"href":"https:\/\/ceahcm.edu.vn\/en\/wp-json\/wp\/v2\/pages\/1324\/revisions\/2905"}],"up":[{"embeddable":true,"href":"https:\/\/ceahcm.edu.vn\/en\/wp-json\/wp\/v2\/pages\/1323"}],"wp:attachment":[{"href":"https:\/\/ceahcm.edu.vn\/en\/wp-json\/wp\/v2\/media?parent=1324"}],"curies":[{"name":"wp","href":"https:\/\/api.w.org\/{rel}","templated":true}]}}