{"id":1440,"date":"2024-06-04T05:33:18","date_gmt":"2024-06-03T22:33:18","guid":{"rendered":"https:\/\/ceavnuhcmeduvn139.mbws.vn\/dbcl\/quy-trinh\/"},"modified":"2025-10-15T08:36:41","modified_gmt":"2025-10-15T01:36:41","slug":"process","status":"publish","type":"page","link":"https:\/\/ceahcm.edu.vn\/en\/dbcl\/process\/","title":{"rendered":"Process"},"content":{"rendered":"<ol>\n<li><a href=\"https:\/\/ceahcm.edu.vn\/wp-content\/uploads\/QT.TTKDHCM.31-DV.pdf\">Quy tr\u00ecnh s\u1ed1 QT.TTK\u0110HCM.31-DV ng\u00e0y 03\/11\/2020 Quy tr\u00ecnh Th\u1ea9m \u0111\u1ecbnh b\u00e1o c\u00e1o t\u1ef1 \u0111\u00e1nh gi\u00e1<\/a><\/li>\n<li><a href=\"https:\/\/ceahcm.edu.vn\/wp-content\/uploads\/QT.TTKDHCM.31-DV_02.00.pdf\">Quy tr\u00ecnh s\u1ed1 QT.TTK\u0110HCM.31-DV ng\u00e0y 29\/11\/2024 Quy tr\u00ecnh Th\u1ea9m \u0111\u1ecbnh b\u00e1o c\u00e1o t\u1ef1 \u0111\u00e1nh gi\u00e1 (Phi\u00ean b\u1ea3n 002)<\/a><\/li>\n<li><a href=\"https:\/\/ceahcm.edu.vn\/wp-content\/uploads\/QT.TTKDHCM.32-DV.pdf\">Quy tr\u00ecnh s\u1ed1 QT.TTK\u0110HCM.32-DV ng\u00e0y 03\/11\/2020 Quy tr\u00ecnh \u0110\u00e1nh gi\u00e1 ngo\u00e0i<\/a><\/li>\n<li><a href=\"https:\/\/ceahcm.edu.vn\/wp-content\/uploads\/QT.TTKDHCM.32-DV_02.00.pdf\">Quy tr\u00ecnh s\u1ed1 QT.TTK\u0110HCM.32-DV ng\u00e0y 29\/11\/2024 Quy tr\u00ecnh \u0110\u00e1nh gi\u00e1 ngo\u00e0i (Phi\u00ean b\u1ea3n 002)<\/a><\/li>\n<li><a href=\"https:\/\/ceahcm.edu.vn\/wp-content\/uploads\/QT.TTKDHCM.33-DV.pdf\">Quy tr\u00ecnh s\u1ed1 QT.TTK\u0110HCM.33-DV ng\u00e0y 03\/11\/2020 Quy tr\u00ecnh Th\u1ea9m \u0111\u1ecbnh v\u00e0 c\u00f4ng nh\u1eadn k\u1ebft qu\u1ea3 \u0111\u00e1nh gi\u00e1 ch\u1ea5t l\u01b0\u1ee3ng<\/a><\/li>\n<li><a href=\"https:\/\/ceahcm.edu.vn\/wp-content\/uploads\/QT.TTKDHCM.33-DV_02.00.pdf\">Quy tr\u00ecnh s\u1ed1 QT.TTK\u0110HCM.33-DV ng\u00e0y 29\/11\/2024 Quy tr\u00ecnh Th\u1ea9m \u0111\u1ecbnh v\u00e0 c\u00f4ng nh\u1eadn k\u1ebft qu\u1ea3 \u0111\u00e1nh gi\u00e1 ch\u1ea5t l\u01b0\u1ee3ng (Phi\u00ean b\u1ea3n 002)<\/a><\/li>\n<\/ol>\n<p>&nbsp;<\/p>\n","protected":false},"excerpt":{"rendered":"<p>Quy tr\u00ecnh s\u1ed1 QT.TTK\u0110HCM.31-DV ng\u00e0y 03\/11\/2020 Quy tr\u00ecnh Th\u1ea9m \u0111\u1ecbnh b\u00e1o c\u00e1o t\u1ef1 \u0111\u00e1nh gi\u00e1 Quy tr\u00ecnh s\u1ed1 QT.TTK\u0110HCM.31-DV ng\u00e0y 29\/11\/2024 Quy tr\u00ecnh Th\u1ea9m \u0111\u1ecbnh b\u00e1o c\u00e1o t\u1ef1 \u0111\u00e1nh gi\u00e1 [&#8230;]\n","protected":false},"author":1,"featured_media":0,"parent":1438,"menu_order":0,"comment_status":"closed","ping_status":"closed","template":"","meta":{"footnotes":""},"class_list":["post-1440","page","type-page","status-publish","hentry"],"acf":[],"_links":{"self":[{"href":"https:\/\/ceahcm.edu.vn\/en\/wp-json\/wp\/v2\/pages\/1440","targetHints":{"allow":["GET"]}}],"collection":[{"href":"https:\/\/ceahcm.edu.vn\/en\/wp-json\/wp\/v2\/pages"}],"about":[{"href":"https:\/\/ceahcm.edu.vn\/en\/wp-json\/wp\/v2\/types\/page"}],"author":[{"embeddable":true,"href":"https:\/\/ceahcm.edu.vn\/en\/wp-json\/wp\/v2\/users\/1"}],"replies":[{"embeddable":true,"href":"https:\/\/ceahcm.edu.vn\/en\/wp-json\/wp\/v2\/comments?post=1440"}],"version-history":[{"count":2,"href":"https:\/\/ceahcm.edu.vn\/en\/wp-json\/wp\/v2\/pages\/1440\/revisions"}],"predecessor-version":[{"id":6804,"href":"https:\/\/ceahcm.edu.vn\/en\/wp-json\/wp\/v2\/pages\/1440\/revisions\/6804"}],"up":[{"embeddable":true,"href":"https:\/\/ceahcm.edu.vn\/en\/wp-json\/wp\/v2\/pages\/1438"}],"wp:attachment":[{"href":"https:\/\/ceahcm.edu.vn\/en\/wp-json\/wp\/v2\/media?parent=1440"}],"curies":[{"name":"wp","href":"https:\/\/api.w.org\/{rel}","templated":true}]}}