{"id":552,"date":"2024-01-09T08:22:32","date_gmt":"2024-01-09T08:22:32","guid":{"rendered":"https:\/\/ceavnuhcmeduvn139.mbws.vn\/khoa\/"},"modified":"2024-05-30T17:38:58","modified_gmt":"2024-05-30T10:38:58","slug":"khoa","status":"publish","type":"page","link":"https:\/\/ceahcm.edu.vn\/en\/khoa\/","title":{"rendered":"Department"},"content":{"rendered":"\t<section class=\"section top-gradient bottom-gradient\" id=\"section_211516581\">\n\t\t<div class=\"bg section-bg fill bg-fill  \" >\n\n\t\t\t\n\t\t\t<div class=\"section-bg-overlay absolute fill\"><\/div>\n\t\t\t\n\n\t\t<\/div>\n\n\t\t\n\n\t\t<div class=\"section-content relative\">\n\t\t\t\n<div class=\"row row-collapse\"  id=\"row-1513788469\">\n\n\t<div id=\"col-1698614574\" class=\"col small-12 large-12\"  >\n\t\t\t\t<div class=\"col-inner\"  >\n\t\t\t\n\t\t\t\n  <div id=\"page-header-1630931664\" class=\"page-header-wrapper\">\n  <div class=\"page-title dark simple-title\">\n\n    \n    <div class=\"page-title-inner container align-bottom flex-row medium-flex-wrap\" >\n              <div class=\"title-wrapper is-larger flex-col text-left medium-text-center\">\n          <h1 class=\"entry-title mb-0\">\n            Ti\u1ebfng Anh          <\/h1>\n        <\/div>\n                <div class=\"page-title-sub op-7 flex-col ml medium-text-center\">\n          <p class=\"lead\">Khoa<\/p>\n        <\/div>\n                    <div class=\"title-content flex-col flex-right text-right medium-text-center\">\n        <div class=\"title-breadcrumbs pb-half pt-half\"><\/div>      <\/div>\n    <\/div>\n\n     \n<style>\n#page-header-1630931664 .title-bg {\n  background-position: 53% 20%;\n}\n<\/style>\n  <\/div>\n    <\/div>\n  \n\t\t<\/div>\n\t\t\t\t\n<style>\n#col-1698614574 > .col-inner {\n  padding: 40px 0px 0px 0px;\n}\n@media (min-width:550px) {\n  #col-1698614574 > .col-inner {\n    padding: 100px 0px 0px 0px;\n  }\n}\n@media (min-width:850px) {\n  #col-1698614574 > .col-inner {\n    padding: 340px 0px 0px 0px;\n  }\n}\n<\/style>\n\t<\/div>\n\n\t\n<\/div>\n\t\t<\/div>\n\n\t\t\n<style>\n#section_211516581 {\n  padding-top: 0px;\n  padding-bottom: 0px;\n  min-height: 300px;\n}\n#section_211516581 .section-bg-overlay {\n  background-color: rgba(0, 0, 0, 0.703);\n}\n#section_211516581 .section-bg.bg-loaded {\n  background-image: url(https:\/\/ceahcm.edu.vn\/wp-content\/uploads\/shutterstock_177301904.jpg);\n}\n#section_211516581 .section-bg {\n  background-position: 52% 0%;\n}\n@media (min-width:550px) {\n  #section_211516581 {\n    min-height: 400px;\n  }\n  #section_211516581 .section-bg-overlay {\n    background-color: rgba(0, 0, 0, 0.599);\n  }\n}\n@media (min-width:850px) {\n  #section_211516581 {\n    min-height: 700px;\n  }\n  #section_211516581 .section-bg-overlay {\n    background-color: rgba(0, 0, 0, 0.331);\n  }\n}\n<\/style>\n\t<\/section>\n\t\n\t<section class=\"section\" id=\"section_2076217631\">\n\t\t<div class=\"bg section-bg fill bg-fill  bg-loaded\" >\n\n\t\t\t\n\t\t\t\n\t\t\t\n\n\t\t<\/div>\n\n\t\t\n\n\t\t<div class=\"section-content relative\">\n\t\t\t\n<div class=\"row\"  id=\"row-1511027666\">\n\n\t<div id=\"col-1842819601\" class=\"col medium-8 small-12 large-8\"  >\n\t\t\t\t<div class=\"col-inner\"  >\n\t\t\t\n\t\t\t\n\t<div class=\"img has-hover x md-x lg-x y md-y lg-y\" id=\"image_1465663712\">\n\t\t\t\t\t\t\t\t<div class=\"img-inner image-cover dark\" style=\"padding-top:50%;\">\n\t\t\t<img loading=\"lazy\" decoding=\"async\" width=\"2000\" height=\"1333\" src=\"https:\/\/ceahcm.edu.vn\/wp-content\/uploads\/shutterstock_726926179.jpg\" class=\"attachment-original size-original\" alt=\"\" \/>\t\t\t\t\t\t\n\t\t\t\t\t<\/div>\n\t\t\t\t\t\t\t\t\n<style>\n#image_1465663712 {\n  width: 100%;\n}\n<\/style>\n\t<\/div>\n\t\n<h2>Ti\u1ebfng Anh<\/h2>\n<p>Sinh vi\u00ean c\u0169ng c\u00f3 th\u1ec3 tham gia C\u00e2u l\u1ea1c b\u1ed9 Ngh\u1ec7 thu\u1eadt Kingsters. Ch\u00fang t\u00f4i g\u1eb7p nhau m\u1ed7i th\u00e1ng m\u1ed9t l\u1ea7n v\u00e0 c\u00f3 &#8220;h\u1ed9i th\u1ea3o m\u1edf&#8221; m\u1ed9t ng\u00e0y m\u1ed9t tu\u1ea7n, sau gi\u1edd h\u1ecdc.<\/p>\n<p>Ch\u00e0o m\u1eebng b\u1ea1n \u0111\u1ebfn v\u1edbi trang Khoa Ngh\u1ec7 thu\u1eadt c\u1ee7a Kingsters. Th\u00f4ng qua c\u00e1c trang n\u00e0y, ch\u00fang t\u00f4i hy v\u1ecdng s\u1ebd cung c\u1ea5p cho b\u1ea1n m\u1ed9t c\u00e1i nh\u00ecn t\u1ed5ng quan ng\u1eafn g\u1ecdn v\u1ec1 c\u00e1c gi\u1ea3ng vi\u00ean, kh\u00f3a h\u1ecdc v\u00e0 t\u00e1c ph\u1ea9m ngh\u1ec7 thu\u1eadt c\u1ee7a Kingsters Art.<\/p>\n<p><span style=\"color: #555555; font-size: 14.4px;\">K\u1ebf to\u00e1n c\u00f3 th\u1ec3 \u0111\u01b0\u1ee3c chia th\u00e0nh nhi\u1ec1u l\u0129nh v\u1ef1c bao g\u1ed3m k\u1ebf to\u00e1n t\u00e0i ch\u00ednh, k\u1ebf to\u00e1n qu\u1ea3n tr\u1ecb, ki\u1ec3m to\u00e1n b\u00ean ngo\u00e0i, k\u1ebf to\u00e1n thu\u1ebf v\u00e0 k\u1ebf to\u00e1n chi ph\u00ed. H\u1ec7 th\u1ed1ng th\u00f4ng tin k\u1ebf to\u00e1n \u0111\u01b0\u1ee3c thi\u1ebft k\u1ebf \u0111\u1ec3 h\u1ed7 tr\u1ee3 ch\u1ee9c n\u0103ng k\u1ebf to\u00e1n v\u00e0 c\u00e1c ho\u1ea1t \u0111\u1ed9ng li\u00ean quan. K\u1ebf to\u00e1n t\u00e0i ch\u00ednh t\u1eadp trung v\u00e0o vi\u1ec7c b\u00e1o c\u00e1o th\u00f4ng tin t\u00e0i ch\u00ednh c\u1ee7a m\u1ed9t t\u1ed5 ch\u1ee9c, bao g\u1ed3m c\u1ea3 vi\u1ec7c l\u1eadp b\u00e1o c\u00e1o t\u00e0i ch\u00ednh, cho ng\u01b0\u1eddi d\u00f9ng b\u00ean ngo\u00e0i c\u1ee7a th\u00f4ng tin, ch\u1eb3ng h\u1ea1n nh\u01b0 c\u00e1c nh\u00e0 \u0111\u1ea7u t\u01b0.<\/span><\/p>\n<ul>\n<li class=\"bullet-arrow\">Accounting majors take a full year of accounting: Principles of Accounting I and II, during your the year.<\/li>\n<li class=\"bullet-arrow\"><span style=\"font-size: 14.4px;\">As Juniors, you will enroll in interm. Accounting I and II, it will you a comprehensive understanding of accounting practice, thoery and financial report.<\/span><\/li>\n<li class=\"bullet-arrow\">Senior year will give you a great opportunity to specialize in an area of interest by pairing Accounting Topics with electives of your choosing.<\/li>\n<li class=\"bullet-arrow\">We will assist students in preparing for the Certified Public Accounting Exam through our self study programs.<\/li>\n<\/ul>\n<div  >\n<a class=\"button primary is-large lowercase\"  >\n    <span>N\u1ed9p \u0111\u01a1n<\/span>\n  <i class=\"icon-expand\" aria-hidden=\"true\" ><\/i><\/a>\n\n<a class=\"button primary is-large lowercase\"  >\n    <span>T\u1ea3i brochure<\/span>\n  <i class=\"icon-angle-down\" aria-hidden=\"true\" ><\/i><\/a>\n\n<\/div>\n\t\t<\/div>\n\t\t\t\t\t<\/div>\n\n\t\n\n\t<div id=\"col-738254833\" class=\"col medium-4 small-12 large-4\"  >\n\t\t\t\t<div class=\"col-inner\"  >\n\t\t\t\n\t\t\t\n<div class=\"container section-title-container menu-department-title\" ><h3 class=\"section-title section-title-normal\"><b><\/b><span class=\"section-title-main\" >Menu khoa<\/span><b><\/b><\/h3><\/div>\n\t<div class=\"ux-menu stack stack-col justify-start menu-department ux-menu--divider-solid\">\n\t\t\n\t<div class=\"ux-menu-link flex menu-item\">\n\t\t<a class=\"ux-menu-link__link flex\" href=\"https:\/\/ceahcm.edu.vn\" >\n\t\t\t<i class=\"ux-menu-link__icon text-center icon-angle-right\" ><\/i>\t\t\t<span class=\"ux-menu-link__text\">\n\t\t\t\tCh\u01b0\u01a1ng tr\u00ecnh gi\u1ea3ng d\u1ea1y\t\t\t<\/span>\n\t\t<\/a>\n\t<\/div>\n\t\n\t<div class=\"ux-menu-link flex menu-item\">\n\t\t<a class=\"ux-menu-link__link flex\" href=\"https:\/\/ceahcm.edu.vn\" >\n\t\t\t<i class=\"ux-menu-link__icon text-center icon-angle-right\" ><\/i>\t\t\t<span class=\"ux-menu-link__text\">\n\t\t\t\tKhoa Khoa\t\t\t<\/span>\n\t\t<\/a>\n\t<\/div>\n\t\n\t<div class=\"ux-menu-link flex menu-item\">\n\t\t<a class=\"ux-menu-link__link flex\" href=\"https:\/\/ceahcm.edu.vn\" >\n\t\t\t<i class=\"ux-menu-link__icon text-center icon-angle-right\" ><\/i>\t\t\t<span class=\"ux-menu-link__text\">\n\t\t\t\tH\u1ecdc b\u1ed5ng\t\t\t<\/span>\n\t\t<\/a>\n\t<\/div>\n\t\n\t<div class=\"ux-menu-link flex menu-item\">\n\t\t<a class=\"ux-menu-link__link flex\" href=\"https:\/\/ceahcm.edu.vn\" >\n\t\t\t<i class=\"ux-menu-link__icon text-center icon-angle-right\" ><\/i>\t\t\t<span class=\"ux-menu-link__text\">\n\t\t\t\tN\u1ed9p h\u1ed3 s\u01a1\t\t\t<\/span>\n\t\t<\/a>\n\t<\/div>\n\t\n\t<\/div>\n\t\n\t<div id=\"gap-1988606357\" class=\"gap-element clearfix\" style=\"display:block; height:auto;\">\n\t\t\n<style>\n#gap-1988606357 {\n  padding-top: 60px;\n}\n<\/style>\n\t<\/div>\n\t\n<div class=\"row row-collapse\"  id=\"row-1326894305\">\n\n\t<div id=\"col-538941168\" class=\"col small-12 large-12\"  >\n\t\t\t\t<div class=\"col-inner dark\" style=\"background-color:#1c1b3b;\" >\n\t\t\t\n\t\t\t\n<h3>Th\u00f4ng tin li\u00ean h\u1ec7 c\u1ee7a Khoa<\/h3>\n<p>1810 Campus Way NE<br \/>\nBothell, WA 98011-8246<\/p>\n<p>+1-2345-5432-45<br \/>\nbsba@kuuniver.edu<\/p>\n<p>Th\u1ee9 Hai &#8211; Th\u1ee9 S\u00e1u 9:00 s\u00e1ng &#8211; 5:00 chi\u1ec1u<\/p>\n<h3>Th\u00f4ng tin x\u00e3 h\u1ed9i<\/h3>\n<div class=\"social-icons follow-icons primary-small\" ><a href=\"#\" target=\"_blank\" data-label=\"Facebook\" class=\"icon plain facebook tooltip\" title=\"Follow on Facebook\" aria-label=\"Follow on Facebook\" rel=\"noopener nofollow\" ><i class=\"icon-facebook\" ><\/i><\/a><a href=\"#\" target=\"_blank\" data-label=\"Instagram\" class=\"icon plain instagram tooltip\" title=\"Follow on Instagram\" aria-label=\"Follow on Instagram\" rel=\"noopener nofollow\" ><i class=\"icon-instagram\" ><\/i><\/a><a href=\"#\" data-label=\"Twitter\" target=\"_blank\" class=\"icon plain twitter tooltip\" title=\"Follow on Twitter\" aria-label=\"Follow on Twitter\" rel=\"noopener nofollow\" ><i class=\"icon-twitter\" ><\/i><\/a><a href=\"mailto:#\" data-label=\"E-mail\" target=\"_blank\" class=\"icon plain email tooltip\" title=\"Send us an email\" aria-label=\"Send us an email\" rel=\"nofollow noopener\" ><i class=\"icon-envelop\" ><\/i><\/a><\/div>\n\t<div id=\"gap-2054477302\" class=\"gap-element clearfix\" style=\"display:block; height:auto;\">\n\t\t\n<style>\n#gap-2054477302 {\n  padding-top: 30px;\n}\n<\/style>\n\t<\/div>\n\t\n<a href=\"#\" class=\"button primary is-large lowercase expand\"  >\n    <span>T\u1ea3i t\u00e0i nguy\u00ean cho sinh vi\u00ean<\/span>\n  <\/a>\n\n\t\t<\/div>\n\t\t\t\t\n<style>\n#col-538941168 > .col-inner {\n  padding: 40px 40px 40px 40px;\n}\n<\/style>\n\t<\/div>\n\n\t\n<\/div>\n\t<div id=\"gap-894790409\" class=\"gap-element clearfix\" style=\"display:block; height:auto;\">\n\t\t\n<style>\n#gap-894790409 {\n  padding-top: 60px;\n}\n<\/style>\n\t<\/div>\n\t\n<div class=\"row row-collapse\"  id=\"row-709209319\">\n\n\t<div id=\"col-1026859674\" class=\"col small-12 large-12\"  >\n\t\t\t\t<div class=\"col-inner\"  >\n\t\t\t\n\t<div class=\"is-border\"\n\t\tstyle=\"border-color:rgb(197, 2, 39);border-width:4px 4px 4px 4px;\">\n\t<\/div>\n\t\t\t\n<h3>THAM GIA S\u1ef0 KI\u1ec6N<\/h3>\n<p>\u0111\u1eb7c bi\u1ec7t <strong>SOL OPEN HOUSE<\/strong><br \/>\nTr\u1ea3i nghi\u1ec7m th\u1ef1c t\u1ebf trong khu\u00f4n vi\u00ean tr\u01b0\u1eddng c\u1ee7a ch\u00fang t\u00f4i b\u1eaft \u0111\u1ea7u v\u00e0o ng\u00e0y 16 th\u00e1ng 8 n\u0103m 2025<\/p>\n\t<div id=\"gap-2020602305\" class=\"gap-element clearfix\" style=\"display:block; height:auto;\">\n\t\t\n<style>\n#gap-2020602305 {\n  padding-top: 30px;\n}\n<\/style>\n\t<\/div>\n\t\n<a href=\"#\" class=\"button primary is-large lowercase expand\"  >\n    <span>Nh\u1ea5p \u0111\u1ec3 xem th\u00eam<\/span>\n  <\/a>\n\n\t\t<\/div>\n\t\t\t\t\n<style>\n#col-1026859674 > .col-inner {\n  padding: 40px 40px 40px 40px;\n}\n<\/style>\n\t<\/div>\n\n\t\n<\/div>\n\t\t<\/div>\n\t\t\t\t\t<\/div>\n\n\t\n<\/div>\n\t\t<\/div>\n\n\t\t\n<style>\n#section_2076217631 {\n  padding-top: 30px;\n  padding-bottom: 30px;\n}\n<\/style>\n\t<\/section>\n\t\n","protected":false},"excerpt":{"rendered":"","protected":false},"author":1,"featured_media":464,"parent":0,"menu_order":0,"comment_status":"closed","ping_status":"closed","template":"page-transparent-header-light.php","meta":{"footnotes":""},"class_list":["post-552","page","type-page","status-publish","has-post-thumbnail","hentry"],"acf":[],"_links":{"self":[{"href":"https:\/\/ceahcm.edu.vn\/en\/wp-json\/wp\/v2\/pages\/552","targetHints":{"allow":["GET"]}}],"collection":[{"href":"https:\/\/ceahcm.edu.vn\/en\/wp-json\/wp\/v2\/pages"}],"about":[{"href":"https:\/\/ceahcm.edu.vn\/en\/wp-json\/wp\/v2\/types\/page"}],"author":[{"embeddable":true,"href":"https:\/\/ceahcm.edu.vn\/en\/wp-json\/wp\/v2\/users\/1"}],"replies":[{"embeddable":true,"href":"https:\/\/ceahcm.edu.vn\/en\/wp-json\/wp\/v2\/comments?post=552"}],"version-history":[{"count":1,"href":"https:\/\/ceahcm.edu.vn\/en\/wp-json\/wp\/v2\/pages\/552\/revisions"}],"predecessor-version":[{"id":553,"href":"https:\/\/ceahcm.edu.vn\/en\/wp-json\/wp\/v2\/pages\/552\/revisions\/553"}],"wp:featuredmedia":[{"embeddable":true,"href":"https:\/\/ceahcm.edu.vn\/en\/wp-json\/wp\/v2\/media\/464"}],"wp:attachment":[{"href":"https:\/\/ceahcm.edu.vn\/en\/wp-json\/wp\/v2\/media?parent=552"}],"curies":[{"name":"wp","href":"https:\/\/api.w.org\/{rel}","templated":true}]}}