{"id":564,"date":"2024-01-23T13:20:56","date_gmt":"2024-01-23T06:20:56","guid":{"rendered":"https:\/\/ceavnuhcmeduvn139.mbws.vn\/tuyen-sinh\/"},"modified":"2024-05-30T17:41:27","modified_gmt":"2024-05-30T10:41:27","slug":"tuyen-sinh","status":"publish","type":"page","link":"https:\/\/ceahcm.edu.vn\/en\/tuyen-sinh\/","title":{"rendered":"Admissions"},"content":{"rendered":"\t<section class=\"section top-gradient bottom-gradient\" id=\"section_1644650755\">\n\t\t<div class=\"bg section-bg fill bg-fill  \" >\n\n\t\t\t\n\t\t\t<div class=\"section-bg-overlay absolute fill\"><\/div>\n\t\t\t\n\n\t\t<\/div>\n\n\t\t\n\n\t\t<div class=\"section-content relative\">\n\t\t\t\n<div class=\"row row-collapse\"  id=\"row-956292691\">\n\n\t<div id=\"col-2146619346\" class=\"col small-12 large-12\"  >\n\t\t\t\t<div class=\"col-inner\"  >\n\t\t\t\n\t\t\t\n  <div id=\"page-header-443177284\" class=\"page-header-wrapper\">\n  <div class=\"page-title dark simple-title\">\n\n    \n    <div class=\"page-title-inner container align-bottom flex-row medium-flex-wrap\" >\n              <div class=\"title-wrapper is-larger flex-col text-left medium-text-center\">\n          <h1 class=\"entry-title mb-0\">\n            \u0110\u0103ng k\u00fd l\u1edbp          <\/h1>\n        <\/div>\n                <div class=\"page-title-sub op-7 flex-col ml medium-text-center\">\n          <p class=\"lead\">N\u1ed9p \u0111\u01a1n<\/p>\n        <\/div>\n                    <div class=\"title-content flex-col flex-right text-right medium-text-center\">\n        <div class=\"title-breadcrumbs pb-half pt-half\"><\/div>      <\/div>\n    <\/div>\n\n     \n<style>\n#page-header-443177284 .title-bg {\n  background-position: 53% 20%;\n}\n<\/style>\n  <\/div>\n    <\/div>\n  \n\t\t<\/div>\n\t\t\t\t\n<style>\n#col-2146619346 > .col-inner {\n  padding: 100px 0px 0px 0px;\n}\n@media (min-width:550px) {\n  #col-2146619346 > .col-inner {\n    padding: 100px 0px 0px 0px;\n  }\n}\n@media (min-width:850px) {\n  #col-2146619346 > .col-inner {\n    padding: 340px 0px 0px 0px;\n  }\n}\n<\/style>\n\t<\/div>\n\n\t\n<\/div>\n\t\t<\/div>\n\n\t\t\n<style>\n#section_1644650755 {\n  padding-top: 0px;\n  padding-bottom: 0px;\n  min-height: 300px;\n}\n#section_1644650755 .section-bg-overlay {\n  background-color: rgba(0, 0, 0, 0.331);\n}\n#section_1644650755 .section-bg.bg-loaded {\n  background-image: url(https:\/\/ceahcm.edu.vn\/wp-content\/uploads\/shutterstock_726926179.jpg);\n}\n#section_1644650755 .section-bg {\n  background-position: 38% 36%;\n}\n@media (min-width:550px) {\n  #section_1644650755 {\n    min-height: 500px;\n  }\n}\n@media (min-width:850px) {\n  #section_1644650755 {\n    min-height: 700px;\n  }\n}\n<\/style>\n\t<\/section>\n\t\n\t<section class=\"section\" id=\"section_933330014\">\n\t\t<div class=\"bg section-bg fill bg-fill  bg-loaded\" >\n\n\t\t\t\n\t\t\t\n\t\t\t\n\n\t\t<\/div>\n\n\t\t\n\n\t\t<div class=\"section-content relative\">\n\t\t\t\n<div class=\"row\"  id=\"row-1669844972\">\n\n\t<div id=\"col-888682058\" class=\"col small-12 large-12\"  >\n\t\t\t\t<div class=\"col-inner\"  >\n\t\t\t\n\t\t\t\n\t<div id=\"gap-253252306\" class=\"gap-element clearfix\" style=\"display:block; height:auto;\">\n\t\t\n<style>\n#gap-253252306 {\n  padding-top: 20px;\n}\n<\/style>\n\t<\/div>\n\t\n\t<div id=\"text-4097773916\" class=\"text\">\n\t\t\n<h3>Chi ti\u1ebft v\u1ec1 c\u00e1ch \u0111\u0103ng k\u00fd<\/h3>\n\t\t\n<style>\n#text-4097773916 {\n  font-size: 1.4rem;\n  line-height: 1;\n}\n<\/style>\n\t<\/div>\n\t\n\t\t<\/div>\n\t\t\t\t\n<style>\n#col-888682058 > .col-inner {\n  padding: 10px 15px 0px 15px;\n}\n@media (min-width:550px) {\n  #col-888682058 > .col-inner {\n    padding: 10px 0px 0px 0px;\n  }\n}\n<\/style>\n\t<\/div>\n\n\t\n\n\t<div id=\"col-653616213\" class=\"col medium-6 small-12 large-6\"  >\n\t\t\t\t<div class=\"col-inner\"  >\n\t\t\t\n\t\t\t\n<p>N\u1ebfu b\u1ea1n mu\u1ed1n h\u1ecdc t\u1eadp t\u1ea1i tr\u01b0\u1eddng \u0111\u1ea1i h\u1ecdc \u1edf trung t\u00e2m th\u00e0nh ph\u1ed1 t\u1eadp trung v\u00e0o vi\u1ec7c h\u00f4 vang th\u1ebf gi\u1edbi t\u1ed1t h\u01a1n cho ng\u00e0y mai, b\u1ea1n \u0111ang ch\u1ecdn \u0111\u00fang n\u01a1i. Ch\u00fang t\u00f4i kh\u00f4ng s\u1eed d\u1ee5ng c\u00e1c c\u00f4ng th\u1ee9c \u0111\u1eb7c bi\u1ec7t \u0111\u1ec3 ch\u1ecdn h\u1ecdc sinh. Ch\u00fang t\u00f4i xem x\u00e9t \u0111\u01a1n \u0111\u0103ng k\u00fd c\u1ee7a t\u1eebng \u1ee9ng vi\u00ean, h\u1ecdc thu\u1eadt v\u00e0 c\u00e1 nh\u00e2n, \u0111\u1ec3 ch\u1ecdn nh\u1eefng sinh vi\u00ean ph\u00f9 h\u1ee3p v\u1edbi c\u1ed9ng \u0111\u1ed3ng c\u1ee7a ch\u00fang t\u00f4i v\u1edbi \u0111\u1ea7y \u0111\u1ee7 c\u00e1c n\u1ec1n t\u1ea3ng. N\u1ebfu b\u1ea1n mu\u1ed1n h\u1ecdc t\u1ea1i c\u00e1c tr\u01b0\u1eddng \u0111\u1ea1i h\u1ecdc \u1edf trung t\u00e2m th\u00e0nh ph\u1ed1.<\/p>\n\t\t<\/div>\n\t\t\t\t\n<style>\n#col-653616213 > .col-inner {\n  padding: 0px 15px 0px 15px;\n}\n<\/style>\n\t<\/div>\n\n\t\n\n\t<div id=\"col-89714253\" class=\"col medium-6 small-12 large-6\"  >\n\t\t\t\t<div class=\"col-inner\"  >\n\t\t\t\n\t\t\t\n<p>N\u1ebfu b\u1ea1n mu\u1ed1n h\u1ecdc t\u1eadp t\u1ea1i tr\u01b0\u1eddng \u0111\u1ea1i h\u1ecdc \u1edf trung t\u00e2m th\u00e0nh ph\u1ed1 t\u1eadp trung v\u00e0o vi\u1ec7c h\u00f4 vang th\u1ebf gi\u1edbi t\u1ed1t h\u01a1n cho ng\u00e0y mai, b\u1ea1n \u0111ang ch\u1ecdn \u0111\u00fang n\u01a1i. Ch\u00fang t\u00f4i kh\u00f4ng s\u1eed d\u1ee5ng c\u00e1c c\u00f4ng th\u1ee9c \u0111\u1eb7c bi\u1ec7t \u0111\u1ec3 ch\u1ecdn h\u1ecdc sinh. Ch\u00fang t\u00f4i xem x\u00e9t \u0111\u01a1n \u0111\u0103ng k\u00fd c\u1ee7a t\u1eebng \u1ee9ng vi\u00ean, h\u1ecdc thu\u1eadt v\u00e0 c\u00e1 nh\u00e2n, \u0111\u1ec3 ch\u1ecdn nh\u1eefng sinh vi\u00ean ph\u00f9 h\u1ee3p v\u1edbi c\u1ed9ng \u0111\u1ed3ng c\u1ee7a ch\u00fang t\u00f4i.<\/p>\n\t\t<\/div>\n\t\t\t\t\n<style>\n#col-89714253 > .col-inner {\n  padding: 0px 15px 0px 15px;\n}\n<\/style>\n\t<\/div>\n\n\t\n<\/div>\n\t\t<\/div>\n\n\t\t\n<style>\n#section_933330014 {\n  padding-top: 30px;\n  padding-bottom: 30px;\n  background-color: rgb(255, 255, 255);\n}\n<\/style>\n\t<\/section>\n\t\n\t<section class=\"section dark\" id=\"section_86069902\">\n\t\t<div class=\"bg section-bg fill bg-fill  bg-loaded\" >\n\n\t\t\t\n\t\t\t\n\t\t\t\n\n\t\t<\/div>\n\n\t\t\n\n\t\t<div class=\"section-content relative\">\n\t\t\t\n\t<div id=\"gap-2123799976\" class=\"gap-element clearfix\" style=\"display:block; height:auto;\">\n\t\t\n<style>\n#gap-2123799976 {\n  padding-top: 30px;\n}\n<\/style>\n\t<\/div>\n\t\n<div class=\"row\"  id=\"row-201396806\">\n\n\t<div id=\"col-666813371\" class=\"col medium-3 small-12 large-3\"  >\n\t\t\t\t<div class=\"col-inner\"  >\n\t\t\t\n\t\t\t\n<h3>D\u1ecbch v\u1ee5 gi\u00e1o d\u1ee5c<\/h3>\n<p>\u0110\u1ea1i h\u1ecdc Kingster \u0111\u01b0\u1ee3c th\u00e0nh l\u1eadp b\u1edfi John Smith v\u00e0o n\u0103m 1920 v\u00ec l\u1ee3i \u00edch c\u00f4ng c\u1ed9ng v\u00e0 n\u00f3 \u0111\u01b0\u1ee3c c\u00f4ng nh\u1eadn.<\/p>\n\t\t<\/div>\n\t\t\t\t\n<style>\n#col-666813371 > .col-inner {\n  padding: 0px 15px 0px 15px;\n}\n<\/style>\n\t<\/div>\n\n\t\n\n\t<div id=\"col-1454942690\" class=\"col medium-3 small-12 large-3\"  >\n\t\t\t\t<div class=\"col-inner\"  >\n\t\t\t\n\t\t\t\n<h3>Trung t\u00e2m qu\u1ed1c t\u1ebf<\/h3>\n<p>\u0110\u1ea1i h\u1ecdc Kingster \u0111\u01b0\u1ee3c th\u00e0nh l\u1eadp b\u1edfi John Smith v\u00e0o n\u0103m 1920 v\u00ec l\u1ee3i \u00edch c\u00f4ng c\u1ed9ng v\u00e0 n\u00f3 \u0111\u01b0\u1ee3c c\u00f4ng nh\u1eadn.<\/p>\n\t\t<\/div>\n\t\t\t\t\n<style>\n#col-1454942690 > .col-inner {\n  padding: 0px 15px 0px 15px;\n}\n<\/style>\n\t<\/div>\n\n\t\n\n\t<div id=\"col-1725527839\" class=\"col medium-3 small-12 large-3\"  >\n\t\t\t\t<div class=\"col-inner\"  >\n\t\t\t\n\t\t\t\n<h3>C\u1eed nh\u00e2n v\u00e0 Th\u1ea1c s\u0129<\/h3>\n<p>\u0110\u1ea1i h\u1ecdc Kingster \u0111\u01b0\u1ee3c th\u00e0nh l\u1eadp b\u1edfi John Smith v\u00e0o n\u0103m 1920 v\u00ec l\u1ee3i \u00edch c\u00f4ng c\u1ed9ng v\u00e0 n\u00f3 \u0111\u01b0\u1ee3c c\u00f4ng nh\u1eadn.<\/p>\n\t\t<\/div>\n\t\t\t\t\n<style>\n#col-1725527839 > .col-inner {\n  padding: 0px 15px 0px 15px;\n}\n<\/style>\n\t<\/div>\n\n\t\n\n\t<div id=\"col-1558477562\" class=\"col medium-3 small-12 large-3\"  >\n\t\t\t\t<div class=\"col-inner\"  >\n\t\t\t\n\t\t\t\n<h3>Cu\u1ed9c s\u1ed1ng \u0111\u1ea1i h\u1ecdc<\/h3>\n<p>\u0110\u1ea1i h\u1ecdc Kingster \u0111\u01b0\u1ee3c th\u00e0nh l\u1eadp b\u1edfi John Smith v\u00e0o n\u0103m 1920 v\u00ec l\u1ee3i \u00edch c\u00f4ng c\u1ed9ng v\u00e0 n\u00f3 \u0111\u01b0\u1ee3c c\u00f4ng nh\u1eadn.<\/p>\n\t\t<\/div>\n\t\t\t\t\n<style>\n#col-1558477562 > .col-inner {\n  padding: 0px 15px 0px 15px;\n}\n<\/style>\n\t<\/div>\n\n\t\n<\/div>\n\t\t<\/div>\n\n\t\t\n<style>\n#section_86069902 {\n  padding-top: 30px;\n  padding-bottom: 30px;\n  background-color: rgb(28, 27, 59);\n}\n<\/style>\n\t<\/section>\n\t\n\t<section class=\"section sticky-section\" id=\"section_2119983470\">\n\t\t<div class=\"bg section-bg fill bg-fill  \" >\n\n\t\t\t\n\t\t\t\n\t\t\t\n\n\t\t<\/div>\n\n\t\t\n\n\t\t<div class=\"section-content relative\">\n\t\t\t\n\t\t<\/div>\n\n\t\t\n<style>\n#section_2119983470 {\n  padding-top: 30px;\n  padding-bottom: 30px;\n  min-height: 300px;\n}\n#section_2119983470 .section-bg.bg-loaded {\n  background-image: url(https:\/\/ceahcm.edu.vn\/wp-content\/uploads\/shutterstock_635351252.jpg);\n}\n#section_2119983470 .section-bg {\n  background-position: 46% 50%;\n}\n@media (min-width:550px) {\n  #section_2119983470 {\n    min-height: 500px;\n  }\n}\n@media (min-width:850px) {\n  #section_2119983470 {\n    min-height: 700px;\n  }\n}\n<\/style>\n\t<\/section>\n\t\n\t<section class=\"section\" id=\"section_636858579\">\n\t\t<div class=\"bg section-bg fill bg-fill  bg-loaded\" >\n\n\t\t\t\n\t\t\t\n\t\t\t\n\n\t\t<\/div>\n\n\t\t\n\n\t\t<div class=\"section-content relative\">\n\t\t\t\n<div class=\"row\"  id=\"row-1980345459\">\n\n\t<div id=\"col-1705913149\" class=\"col small-12 large-12\"  >\n\t\t\t\t<div class=\"col-inner\"  >\n\t\t\t\n\t\t\t\n\t<div id=\"gap-1491885586\" class=\"gap-element clearfix\" style=\"display:block; height:auto;\">\n\t\t\n<style>\n#gap-1491885586 {\n  padding-top: 20px;\n}\n<\/style>\n\t<\/div>\n\t\n\t<div id=\"text-4253582080\" class=\"text\">\n\t\t\n<h3>Quy tr\u00ecnh \u0111\u0103ng k\u00fd<\/h3>\n\t\t\n<style>\n#text-4253582080 {\n  font-size: 1.4rem;\n  line-height: 1;\n}\n<\/style>\n\t<\/div>\n\t\n\t\t<\/div>\n\t\t\t\t\t<\/div>\n\n\t\n\n\t<div id=\"col-977159525\" class=\"col mbws-service-box medium-4 small-12 large-4\"  >\n\t\t\t\t<div class=\"col-inner\"  >\n\t\t\t\n\t\t\t\n\t<div id=\"text-1861830261\" class=\"text service-number\">\n\t\t\n<p>1<\/p>\n\t\t\t<\/div>\n\t\n\t<div id=\"text-1977654697\" class=\"text service-content\">\n\t\t\n<h4>B\u1eaft \u0111\u1ea7u g\u1eedi tr\u1ef1c tuy\u1ebfn<\/h4>\n<p>M\u1ed9t s\u1ef1 thanh th\u1ea3n tuy\u1ec7t v\u1eddi \u0111\u00e3 chi\u1ebfm h\u1eefu to\u00e0n b\u1ed9 t\u00e2m h\u1ed3n t\u00f4i, gi\u1ed1ng nh\u01b0 nh\u1eefng bu\u1ed5i s\u00e1ng ng\u1ecdt ng\u00e0o c\u1ee7a m\u00f9a xu\u00e2n m\u00e0 t\u00f4i t\u1eadn h\u01b0\u1edfng b\u1eb1ng c\u1ea3 tr\u00e1i tim. T\u00f4i \u1edf m\u1ed9t m\u00ecnh, v\u00e0 c\u1ea3m nh\u1eadn s\u1ef1 quy\u1ebfn r\u0169 c\u1ee7a s\u1ef1 t\u1ed3n t\u1ea1i.<\/p>\n\t\t\t<\/div>\n\t\n\t\t<\/div>\n\t\t\t\t\t<\/div>\n\n\t\n\n\t<div id=\"col-1437728230\" class=\"col mbws-service-box medium-4 small-12 large-4\"  >\n\t\t\t\t<div class=\"col-inner\"  >\n\t\t\t\n\t\t\t\n\t<div id=\"text-574444750\" class=\"text service-number\">\n\t\t\n<p>2<\/p>\n\t\t\t<\/div>\n\t\n\t<div id=\"text-100204864\" class=\"text service-content\">\n\t\t\n<h4>Xem x\u00e9t b\u00e0i n\u1ed9p<\/h4>\n<p>M\u1ed9t s\u1ef1 thanh th\u1ea3n tuy\u1ec7t v\u1eddi \u0111\u00e3 chi\u1ebfm h\u1eefu to\u00e0n b\u1ed9 t\u00e2m h\u1ed3n t\u00f4i, gi\u1ed1ng nh\u01b0 nh\u1eefng bu\u1ed5i s\u00e1ng ng\u1ecdt ng\u00e0o c\u1ee7a m\u00f9a xu\u00e2n m\u00e0 t\u00f4i t\u1eadn h\u01b0\u1edfng b\u1eb1ng c\u1ea3 tr\u00e1i tim. T\u00f4i \u1edf m\u1ed9t m\u00ecnh, v\u00e0 c\u1ea3m nh\u1eadn s\u1ef1 quy\u1ebfn r\u0169 c\u1ee7a s\u1ef1 t\u1ed3n t\u1ea1i.<\/p>\n\t\t\t<\/div>\n\t\n\t\t<\/div>\n\t\t\t\t\t<\/div>\n\n\t\n\n\t<div id=\"col-1793106087\" class=\"col mbws-service-box medium-4 small-12 large-4\"  >\n\t\t\t\t<div class=\"col-inner\"  >\n\t\t\t\n\t\t\t\n\t<div id=\"text-3336570335\" class=\"text service-number\">\n\t\t\n<p>3<\/p>\n\t\t\t<\/div>\n\t\n\t<div id=\"text-2928052106\" class=\"text service-content\">\n\t\t\n<h4>B\u1eaft \u0111\u1ea7u g\u1eedi tr\u1ef1c tuy\u1ebfn<\/h4>\n<p>M\u1ed9t s\u1ef1 thanh th\u1ea3n tuy\u1ec7t v\u1eddi \u0111\u00e3 chi\u1ebfm h\u1eefu to\u00e0n b\u1ed9 t\u00e2m h\u1ed3n t\u00f4i, gi\u1ed1ng nh\u01b0 nh\u1eefng bu\u1ed5i s\u00e1ng ng\u1ecdt ng\u00e0o c\u1ee7a m\u00f9a xu\u00e2n m\u00e0 t\u00f4i t\u1eadn h\u01b0\u1edfng b\u1eb1ng c\u1ea3 tr\u00e1i tim. T\u00f4i \u1edf m\u1ed9t m\u00ecnh, v\u00e0 c\u1ea3m nh\u1eadn s\u1ef1 quy\u1ebfn r\u0169 c\u1ee7a s\u1ef1 t\u1ed3n t\u1ea1i.<\/p>\n\t\t\t<\/div>\n\t\n\t\t<\/div>\n\t\t\t\t\t<\/div>\n\n\t\n\n\t<div id=\"col-1843273946\" class=\"col mbws-service-box medium-4 small-12 large-4\"  >\n\t\t\t\t<div class=\"col-inner\"  >\n\t\t\t\n\t\t\t\n\t<div id=\"text-2518483119\" class=\"text service-number\">\n\t\t\n<p>4<\/p>\n\t\t\t<\/div>\n\t\n\t<div id=\"text-991053379\" class=\"text service-content\">\n\t\t\n<h4>Thu th\u1eadp t\u00e0i li\u1ec7u c\u1ea7n thi\u1ebft<\/h4>\n<p>M\u1ed9t s\u1ef1 thanh th\u1ea3n tuy\u1ec7t v\u1eddi \u0111\u00e3 chi\u1ebfm h\u1eefu to\u00e0n b\u1ed9 t\u00e2m h\u1ed3n t\u00f4i, gi\u1ed1ng nh\u01b0 nh\u1eefng bu\u1ed5i s\u00e1ng ng\u1ecdt ng\u00e0o c\u1ee7a m\u00f9a xu\u00e2n m\u00e0 t\u00f4i t\u1eadn h\u01b0\u1edfng b\u1eb1ng c\u1ea3 tr\u00e1i tim. T\u00f4i \u1edf m\u1ed9t m\u00ecnh, v\u00e0 c\u1ea3m nh\u1eadn s\u1ef1 quy\u1ebfn r\u0169 c\u1ee7a s\u1ef1 t\u1ed3n t\u1ea1i.<\/p>\n\t\t\t<\/div>\n\t\n\t\t<\/div>\n\t\t\t\t\t<\/div>\n\n\t\n\n\t<div id=\"col-1799358879\" class=\"col mbws-service-box medium-4 small-12 large-4\"  >\n\t\t\t\t<div class=\"col-inner\"  >\n\t\t\t\n\t\t\t\n\t<div id=\"text-347172727\" class=\"text service-number\">\n\t\t\n<p>5<\/p>\n\t\t\t<\/div>\n\t\n\t<div id=\"text-2573291886\" class=\"text service-content\">\n\t\t\n<h4>Quy tr\u00ecnh ph\u1ecfng v\u1ea5n<\/h4>\n<p>M\u1ed9t s\u1ef1 thanh th\u1ea3n tuy\u1ec7t v\u1eddi \u0111\u00e3 chi\u1ebfm h\u1eefu to\u00e0n b\u1ed9 t\u00e2m h\u1ed3n t\u00f4i, gi\u1ed1ng nh\u01b0 nh\u1eefng bu\u1ed5i s\u00e1ng ng\u1ecdt ng\u00e0o c\u1ee7a m\u00f9a xu\u00e2n m\u00e0 t\u00f4i t\u1eadn h\u01b0\u1edfng b\u1eb1ng c\u1ea3 tr\u00e1i tim. T\u00f4i \u1edf m\u1ed9t m\u00ecnh, v\u00e0 c\u1ea3m nh\u1eadn s\u1ef1 quy\u1ebfn r\u0169 c\u1ee7a s\u1ef1 t\u1ed3n t\u1ea1i.<\/p>\n\t\t\t<\/div>\n\t\n\t\t<\/div>\n\t\t\t\t\t<\/div>\n\n\t\n\n\t<div id=\"col-559407373\" class=\"col mbws-service-box medium-4 small-12 large-4\"  >\n\t\t\t\t<div class=\"col-inner\"  >\n\t\t\t\n\t\t\t\n\t<div id=\"text-639093521\" class=\"text service-number\">\n\t\t\n<p>6<\/p>\n\t\t\t<\/div>\n\t\n\t<div id=\"text-3474334832\" class=\"text service-content\">\n\t\t\n<h4>Quy\u1ebft \u0111\u1ecbnh cu\u1ed1i c\u00f9ng<\/h4>\n<p>M\u1ed9t s\u1ef1 thanh th\u1ea3n tuy\u1ec7t v\u1eddi \u0111\u00e3 chi\u1ebfm h\u1eefu to\u00e0n b\u1ed9 t\u00e2m h\u1ed3n t\u00f4i, gi\u1ed1ng nh\u01b0 nh\u1eefng bu\u1ed5i s\u00e1ng ng\u1ecdt ng\u00e0o c\u1ee7a m\u00f9a xu\u00e2n m\u00e0 t\u00f4i t\u1eadn h\u01b0\u1edfng b\u1eb1ng c\u1ea3 tr\u00e1i tim. T\u00f4i \u1edf m\u1ed9t m\u00ecnh, v\u00e0 c\u1ea3m nh\u1eadn s\u1ef1 quy\u1ebfn r\u0169 c\u1ee7a s\u1ef1 t\u1ed3n t\u1ea1i.<\/p>\n\t\t\t<\/div>\n\t\n\t\t<\/div>\n\t\t\t\t\t<\/div>\n\n\t\n\n\t<div id=\"col-1143534292\" class=\"col small-12 large-12\"  >\n\t\t\t\t<div class=\"col-inner\"  >\n\t\t\t\n\t\t\t\n<div class=\"is-divider divider clearfix\" style=\"max-width:100%;background-color:rgb(28, 27, 59);\"><\/div>\n\t\t<\/div>\n\t\t\t\t\t<\/div>\n\n\t\n<\/div>\n<div class=\"row\"  id=\"row-226419251\">\n\n\t<div id=\"col-1046510368\" class=\"col medium-6 small-12 large-6\"  >\n\t\t\t\t<div class=\"col-inner\"  >\n\t\t\t\n\t\t\t\n\t<div id=\"gap-1377500652\" class=\"gap-element clearfix\" style=\"display:block; height:auto;\">\n\t\t\n<style>\n#gap-1377500652 {\n  padding-top: 20px;\n}\n<\/style>\n\t<\/div>\n\t\n\t<div id=\"text-3906199913\" class=\"text\">\n\t\t\n<h3>Nh\u1eefng \u0111i\u1ec1u c\u1ea7n bi\u1ebft \u0111\u1ea7u ti\u00ean<\/h3>\n\t\t\n<style>\n#text-3906199913 {\n  line-height: 1;\n}\n<\/style>\n\t<\/div>\n\t\n\t<div id=\"gap-2052852139\" class=\"gap-element clearfix\" style=\"display:block; height:auto;\">\n\t\t\n<style>\n#gap-2052852139 {\n  padding-top: 30px;\n}\n<\/style>\n\t<\/div>\n\t\n<p>\u1ee8ng d\u1ee5ng chung l\u00e0 b\u1eaft bu\u1ed9c \u0111\u1ed1i v\u1edbi sinh vi\u00ean \u0111\u0103ng k\u00fd b\u1ea5t k\u1ef3 ho\u1eb7c t\u1ea5t c\u1ea3 ba b\u1eb1ng c\u1ea5p c\u1ee7a KU. B\u1ea1n s\u1ebd c\u00f3 th\u1ec3 ch\u1ecdn khu\u00f4n vi\u00ean v\u00e0 ch\u01b0\u01a1ng tr\u00ecnh m\u00e0 b\u1ea1n quan t\u00e2m.<\/p>\n<p>B\u1ea1n s\u1ebd c\u1ea7n:<\/p>\n<div  class=\"icon-list-item\">\n\t\t<div class=\"icon-list-image\">\n\t\t\t\t\n<p><i class=\"fa fa-dot-circle-o\" style=\"color: #1c1b3b ;font-size: 18px ;width: 18px ;\"><\/i><br \/>\n\t\t<\/div>\n\t\n\t<div id=\"text-1612954548\" class=\"text icon-list-content\">\n\t\t\n<p>Th\u00f4ng tin li\u00ean l\u1ea1c c\u1ee7a c\u1ed1 v\u1ea5n ho\u1eb7c \u0111\u1ea1i di\u1ec7n nh\u00e0 tr\u01b0\u1eddng kh\u00e1c, nh\u1eefng ng\u01b0\u1eddi s\u1ebd ho\u00e0n th\u00e0nh B\u00e1o c\u00e1o Tr\u01b0\u1eddng \u1ee8ng d\u1ee5ng Chung c\u1ee7a b\u1ea1n v\u00e0 n\u1ed9p b\u1ea3ng \u0111i\u1ec3m trung h\u1ecdc ch\u00ednh th\u1ee9c c\u1ee7a b\u1ea1n.<\/p>\n\t\t\t<\/div>\n\t\n<\/div>\n<div  class=\"icon-list-item\">\n\t\t<div class=\"icon-list-image\">\n\t\t\t\t\n<p><i class=\"fa fa-dot-circle-o\" style=\"color: #1c1b3b ;font-size: 18px ;width: 18px ;\"><\/i><br \/>\n\t\t<\/div>\n\t\n\t<div id=\"text-4181926220\" class=\"text icon-list-content\">\n\t\t\n<p>Th\u00f4ng tin li\u00ean l\u1ea1c c\u1ee7a m\u1ed9t gi\u00e1o vi\u00ean (ho\u1eb7c t\u1ed1i \u0111a hai) s\u1ebd ho\u00e0n th\u00e0nh bi\u1ec3u m\u1eabu \u0110\u00e1nh Gi\u00e1 Gi\u00e1o Vi\u00ean.<\/p>\n\t\t\t<\/div>\n\t\n<\/div>\n<div  class=\"icon-list-item\">\n\t\t<div class=\"icon-list-image\">\n\t\t\t\t\n<p><i class=\"fa fa-dot-circle-o\" style=\"color: #1c1b3b ;font-size: 18px ;width: 18px ;\"><\/i><br \/>\n\t\t<\/div>\n\t\n\t<div id=\"text-3023527397\" class=\"text icon-list-content\">\n\t\t\n<p>Ph\u00ed \u0111\u0103ng k\u00fd $ 50 kh\u00f4ng ho\u00e0n l\u1ea1i. Sinh vi\u00ean kh\u00f4ng th\u1ec3 tr\u1ea3 l\u1ec7 ph\u00ed n\u1ed9p \u0111\u01a1n c\u00f3 th\u1ec3 y\u00eau c\u1ea7u mi\u1ec5n l\u1ec7 ph\u00ed.<\/p>\n\t\t\t<\/div>\n\t\n<\/div>\n<div  class=\"btn-group\">\n<a href=\"#\" class=\"button primary lowercase\"  style=\"padding:20px 30px 20px 30px;\">\n    <span>Y\u00eau c\u1ea7u tham quan tr\u01b0\u1eddng<\/span>\n  <\/a>\n\n<a href=\"#\" class=\"button secondary lowercase\"  style=\"padding:20px 30px 20px 30px;\">\n    <span>Y\u00eau c\u1ea7u th\u00f4ng tin<\/span>\n  <\/a>\n\n<\/div>\n\t\t<\/div>\n\t\t\t\t\n<style>\n#col-1046510368 > .col-inner {\n  padding: 0px 15px 0px 15px;\n}\n<\/style>\n\t<\/div>\n\n\t\n\n\t<div id=\"col-879372062\" class=\"col medium-6 small-12 large-6\"  >\n\t\t\t\t<div class=\"col-inner\"  >\n\t\t\t\n\t\t\t\n\t<div id=\"gap-945991121\" class=\"gap-element clearfix\" style=\"display:block; height:auto;\">\n\t\t\n<style>\n#gap-945991121 {\n  padding-top: 20px;\n}\n<\/style>\n\t<\/div>\n\t\n\t<div id=\"text-4289081008\" class=\"text\">\n\t\t\n<h3>Khi n\u00e0o n\u1ed9p \u0111\u01a1n?<\/h3>\n\t\t\n<style>\n#text-4289081008 {\n  line-height: 1;\n}\n<\/style>\n\t<\/div>\n\t\n\t<div id=\"gap-1779436136\" class=\"gap-element clearfix\" style=\"display:block; height:auto;\">\n\t\t\n<style>\n#gap-1779436136 {\n  padding-top: 30px;\n}\n<\/style>\n\t<\/div>\n\t\n\t<div id=\"text-122116146\" class=\"text\">\n\t\t\n<table class=\"mbws-table\">\n<tbody>\n<tr>\n<th>\u00a0<\/th>\n<th>H\u1ea1n ch\u00f3t n\u1ed9p \u0111\u01a1n<\/th>\n<th>Quy\u1ebft \u0111\u1ecbnh<\/th>\n<\/tr>\n<tr>\n<td>Quy\u1ebft \u0111\u1ecbnh s\u1edbm 1<\/td>\n<td style=\"text-align: center;\">1\/11<\/td>\n<td style=\"text-align: center;\">15\/12<\/td>\n<\/tr>\n<tr>\n<td>Quy\u1ebft \u0111\u1ecbnh s\u1edbm 2<\/td>\n<td style=\"text-align: center;\">1\/1<\/td>\n<td style=\"text-align: center;\">15\/2<\/td>\n<\/tr>\n<tr>\n<td>Quy\u1ebft \u0111\u1ecbnh th\u01b0\u1eddng xuy\u00ean<\/td>\n<td style=\"text-align: center;\">1\/2<\/td>\n<td style=\"text-align: center;\">1\/4<\/td>\n<\/tr>\n<\/tbody>\n<\/table>\n\t\t\n<style>\n#text-122116146 {\n  line-height: 1;\n}\n<\/style>\n\t<\/div>\n\t\n\t<div id=\"gap-228313299\" class=\"gap-element clearfix\" style=\"display:block; height:auto;\">\n\t\t\n<style>\n#gap-228313299 {\n  padding-top: 30px;\n}\n<\/style>\n\t<\/div>\n\t\n<h3>N\u1ed9p gi\u1ea5y t\u1edd c\u1ea7n thi\u1ebft \u1edf \u0111\u00e2u?<\/h3>\n<p>C\u00e1c t\u00e0i li\u1ec7u kh\u00f4ng \u0111\u01b0\u1ee3c g\u1eedi qua ph\u01b0\u01a1ng th\u1ee9c tr\u1ef1c tuy\u1ebfn c\u00f3 th\u1ec3 \u0111\u01b0\u1ee3c g\u1eedi \u0111\u1ebfn:<\/p>\n<p>H\u1ed9p 35300<br \/>1810 Campus Way NE<br \/>Bothell, WA 98011-8246 Hoa K\u1ef3<\/p>\n\t\t<\/div>\n\t\t\t\t\n<style>\n#col-879372062 > .col-inner {\n  padding: 0px 15px 0px 15px;\n}\n<\/style>\n\t<\/div>\n\n\t\n<\/div>\n\t\t<\/div>\n\n\t\t\n<style>\n#section_636858579 {\n  padding-top: 30px;\n  padding-bottom: 30px;\n  background-color: rgb(255, 255, 255);\n}\n<\/style>\n\t<\/section>\n\t\n","protected":false},"excerpt":{"rendered":"","protected":false},"author":1,"featured_media":0,"parent":0,"menu_order":0,"comment_status":"closed","ping_status":"closed","template":"page-transparent-header-light.php","meta":{"footnotes":""},"class_list":["post-564","page","type-page","status-publish","hentry"],"acf":[],"_links":{"self":[{"href":"https:\/\/ceahcm.edu.vn\/en\/wp-json\/wp\/v2\/pages\/564","targetHints":{"allow":["GET"]}}],"collection":[{"href":"https:\/\/ceahcm.edu.vn\/en\/wp-json\/wp\/v2\/pages"}],"about":[{"href":"https:\/\/ceahcm.edu.vn\/en\/wp-json\/wp\/v2\/types\/page"}],"author":[{"embeddable":true,"href":"https:\/\/ceahcm.edu.vn\/en\/wp-json\/wp\/v2\/users\/1"}],"replies":[{"embeddable":true,"href":"https:\/\/ceahcm.edu.vn\/en\/wp-json\/wp\/v2\/comments?post=564"}],"version-history":[{"count":1,"href":"https:\/\/ceahcm.edu.vn\/en\/wp-json\/wp\/v2\/pages\/564\/revisions"}],"predecessor-version":[{"id":565,"href":"https:\/\/ceahcm.edu.vn\/en\/wp-json\/wp\/v2\/pages\/564\/revisions\/565"}],"wp:attachment":[{"href":"https:\/\/ceahcm.edu.vn\/en\/wp-json\/wp\/v2\/media?parent=564"}],"curies":[{"name":"wp","href":"https:\/\/api.w.org\/{rel}","templated":true}]}}