{"id":570,"date":"2024-01-23T15:03:58","date_gmt":"2024-01-23T08:03:58","guid":{"rendered":"https:\/\/ceavnuhcmeduvn139.mbws.vn\/tham-quan-truong\/"},"modified":"2024-05-30T17:43:18","modified_gmt":"2024-05-30T10:43:18","slug":"tham-quan-truong","status":"publish","type":"page","link":"https:\/\/ceahcm.edu.vn\/en\/tham-quan-truong\/","title":{"rendered":"Visit the school"},"content":{"rendered":"\t<section class=\"section top-gradient bottom-gradient\" id=\"section_442181156\">\n\t\t<div class=\"bg section-bg fill bg-fill  \" >\n\n\t\t\t\n\t\t\t<div class=\"section-bg-overlay absolute fill\"><\/div>\n\t\t\t\n\n\t\t<\/div>\n\n\t\t\n\n\t\t<div class=\"section-content relative\">\n\t\t\t\n<div class=\"row row-collapse\"  id=\"row-724343368\">\n\n\t<div id=\"col-1758635892\" class=\"col small-12 large-12\"  >\n\t\t\t\t<div class=\"col-inner\"  >\n\t\t\t\n\t\t\t\n  <div id=\"page-header-779718409\" class=\"page-header-wrapper\">\n  <div class=\"page-title dark simple-title\">\n\n    \n    <div class=\"page-title-inner container align-bottom flex-row medium-flex-wrap\" >\n              <div class=\"title-wrapper is-larger flex-col text-left medium-text-center\">\n          <h1 class=\"entry-title mb-0\">\n            Campus Tour          <\/h1>\n        <\/div>\n                <div class=\"page-title-sub op-7 flex-col ml medium-text-center\">\n          <p class=\"lead\">Tham quan<\/p>\n        <\/div>\n                    <div class=\"title-content flex-col flex-right text-right medium-text-center\">\n        <div class=\"title-breadcrumbs pb-half pt-half\"><\/div>      <\/div>\n    <\/div>\n\n     \n<style>\n#page-header-779718409 .title-bg {\n  background-position: 53% 20%;\n}\n<\/style>\n  <\/div>\n    <\/div>\n  \n\t\t<\/div>\n\t\t\t\t\n<style>\n#col-1758635892 > .col-inner {\n  padding: 100px 0px 0px 0px;\n}\n@media (min-width:850px) {\n  #col-1758635892 > .col-inner {\n    padding: 340px 0px 0px 0px;\n  }\n}\n<\/style>\n\t<\/div>\n\n\t\n<\/div>\n\t\t<\/div>\n\n\t\t\n<style>\n#section_442181156 {\n  padding-top: 0px;\n  padding-bottom: 0px;\n  min-height: 300px;\n}\n#section_442181156 .section-bg-overlay {\n  background-color: rgba(0, 0, 0, 0.331);\n}\n#section_442181156 .section-bg.bg-loaded {\n  background-image: url(https:\/\/ceahcm.edu.vn\/wp-content\/uploads\/event-4.jpg);\n}\n#section_442181156 .section-bg {\n  background-position: 50% 57%;\n}\n@media (min-width:550px) {\n  #section_442181156 {\n    min-height: 500px;\n  }\n}\n@media (min-width:850px) {\n  #section_442181156 {\n    min-height: 700px;\n  }\n}\n<\/style>\n\t<\/section>\n\t\n\t<section class=\"section dark\" id=\"section_1713736271\">\n\t\t<div class=\"bg section-bg fill bg-fill  bg-loaded\" >\n\n\t\t\t\n\t\t\t\n\t\t\t\n\n\t\t<\/div>\n\n\t\t\n\n\t\t<div class=\"section-content relative\">\n\t\t\t\n<div class=\"row row-collapse align-equal\"  id=\"row-1142228363\">\n\n\t<div id=\"col-991026668\" class=\"col medium-6 small-12 large-6\"  >\n\t\t\t\t<div class=\"col-inner\"  >\n\t\t\t\n\t\t\t\n\n\t\t<div class=\"icon-box featured-box icon-box-top text-left\"  >\n\t\t\t\t\t<div class=\"icon-box-img\" style=\"width: 60px\">\n\t\t\t\t<div class=\"icon\">\n\t\t\t\t\t<div class=\"icon-inner\" >\n\t\t\t\t\t\t<img loading=\"lazy\" decoding=\"async\" width=\"75\" height=\"75\" src=\"https:\/\/ceahcm.edu.vn\/wp-content\/uploads\/campus-logo.png\" class=\"attachment-medium size-medium\" alt=\"\" \/>\t\t\t\t\t<\/div>\n\t\t\t\t<\/div>\n\t\t\t<\/div>\n\t\t\t\t<div class=\"icon-box-text last-reset\">\n\t\t\t\t\t\t\t\t\t\n\t<div id=\"text-2239089597\" class=\"text\">\n\t\t\n<h3><span style=\"font-size: 120%;\">Tham quan khu\u00f4n vi\u00ean tr\u01b0\u1eddng \u0111\u1eb7c bi\u1ec7t<\/span><\/h3>\n<p>Khu\u00f4n vi\u00ean tr\u01b0\u1eddng trong m\u1ed9t tour du l\u1ecbch \u0111\u01b0\u1ee3c thi\u1ebft k\u1ebf cho sinh vi\u00ean t\u1ed1t nghi\u1ec7p v\u00e0 chuy\u00ean nghi\u1ec7p t\u01b0\u01a1ng lai. B\u1ea1n s\u1ebd th\u1ea5y tr\u01b0\u1eddng \u0111\u1ea1i h\u1ecdc c\u1ee7a ch\u00fang t\u00f4i nh\u01b0 th\u1ebf n\u00e0o, c\u01a1 s\u1edf v\u1eadt ch\u1ea5t, studenst v\u00e0 cu\u1ed9c s\u1ed1ng trong tr\u01b0\u1eddng \u0111\u1ea1i h\u1ecdc n\u00e0y. G\u1eb7p g\u1ee1 \u0111\u1ea1i di\u1ec7n tuy\u1ec3n sinh sau \u0111\u1ea1i h\u1ecdc c\u1ee7a ch\u00fang t\u00f4i \u0111\u1ec3 t\u00ecm hi\u1ec3u th\u00eam v\u1ec1 c\u00e1c ch\u01b0\u01a1ng tr\u00ecnh sau \u0111\u1ea1i h\u1ecdc c\u1ee7a ch\u00fang t\u00f4i v\u00e0 quy\u1ebft \u0111\u1ecbnh nh\u1eefng g\u00ec t\u1ed1t nh\u1ea5t cho b\u1ea1n.<\/p>\n\t\t\n<style>\n#text-2239089597 {\n  font-size: 1rem;\n  line-height: 1.6;\n}\n<\/style>\n\t<\/div>\n\t\n\t\t<\/div>\n\t<\/div>\n\t\n\t\n\t\t<\/div>\n\t\t\t\t\n<style>\n#col-991026668 > .col-inner {\n  padding: 60px 30px 60px 30px;\n}\n@media (min-width:550px) {\n  #col-991026668 > .col-inner {\n    padding: 200px 30px 200px 30px;\n  }\n}\n@media (min-width:850px) {\n  #col-991026668 > .col-inner {\n    padding: 200px 40px 200px 0px;\n  }\n}\n<\/style>\n\t<\/div>\n\n\t\n\n\t<div id=\"col-1803861605\" class=\"col medium-6 small-12 large-6\"  >\n\t\t\t\t<div class=\"col-inner dark\"  >\n\t\t\t\n\t\t\t\n\n  <div class=\"banner has-hover bg-col-right-fullwidth\" id=\"banner-1331476303\">\n          <div class=\"banner-inner fill\">\n        <div class=\"banner-bg fill\" >\n            <div class=\"bg fill bg-fill \"><\/div>\n                                    \n                    <\/div>\n\t\t\n        <div class=\"banner-layers container\">\n            <div class=\"fill banner-link\"><\/div>            \n   <div id=\"text-box-1155436129\" class=\"text-box banner-layer x50 md-x50 lg-x50 y50 md-y50 lg-y50 res-text\">\n                                <div class=\"text-box-content text dark\">\n              \n              <div class=\"text-inner text-center\">\n                  \n              <\/div>\n           <\/div>\n                            \n<style>\n#text-box-1155436129 {\n  width: 60%;\n}\n#text-box-1155436129 .text-box-content {\n  font-size: 100%;\n}\n@media (min-width:550px) {\n  #text-box-1155436129 {\n    width: 60%;\n  }\n}\n<\/style>\n    <\/div>\n \n        <\/div>\n      <\/div>\n\n              <div class=\"height-fix is-invisible\"><img loading=\"lazy\" decoding=\"async\" width=\"2000\" height=\"1333\" src=\"https:\/\/ceahcm.edu.vn\/wp-content\/uploads\/shutterstock_425394076.jpg\" class=\"attachment-original size-original\" alt=\"\" \/><\/div>\n            \n<style>\n#banner-1331476303 {\n  padding-top: 99.99%;\n}\n#banner-1331476303 .bg.bg-loaded {\n  background-image: url(https:\/\/ceahcm.edu.vn\/wp-content\/uploads\/shutterstock_425394076.jpg);\n}\n#banner-1331476303 .bg {\n  background-position: 54% 34%;\n}\n<\/style>\n  <\/div>\n\n\n\t<div id=\"gap-634851524\" class=\"gap-element clearfix show-for-small\" style=\"display:block; height:auto;\">\n\t\t\n<style>\n#gap-634851524 {\n  padding-top: 200px;\n}\n@media (min-width:550px) {\n  #gap-634851524 {\n    padding-top: 30px;\n  }\n}\n<\/style>\n\t<\/div>\n\t\n\t\t<\/div>\n\t\t\t\t\n<style>\n#col-1803861605 > .col-inner {\n  padding: 80px 45px 90px 0px;\n}\n<\/style>\n\t<\/div>\n\n\t\n<\/div>\n\t\t<\/div>\n\n\t\t\n<style>\n#section_1713736271 {\n  padding-top: 0px;\n  padding-bottom: 0px;\n  min-height: 500px;\n  background-color: #1c1b3b;\n}\n<\/style>\n\t<\/section>\n\t\n\t<section class=\"section\" id=\"section_953843651\">\n\t\t<div class=\"bg section-bg fill bg-fill  bg-loaded\" >\n\n\t\t\t\n\t\t\t\n\t\t\t\n\n\t\t<\/div>\n\n\t\t\n\n\t\t<div class=\"section-content relative\">\n\t\t\t\n<div class=\"row\"  id=\"row-422265039\">\n\n\t<div id=\"col-2058551366\" class=\"col medium-6 small-12 large-6\"  >\n\t\t\t\t<div class=\"col-inner\"  >\n\t\t\t\n\t\t\t\n\t<div id=\"text-3547680265\" class=\"text\">\n\t\t\n<h3>C\u00e2u h\u1ecfi th\u01b0\u1eddng g\u1eb7p<\/h3>\n\t\t\n<style>\n#text-3547680265 {\n  font-size: 1.4rem;\n  line-height: 1;\n}\n<\/style>\n\t<\/div>\n\t\n\t<div id=\"gap-1097363176\" class=\"gap-element clearfix\" style=\"display:block; height:auto;\">\n\t\t\n<style>\n#gap-1097363176 {\n  padding-top: 30px;\n}\n<\/style>\n\t<\/div>\n\t\n<div class=\"accordion mbws-faq\">\n\t<div id=\"accordion-2626928081\" class=\"accordion-item\">\n\t\t<a id=\"accordion-2626928081-label\" class=\"accordion-title plain active\" href=\"#accordion-item-chuy\u1ebfn-tham-quan-s\u1ebd-m\u1ea5t-bao-l\u00e2u?\" aria-expanded=\"true\" aria-controls=\"accordion-2626928081-content\" >\n\t\t\t<button class=\"toggle\" aria-label=\"Toggle\"><i class=\"icon-angle-down\"><\/i><\/button>\n\t\t\t<span>Chuy\u1ebfn tham quan s\u1ebd m\u1ea5t bao l\u00e2u?<\/span>\n\t\t<\/a>\n\t\t<div id=\"accordion-2626928081-content\" class=\"accordion-inner\" style=\"display: block;\" aria-labelledby=\"accordion-2626928081-label\" >\n\t\t\t\n<p>\u0110\u01b0\u1ee3c cung c\u1ea5p b\u1edfi Vi\u1ec7n Gi\u00e1o d\u1ee5c KU, ch\u01b0\u01a1ng tr\u00ecnh n\u00e0y c\u00f3 s\u1eb5n b\u1eb1ng c\u00e1ch h\u1ecdc t\u1eeb xa, cho ph\u00e9p b\u1ea1n h\u1ecdc t\u1eadp linh ho\u1ea1t trong khi c\u00e2n b\u1eb1ng gi\u1eefa c\u00f4ng vi\u1ec7c v\u00e0 cu\u1ed9c s\u1ed1ng c\u00e1 nh\u00e2n.<\/p>\n<p>Th\u1ea1c s\u0129 T\u00e0i ch\u00ednh (EG. Ng\u00e2n h\u00e0ng) l\u00e0m s\u00e2u s\u1eafc th\u00eam s\u1ef1 hi\u1ec3u bi\u1ebft c\u1ee7a b\u1ea1n v\u1ec1 c\u00e1c ng\u00e2n h\u00e0ng v\u00e0 th\u1ecb tr\u01b0\u1eddng t\u00e0i ch\u00ednh, v\u00e0 c\u00e1ch ch\u00fang li\u00ean quan \u0111\u1ebfn hi\u1ec7u su\u1ea5t. N\u00f3 s\u1ebd gi\u00fap b\u1ea1n th\u0103<\/p>\n\t\t<\/div>\n\t<\/div>\n\t\n\t<div id=\"accordion-165395720\" class=\"accordion-item\">\n\t\t<a id=\"accordion-165395720-label\" class=\"accordion-title plain\" href=\"#accordion-item-g\u1ea7n-\u0111\u00f3-c\u00f3-ch\u1ed7-\u0111\u1ed7-xe-n\u00e0o-kh\u00f4ng?\" aria-expanded=\"false\" aria-controls=\"accordion-165395720-content\" >\n\t\t\t<button class=\"toggle\" aria-label=\"Toggle\"><i class=\"icon-angle-down\"><\/i><\/button>\n\t\t\t<span>G\u1ea7n \u0111\u00f3 c\u00f3 ch\u1ed7 \u0111\u1ed7 xe n\u00e0o kh\u00f4ng?<\/span>\n\t\t<\/a>\n\t\t<div id=\"accordion-165395720-content\" class=\"accordion-inner\" aria-labelledby=\"accordion-165395720-label\" >\n\t\t\t\n<p>\u0110\u01b0\u1ee3c cung c\u1ea5p b\u1edfi Vi\u1ec7n Gi\u00e1o d\u1ee5c KU, ch\u01b0\u01a1ng tr\u00ecnh n\u00e0y c\u00f3 s\u1eb5n b\u1eb1ng c\u00e1ch h\u1ecdc t\u1eeb xa, cho ph\u00e9p b\u1ea1n h\u1ecdc t\u1eadp linh ho\u1ea1t trong khi c\u00e2n b\u1eb1ng gi\u1eefa c\u00f4ng vi\u1ec7c v\u00e0 cu\u1ed9c s\u1ed1ng c\u00e1 nh\u00e2n.<\/p>\n<p>Th\u1ea1c s\u0129 T\u00e0i ch\u00ednh (EG. Ng\u00e2n h\u00e0ng) l\u00e0m s\u00e2u s\u1eafc th\u00eam s\u1ef1 hi\u1ec3u bi\u1ebft c\u1ee7a b\u1ea1n v\u1ec1 c\u00e1c ng\u00e2n h\u00e0ng v\u00e0 th\u1ecb tr\u01b0\u1eddng t\u00e0i ch\u00ednh, v\u00e0 c\u00e1ch ch\u00fang li\u00ean quan \u0111\u1ebfn hi\u1ec7u su\u1ea5t. N\u00f3 s\u1ebd gi\u00fap b\u1ea1n th\u0103<\/p>\n\t\t<\/div>\n\t<\/div>\n\t\n\t<div id=\"accordion-2407713034\" class=\"accordion-item\">\n\t\t<a id=\"accordion-2407713034-label\" class=\"accordion-title plain\" href=\"#accordion-item-t\u00f4i-c\u00f3-th\u1ec3-\u0111\u1ec3-t\u00fai-x\u00e1ch-ho\u1eb7c-h\u00e0nh-l\u00fd-t\u1ea1i-\u0111i\u1ec3m-t\u1eadp-trung-kh\u00f4ng?\" aria-expanded=\"false\" aria-controls=\"accordion-2407713034-content\" >\n\t\t\t<button class=\"toggle\" aria-label=\"Toggle\"><i class=\"icon-angle-down\"><\/i><\/button>\n\t\t\t<span>T\u00f4i c\u00f3 th\u1ec3 \u0111\u1ec3 t\u00fai x\u00e1ch ho\u1eb7c h\u00e0nh l\u00fd t\u1ea1i \u0111i\u1ec3m t\u1eadp trung kh\u00f4ng?<\/span>\n\t\t<\/a>\n\t\t<div id=\"accordion-2407713034-content\" class=\"accordion-inner\" aria-labelledby=\"accordion-2407713034-label\" >\n\t\t\t\n<p>\u0110\u01b0\u1ee3c cung c\u1ea5p b\u1edfi Vi\u1ec7n Gi\u00e1o d\u1ee5c KU, ch\u01b0\u01a1ng tr\u00ecnh n\u00e0y c\u00f3 s\u1eb5n b\u1eb1ng c\u00e1ch h\u1ecdc t\u1eeb xa, cho ph\u00e9p b\u1ea1n h\u1ecdc t\u1eadp linh ho\u1ea1t trong khi c\u00e2n b\u1eb1ng gi\u1eefa c\u00f4ng vi\u1ec7c v\u00e0 cu\u1ed9c s\u1ed1ng c\u00e1 nh\u00e2n.<\/p>\n<p>Th\u1ea1c s\u0129 T\u00e0i ch\u00ednh (EG. Ng\u00e2n h\u00e0ng) l\u00e0m s\u00e2u s\u1eafc th\u00eam s\u1ef1 hi\u1ec3u bi\u1ebft c\u1ee7a b\u1ea1n v\u1ec1 c\u00e1c ng\u00e2n h\u00e0ng v\u00e0 th\u1ecb tr\u01b0\u1eddng t\u00e0i ch\u00ednh, v\u00e0 c\u00e1ch ch\u00fang li\u00ean quan \u0111\u1ebfn hi\u1ec7u su\u1ea5t. N\u00f3 s\u1ebd gi\u00fap b\u1ea1n th\u0103<\/p>\n\t\t<\/div>\n\t<\/div>\n\t\n\t<div id=\"accordion-1220587702\" class=\"accordion-item\">\n\t\t<a id=\"accordion-1220587702-label\" class=\"accordion-title plain\" href=\"#accordion-item-tour-c\u00f3-b\u1ecb-h\u1ee7y-do-th\u1eddi-ti\u1ebft-kh\u00f4ng?\" aria-expanded=\"false\" aria-controls=\"accordion-1220587702-content\" >\n\t\t\t<button class=\"toggle\" aria-label=\"Toggle\"><i class=\"icon-angle-down\"><\/i><\/button>\n\t\t\t<span>Tour c\u00f3 b\u1ecb h\u1ee7y do th\u1eddi ti\u1ebft kh\u00f4ng?<\/span>\n\t\t<\/a>\n\t\t<div id=\"accordion-1220587702-content\" class=\"accordion-inner\" aria-labelledby=\"accordion-1220587702-label\" >\n\t\t\t\n<p>\u0110\u01b0\u1ee3c cung c\u1ea5p b\u1edfi Vi\u1ec7n Gi\u00e1o d\u1ee5c KU, ch\u01b0\u01a1ng tr\u00ecnh n\u00e0y c\u00f3 s\u1eb5n b\u1eb1ng c\u00e1ch h\u1ecdc t\u1eeb xa, cho ph\u00e9p b\u1ea1n h\u1ecdc t\u1eadp linh ho\u1ea1t trong khi c\u00e2n b\u1eb1ng gi\u1eefa c\u00f4ng vi\u1ec7c v\u00e0 cu\u1ed9c s\u1ed1ng c\u00e1 nh\u00e2n.<\/p>\n<p>Th\u1ea1c s\u0129 T\u00e0i ch\u00ednh (EG. Ng\u00e2n h\u00e0ng) l\u00e0m s\u00e2u s\u1eafc th\u00eam s\u1ef1 hi\u1ec3u bi\u1ebft c\u1ee7a b\u1ea1n v\u1ec1 c\u00e1c ng\u00e2n h\u00e0ng v\u00e0 th\u1ecb tr\u01b0\u1eddng t\u00e0i ch\u00ednh, v\u00e0 c\u00e1ch ch\u00fang li\u00ean quan \u0111\u1ebfn hi\u1ec7u su\u1ea5t. N\u00f3 s\u1ebd gi\u00fap b\u1ea1n th\u0103<\/p>\n\t\t<\/div>\n\t<\/div>\n\t\n<\/div>\n\t\t<\/div>\n\t\t\t\t\n<style>\n#col-2058551366 > .col-inner {\n  padding: 0px 15px 0px 15px;\n}\n<\/style>\n\t<\/div>\n\n\t\n\n\t<div id=\"col-1248733507\" class=\"col medium-6 small-12 large-6\"  >\n\t\t\t\t<div class=\"col-inner\"  >\n\t\t\t\n\t\t\t\n<h3>Kh\u00e1ch truy c\u1eadp \u0111\u1ea1i h\u1ecdc<\/h3>\n<p>Chuy\u1ebfn tham quan n\u00e0y d\u00e0nh cho sinh vi\u00ean t\u1ed1t nghi\u1ec7p v\u00e0 chuy\u00ean nghi\u1ec7p t\u01b0\u01a1ng lai. T\u1ea5t c\u1ea3 \u0111\u1ec1u \u0111\u01b0\u1ee3c ch\u00e0o \u0111\u00f3n, nh\u01b0ng sinh vi\u00ean quan t\u00e2m \u0111\u1ebfn c\u00e1c ch\u01b0\u01a1ng tr\u00ecnh \u0111\u1ea1i h\u1ecdc c\u00f3 th\u1ec3 mu\u1ed1n truy c\u1eadp trang Tuy\u1ec3n sinh \u0110\u1ea1i h\u1ecdc KU \u0111\u1ec3 c\u00f3 tr\u1ea3i nghi\u1ec7m tham quan ph\u00f9 h\u1ee3p h\u01a1n.<\/p>\n<h3>Ho\u00e0n th\u00e0nh chuy\u1ebfn th\u0103m c\u1ee7a b\u1ea1n<\/h3>\n<p>\u0110\u1ec3 t\u00ecm hi\u1ec3u th\u00eam v\u1ec1 quy tr\u00ecnh tuy\u1ec3n sinh c\u1ee5 th\u1ec3 cho ch\u01b0\u01a1ng tr\u00ecnh c\u1ee7a b\u1ea1n, ch\u00fang t\u00f4i khuy\u00ean b\u1ea1n n\u00ean s\u1eafp x\u1ebfp \u0111\u1ebfn th\u0103m m\u1ed9t tr\u01b0\u1eddng sau \u0111\u1ea1i h\u1ecdc ho\u1eb7c tr\u01b0\u1eddng chuy\u00ean nghi\u1ec7p c\u1ee5 th\u1ec3. Ch\u00fang t\u00f4i khuy\u00ean b\u1ea1n n\u00ean k\u1ebft n\u1ed1i v\u1edbi tr\u01b0\u1eddng ho\u1eb7c b\u1ed9 ph\u1eadn quan t\u00e2m c\u1ee5 th\u1ec3 c\u1ee7a b\u1ea1n tr\u01b0\u1edbc th\u1eddi h\u1ea1n.<\/p>\n<h3>Du kh\u00e1ch n\u01b0\u1edbc ngo\u00e0i<\/h3>\n<p>M\u1ed9t s\u1ef1 thanh th\u1ea3n tuy\u1ec7t v\u1eddi \u0111\u00e3 chi\u1ebfm h\u1eefu to\u00e0n b\u1ed9 t\u00e2m h\u1ed3n t\u00f4i, gi\u1ed1ng nh\u01b0 nh\u1eefng bu\u1ed5i s\u00e1ng ng\u1ecdt ng\u00e0o c\u1ee7a m\u00f9a xu\u00e2n m\u00e0 t\u00f4i t\u1eadn h\u01b0\u1edfng b\u1eb1ng c\u1ea3 tr\u00e1i tim. T\u00f4i \u1edf m\u1ed9t m\u00ecnh, v\u00e0 c\u1ea3m nh\u1eadn s\u1ef1 quy\u1ebfn r\u0169 c\u1ee7a s\u1ef1 t\u1ed3n t\u1ea1i \u1edf n\u01a1i n\u00e0y, \u0111\u01b0\u1ee3c t\u1ea1o ra cho h\u1ea1nh ph\u00fac c\u1ee7a nh\u1eefng linh h\u1ed3n nh\u01b0 t\u00f4i. T\u00f4i r\u1ea5t h\u1ea1nh ph\u00fac, ng\u01b0\u1eddi b\u1ea1n th\u00e2n y\u00eau c\u1ee7a t\u00f4i, qu\u00e1 m\u1ea3i m\u00ea v\u1edbi c\u1ea3m gi\u00e1c tinh t\u1ebf c\u1ee7a s\u1ef1 t\u1ed3n t\u1ea1i y\u00ean t\u0129nh \u0111\u01a1n thu\u1ea7n, \u0111\u1ebfn n\u1ed7i t\u00f4i b\u1ecf b\u00ea t\u00e0i n\u0103ng c\u1ee7a m\u00ecnh. T\u00f4i kh\u00f4ng c\u00f3 kh\u1ea3 n\u0103ng v\u1ebd m\u1ed9t n\u00e9t duy nh\u1ea5t v\u00e0o th\u1eddi \u0111i\u1ec3m hi\u1ec7n t\u1ea1i; nh\u01b0ng t\u00f4i c\u1ea3m th\u1ea5y r\u1eb1ng t\u00f4i ch\u01b0a bao gi\u1edd l\u00e0 m\u1ed9t ngh\u1ec7 s\u0129 v\u0129 \u0111\u1ea1i h\u01a1n b\u00e2y gi\u1edd. Khi, trong khi thung l\u0169ng \u0111\u00e1ng y\u00eau \u0111\u1ea7y h\u01a1i n\u01b0\u1edbc xung quanh t\u00f4i.<\/p>\n\t\t<\/div>\n\t\t\t\t\n<style>\n#col-1248733507 > .col-inner {\n  padding: 0px 15px 0px 15px;\n}\n<\/style>\n\t<\/div>\n\n\t\n\n\t<div id=\"col-430360735\" class=\"col small-12 large-12\"  >\n\t\t\t\t<div class=\"col-inner\"  >\n\t\t\t\n\t\t\t\n<div class=\"is-divider divider clearfix\" style=\"max-width:100%;background-color:rgb(28, 27, 59);\"><\/div>\n\t\t<\/div>\n\t\t\t\t\n<style>\n#col-430360735 > .col-inner {\n  padding: 0px 15px 0px 15px;\n}\n<\/style>\n\t<\/div>\n\n\t\n\n\t<div id=\"col-227594297\" class=\"col medium-6 small-12 large-6\"  >\n\t\t\t\t<div class=\"col-inner\"  >\n\t\t\t\n\t\t\t\n<h3>Th\u1eddi gian tham quan khu\u00f4n vi\u00ean tr\u01b0\u1eddng<\/h3>\n\t<div id=\"gap-371089825\" class=\"gap-element clearfix\" style=\"display:block; height:auto;\">\n\t\t\n<style>\n#gap-371089825 {\n  padding-top: 30px;\n}\n<\/style>\n\t<\/div>\n\t\n<p>Ch\u00fang t\u00f4i ho\u1ea1t \u0111\u1ed9ng t\u1eeb th\u1ee9 Hai \u0111\u1ebfn th\u1ee9 S\u00e1u l\u00fac 11 gi\u1edd s\u00e1ng v\u00e0 3 gi\u1edd chi\u1ec1u, tr\u1eeb ng\u00e0y l\u1ec5.<\/p>\n<h4>Trung t\u00e2m tuy\u1ec3n sinh c\u1ee7a Charlie<\/h4>\n<p>223 Campus Way NE<br \/>Bothell, WA 98011-8246<\/p>\n<p>\u0110i\u1ec7n tho\u1ea1i : +1-3425-2335-44<\/p>\n<p>Th\u01b0 \u0111i\u1ec7n t\u1eed : contact@king.edu<\/p>\n\t\t<\/div>\n\t\t\t\t\n<style>\n#col-227594297 > .col-inner {\n  padding: 0px 15px 0px 15px;\n}\n<\/style>\n\t<\/div>\n\n\t\n\n\t<div id=\"col-1083347344\" class=\"col form-dat-lich-hen medium-6 small-12 large-6\"  >\n\t\t\t\t<div class=\"col-inner\"  >\n\t\t\t\n\t\t\t\n<h3>\u0110\u1eb7t l\u1ecbch h\u1eb9n<\/h3>\n\t<div id=\"gap-906632938\" class=\"gap-element clearfix\" style=\"display:block; height:auto;\">\n\t\t\n<style>\n#gap-906632938 {\n  padding-top: 30px;\n}\n<\/style>\n\t<\/div>\n\t\n\n<div class=\"wpcf7 no-js\" id=\"wpcf7-f384-o1\" lang=\"vi\" dir=\"ltr\">\n<div class=\"screen-reader-response\"><p role=\"status\" aria-live=\"polite\" aria-atomic=\"true\"><\/p> <ul><\/ul><\/div>\n<form action=\"\/en\/wp-json\/wp\/v2\/pages\/570#wpcf7-f384-o1\" method=\"post\" class=\"wpcf7-form init\" aria-label=\"Form li\u00ean h\u1ec7\" novalidate=\"novalidate\" data-status=\"init\">\n<div style=\"display: none;\">\n<input type=\"hidden\" name=\"_wpcf7\" value=\"384\" \/>\n<input type=\"hidden\" name=\"_wpcf7_version\" value=\"5.8.7\" \/>\n<input type=\"hidden\" name=\"_wpcf7_locale\" value=\"vi\" \/>\n<input type=\"hidden\" name=\"_wpcf7_unit_tag\" value=\"wpcf7-f384-o1\" \/>\n<input type=\"hidden\" name=\"_wpcf7_container_post\" value=\"0\" \/>\n<input type=\"hidden\" name=\"_wpcf7_posted_data_hash\" value=\"\" \/>\n<\/div>\n<div style=\"display: none\"><p><span class=\"wpcf7-form-control-wrap\" data-name=\"mbws\"><input size=\"40\" class=\"wpcf7-form-control wpcf7-text\" aria-invalid=\"false\" value=\"\" type=\"text\" name=\"mbws\"><\/span><\/p><\/div><p><span class=\"wpcf7-form-control-wrap\" data-name=\"your-name\"><input size=\"40\" class=\"wpcf7-form-control wpcf7-text wpcf7-validates-as-required\" autocomplete=\"name\" aria-required=\"true\" aria-invalid=\"false\" placeholder=\"H\u1ecd t\u00ean*\" value=\"\" type=\"text\" name=\"your-name\" \/><\/span><br \/>\n<span class=\"wpcf7-form-control-wrap\" data-name=\"your-date\"><input class=\"wpcf7-form-control wpcf7-date wpcf7-validates-as-required wpcf7-validates-as-date\" aria-required=\"true\" aria-invalid=\"false\" placeholder=\"dd\/mm\/yyyy\" value=\"\" type=\"date\" name=\"your-date\" \/><\/span><br \/>\n<span class=\"wpcf7-form-control-wrap\" data-name=\"your-time\"><select class=\"wpcf7-form-control wpcf7-select wpcf7-validates-as-required\" aria-required=\"true\" aria-invalid=\"false\" name=\"your-time\"><option value=\"Ch\u1ecdn th\u1eddi gian\">Ch\u1ecdn th\u1eddi gian<\/option><option value=\"11:30\">11:30<\/option><option value=\"15:00\">15:00<\/option><\/select><\/span><br \/>\n<span class=\"wpcf7-form-control-wrap\" data-name=\"your-phone\"><input size=\"40\" class=\"wpcf7-form-control wpcf7-tel wpcf7-validates-as-required wpcf7-text wpcf7-validates-as-tel\" aria-required=\"true\" aria-invalid=\"false\" placeholder=\"\u0110i\u1ec7n tho\u1ea1i*\" value=\"\" type=\"tel\" name=\"your-phone\" \/><\/span><br \/>\n<span class=\"wpcf7-form-control-wrap\" data-name=\"your-email\"><input size=\"40\" class=\"wpcf7-form-control wpcf7-email wpcf7-validates-as-required wpcf7-text wpcf7-validates-as-email\" autocomplete=\"email\" aria-required=\"true\" aria-invalid=\"false\" placeholder=\"Email*\" value=\"\" type=\"email\" name=\"your-email\" \/><\/span><br \/>\n<span class=\"wpcf7-form-control-wrap\" data-name=\"your-message\"><textarea cols=\"40\" rows=\"10\" class=\"wpcf7-form-control wpcf7-textarea wpcf7-validates-as-required\" aria-required=\"true\" aria-invalid=\"false\" placeholder=\"Y\u00eau c\u1ea7u \u0111\u1eb7c bi\u1ec7t\" name=\"your-message\"><\/textarea><\/span><br \/>\n<input class=\"wpcf7-form-control wpcf7-submit has-spinner\" type=\"submit\" value=\"G\u1eedi \u0111i\" \/>\n<\/p><div class=\"wpcf7-response-output\" aria-hidden=\"true\"><\/div>\n<\/form>\n<\/div>\n\n\t\t<\/div>\n\t\t\t\t\n<style>\n#col-1083347344 > .col-inner {\n  padding: 0px 15px 0px 15px;\n}\n<\/style>\n\t<\/div>\n\n\t\n<\/div>\n\t\t<\/div>\n\n\t\t\n<style>\n#section_953843651 {\n  padding-top: 60px;\n  padding-bottom: 60px;\n}\n<\/style>\n\t<\/section>\n\t\n","protected":false},"excerpt":{"rendered":"","protected":false},"author":1,"featured_media":0,"parent":0,"menu_order":0,"comment_status":"closed","ping_status":"closed","template":"page-transparent-header-light.php","meta":{"footnotes":""},"class_list":["post-570","page","type-page","status-publish","hentry"],"acf":[],"_links":{"self":[{"href":"https:\/\/ceahcm.edu.vn\/en\/wp-json\/wp\/v2\/pages\/570","targetHints":{"allow":["GET"]}}],"collection":[{"href":"https:\/\/ceahcm.edu.vn\/en\/wp-json\/wp\/v2\/pages"}],"about":[{"href":"https:\/\/ceahcm.edu.vn\/en\/wp-json\/wp\/v2\/types\/page"}],"author":[{"embeddable":true,"href":"https:\/\/ceahcm.edu.vn\/en\/wp-json\/wp\/v2\/users\/1"}],"replies":[{"embeddable":true,"href":"https:\/\/ceahcm.edu.vn\/en\/wp-json\/wp\/v2\/comments?post=570"}],"version-history":[{"count":1,"href":"https:\/\/ceahcm.edu.vn\/en\/wp-json\/wp\/v2\/pages\/570\/revisions"}],"predecessor-version":[{"id":571,"href":"https:\/\/ceahcm.edu.vn\/en\/wp-json\/wp\/v2\/pages\/570\/revisions\/571"}],"wp:attachment":[{"href":"https:\/\/ceahcm.edu.vn\/en\/wp-json\/wp\/v2\/media?parent=570"}],"curies":[{"name":"wp","href":"https:\/\/api.w.org\/{rel}","templated":true}]}}