{"id":576,"date":"2024-01-23T17:40:35","date_gmt":"2024-01-23T10:40:35","guid":{"rendered":"https:\/\/ceavnuhcmeduvn139.mbws.vn\/hoc-bong\/"},"modified":"2024-05-30T17:44:30","modified_gmt":"2024-05-30T10:44:30","slug":"hoc-bong","status":"publish","type":"page","link":"https:\/\/ceahcm.edu.vn\/en\/hoc-bong\/","title":{"rendered":"Scholarship"},"content":{"rendered":"\t<section class=\"section top-gradient bottom-gradient dark\" id=\"section_173144000\">\n\t\t<div class=\"bg section-bg fill bg-fill  \" >\n\n\t\t\t\n\t\t\t<div class=\"section-bg-overlay absolute fill\"><\/div>\n\t\t\t\n\n\t\t<\/div>\n\n\t\t\n\n\t\t<div class=\"section-content relative\">\n\t\t\t\n<div class=\"row row-collapse align-bottom\"  id=\"row-1567361949\">\n\n\t<div id=\"col-1173914085\" class=\"col medium-4 small-12 large-4\"  >\n\t\t\t\t<div class=\"col-inner text-left\"  >\n\t\t\t\n\t\t\t\n<div class=\"container section-title-container\" style=\"max-width:100%;\"><h1 class=\"section-title section-title-normal\"><b><\/b><span class=\"section-title-main\" style=\"font-size:120%;\">H\u1ecdc b\u1ed5ng<\/span><b><\/b><\/h1><\/div>\n\t\t<\/div>\n\t\t\t\t\n<style>\n#col-1173914085 > .col-inner {\n  padding: 200px 30px 0px 30px;\n}\n@media (min-width:550px) {\n  #col-1173914085 > .col-inner {\n    padding: 0px 50px 0px 30px;\n  }\n}\n@media (min-width:850px) {\n  #col-1173914085 > .col-inner {\n    padding: 0px 50px 0px 0px;\n  }\n}\n<\/style>\n\t<\/div>\n\n\t\n\n\t<div id=\"col-1620491056\" class=\"col medium-8 small-12 large-8\"  >\n\t\t\t\t<div class=\"col-inner\"  >\n\t\t\t\n\t\t\t\n\t<div id=\"text-2486264290\" class=\"text\">\n\t\t\n<p>\u0110\u1ea1i h\u1ecdc Kingster cung c\u1ea5p nhi\u1ec1u lo\u1ea1i h\u1ecdc b\u1ed5ng v\u00e0 h\u1ecdc b\u1ed5ng \u0111\u01b0\u1ee3c thi\u1ebft k\u1ebf \u0111\u1ec3 gi\u00fap b\u1ea1n v\u00e0 gia \u0111\u00ecnh b\u1ea1n tr\u1ea3 ti\u1ec1n h\u1ecdc \u0111\u1ea1i h\u1ecdc. H\u1ecdc b\u1ed5ng v\u00e0 tr\u1ee3 c\u1ea5p l\u00e0 c\u00e1c lo\u1ea1i h\u1ed7 tr\u1ee3 qu\u00e0 t\u1eb7ng kh\u00f4ng ph\u1ea3i ho\u00e0n tr\u1ea3. H\u1ecd c\u00f3 th\u1ec3 \u1edf d\u1ea1ng h\u1ecdc b\u1ed5ng \u0110\u1ea1i h\u1ecdc, tr\u1ee3 c\u1ea5p li\u00ean bang ho\u1eb7c ti\u1ec3u bang, ho\u1eb7c h\u1ecdc b\u1ed5ng b\u00ean ngo\u00e0i.<\/p>\n\t\t\n<style>\n#text-2486264290 {\n  font-size: 1.2rem;\n}\n<\/style>\n\t<\/div>\n\t\n\t\t<\/div>\n\t\t\t\t\n<style>\n#col-1620491056 > .col-inner {\n  padding: 50px 30px 0px 30px;\n}\n@media (min-width:550px) {\n  #col-1620491056 > .col-inner {\n    padding: 340px 0px 0px 0px;\n  }\n}\n<\/style>\n\t<\/div>\n\n\t\n<\/div>\n\t\t<\/div>\n\n\t\t\n<style>\n#section_173144000 {\n  padding-top: 0px;\n  padding-bottom: 0px;\n  min-height: 300px;\n}\n#section_173144000 .section-bg-overlay {\n  background-color: rgba(0, 0, 0, 0.331);\n}\n#section_173144000 .section-bg.bg-loaded {\n  background-image: url(https:\/\/ceahcm.edu.vn\/wp-content\/uploads\/shutterstock_183400235.jpg);\n}\n#section_173144000 .section-bg {\n  background-position: 61% 27%;\n}\n@media (min-width:550px) {\n  #section_173144000 {\n    min-height: 500px;\n  }\n}\n@media (min-width:850px) {\n  #section_173144000 {\n    min-height: 700px;\n  }\n}\n<\/style>\n\t<\/section>\n\t\n\t<section class=\"section\" id=\"section_1977989842\">\n\t\t<div class=\"bg section-bg fill bg-fill  bg-loaded\" >\n\n\t\t\t\n\t\t\t\n\t\t\t\n\n\t\t<\/div>\n\n\t\t\n\n\t\t<div class=\"section-content relative\">\n\t\t\t\n<div class=\"row\"  id=\"row-1652353754\">\n\n\t<div id=\"col-448959730\" class=\"col small-12 large-12\"  >\n\t\t\t\t<div class=\"col-inner\"  >\n\t\t\t\n\t\t\t\n\t<div id=\"text-842931130\" class=\"text\">\n\t\t\n<h3>Ngu\u1ed3n h\u1ecdc b\u1ed5ng<\/h3>\n\t\t\n<style>\n#text-842931130 {\n  font-size: 1.4rem;\n  line-height: 1;\n}\n<\/style>\n\t<\/div>\n\t\n\t\t<\/div>\n\t\t\t\t\n<style>\n#col-448959730 > .col-inner {\n  padding: 0px 15px 0px 15px;\n}\n<\/style>\n\t<\/div>\n\n\t\n\n\t<div id=\"col-102411821\" class=\"col medium-4 small-12 large-4\"  >\n\t\t\t\t<div class=\"col-inner\"  >\n\t\t\t\n\t\t\t\n<h3>H\u1ecdc b\u1ed5ng Kingsters<\/h3>\n<p>\u0110\u1ea1i h\u1ecdc Kingster cung c\u1ea5p nhi\u1ec1u lo\u1ea1i h\u1ecdc b\u1ed5ng v\u00e0 h\u1ecdc b\u1ed5ng \u0111\u01b0\u1ee3c thi\u1ebft k\u1ebf \u0111\u1ec3 gi\u00fap b\u1ea1n v\u00e0 gia \u0111\u00ecnh b\u1ea1n tr\u1ea3 ti\u1ec1n h\u1ecdc \u0111\u1ea1i h\u1ecdc. H\u1ecdc b\u1ed5ng v\u00e0 tr\u1ee3 c\u1ea5p l\u00e0 nh\u1eefng lo\u1ea1i qu\u00e0 t\u1eb7ng.<\/p>\n<a href=\"#\" class=\"button primary is-link lowercase\"  >\n    <span>\u0110\u1ecdc th\u00eam<\/span>\n  <i class=\"icon-angle-right\" aria-hidden=\"true\" ><\/i><\/a>\n\n\t\t<\/div>\n\t\t\t\t\n<style>\n#col-102411821 > .col-inner {\n  padding: 0px 15px 0px 15px;\n}\n<\/style>\n\t<\/div>\n\n\t\n\n\t<div id=\"col-1340220971\" class=\"col medium-4 small-12 large-4\"  >\n\t\t\t\t<div class=\"col-inner\"  >\n\t\t\t\n\t\t\t\n<h3>Ch\u01b0\u01a1ng tr\u00ecnh t\u00e0i tr\u1ee3 li\u00ean bang<\/h3>\n<p>Kingster kh\u00f4ng ch\u1ec9 l\u00e0 m\u1ed9t n\u01a1i \u0111\u1ec3 h\u1ecdc, m\u00e0 c\u00f2n l\u00e0 m\u1ed9t c\u1ed9ng \u0111\u1ed3ng \u0111a v\u0103n h\u00f3a, n\u01a1i h\u1ecdc sinh c\u00f3 c\u01a1 h\u1ed9i g\u1eb7p g\u1ee1 v\u00e0 h\u1ecdc h\u1ecfi t\u1eeb nhau. V\u1edbi c\u00e1c ch\u01b0\u01a1ng tr\u00ecnh h\u1ecdc \u0111a d\u1ea1ng t\u1eeb tr\u00ecnh \u0111\u1ed9 ti\u1ec3u h\u1ecdc \u0111\u1ebfn tr\u00ecnh \u0111\u1ed9 \u0111\u1ea1i h\u1ecdc.<\/p>\n<a href=\"#\" class=\"button primary is-link lowercase\"  >\n    <span>\u0110\u1ecdc th\u00eam<\/span>\n  <i class=\"icon-angle-right\" aria-hidden=\"true\" ><\/i><\/a>\n\n\t\t<\/div>\n\t\t\t\t\n<style>\n#col-1340220971 > .col-inner {\n  padding: 0px 15px 0px 15px;\n}\n<\/style>\n\t<\/div>\n\n\t\n\n\t<div id=\"col-209371084\" class=\"col medium-4 small-12 large-4\"  >\n\t\t\t\t<div class=\"col-inner\"  >\n\t\t\t\n\t\t\t\n<h3>H\u1ecdc b\u1ed5ng Nh\u00e0 n\u01b0\u1edbc<\/h3>\n<p>\u0110\u1ea1i h\u1ecdc Kingster cung c\u1ea5p nhi\u1ec1u lo\u1ea1i h\u1ecdc b\u1ed5ng v\u00e0 h\u1ecdc b\u1ed5ng \u0111\u01b0\u1ee3c thi\u1ebft k\u1ebf \u0111\u1ec3 gi\u00fap b\u1ea1n v\u00e0 gia \u0111\u00ecnh b\u1ea1n tr\u1ea3 ti\u1ec1n h\u1ecdc \u0111\u1ea1i h\u1ecdc. H\u1ecdc b\u1ed5ng v\u00e0 tr\u1ee3 c\u1ea5p l\u00e0 nh\u1eefng lo\u1ea1i qu\u00e0 t\u1eb7ng.<\/p>\n<a href=\"#\" class=\"button primary is-link lowercase\"  >\n    <span>\u0110\u1ecdc th\u00eam<\/span>\n  <i class=\"icon-angle-right\" aria-hidden=\"true\" ><\/i><\/a>\n\n\t\t<\/div>\n\t\t\t\t\n<style>\n#col-209371084 > .col-inner {\n  padding: 0px 15px 0px 15px;\n}\n<\/style>\n\t<\/div>\n\n\t\n<\/div>\n\t\t<\/div>\n\n\t\t\n<style>\n#section_1977989842 {\n  padding-top: 60px;\n  padding-bottom: 60px;\n}\n<\/style>\n\t<\/section>\n\t\n\t<section class=\"section\" id=\"section_1350057602\">\n\t\t<div class=\"bg section-bg fill bg-fill  bg-loaded\" >\n\n\t\t\t\n\t\t\t\n\t\t\t\n\n\t\t<\/div>\n\n\t\t\n\n\t\t<div class=\"section-content relative\">\n\t\t\t\n<div class=\"row row-collapse align-equal\"  id=\"row-1336419045\">\n\n\t<div id=\"col-1844845107\" class=\"col medium-6 small-12 large-6\"  >\n\t\t\t\t<div class=\"col-inner\"  >\n\t\t\t\n\t\t\t\n\t<div id=\"gap-481888059\" class=\"gap-element clearfix\" style=\"display:block; height:auto;\">\n\t\t\n<style>\n#gap-481888059 {\n  padding-top: 20px;\n}\n<\/style>\n\t<\/div>\n\t\n\t<div id=\"text-3965925968\" class=\"text\">\n\t\t\n<h3>Y\u00eau c\u1ea7u<\/h3>\n\t\t\n<style>\n#text-3965925968 {\n  line-height: 1;\n}\n<\/style>\n\t<\/div>\n\t\n\t<div id=\"gap-1109000280\" class=\"gap-element clearfix\" style=\"display:block; height:auto;\">\n\t\t\n<style>\n#gap-1109000280 {\n  padding-top: 30px;\n}\n<\/style>\n\t<\/div>\n\t\n\t<div id=\"text-2044545903\" class=\"text\">\n\t\t\n<p>Kingster kh\u00f4ng ch\u1ec9 l\u00e0 m\u1ed9t n\u01a1i \u0111\u1ec3 h\u1ecdc, m\u00e0 c\u00f2n l\u00e0 m\u1ed9t c\u1ed9ng \u0111\u1ed3ng \u0111a v\u0103n h\u00f3a, n\u01a1i h\u1ecdc sinh c\u00f3 c\u01a1 h\u1ed9i g\u1eb7p g\u1ee1 v\u00e0 h\u1ecdc h\u1ecfi t\u1eeb nhau.<\/p>\n\t\t\n<style>\n#text-2044545903 {\n  font-size: 1.2rem;\n  color: #c50227;\n}\n#text-2044545903 > * {\n  color: #c50227;\n}\n<\/style>\n\t<\/div>\n\t\n<div  class=\"icon-list-item\">\n\t\t<div class=\"icon-list-image\">\n\t\t\t\t\n<p><i class=\"fa fa-dot-circle-o\" style=\"color: #c50227;font-size: 18px ;width: 18px ;\"><\/i><br \/>\n\t\t<\/div>\n\t\n\t<div id=\"text-47075164\" class=\"text icon-list-content\">\n\t\t\n<p>B\u1ea1n l\u00e0 sinh vi\u00ean to\u00e0n th\u1eddi gian (\u00edt nh\u1ea5t 12 \u0111i\u1ec3m).<\/p>\n\t\t\t<\/div>\n\t\n<\/div>\n<div  class=\"icon-list-item\">\n\t\t<div class=\"icon-list-image\">\n\t\t\t\t\n<p><i class=\"fa fa-dot-circle-o\" style=\"color: #c50227;font-size: 18px ;width: 18px ;\"><\/i><br \/>\n\t\t<\/div>\n\t\n\t<div id=\"text-3854784282\" class=\"text icon-list-content\">\n\t\t\n<p>B\u1ea1n \u0111\u00e3 n\u1ed9p \u0111\u01a1n xin h\u1ed7 tr\u1ee3 t\u00e0i ch\u00ednh \u0111\u00fang h\u1ea1n.<\/p>\n\t\t\t<\/div>\n\t\n<\/div>\n<div  class=\"icon-list-item\">\n\t\t<div class=\"icon-list-image\">\n\t\t\t\t\n<p><i class=\"fa fa-dot-circle-o\" style=\"color: #c50227;font-size: 18px ;width: 18px ;\"><\/i><br \/>\n\t\t<\/div>\n\t\n\t<div id=\"text-960780574\" class=\"text icon-list-content\">\n\t\t\n<p>B\u1ea1n \u0111ang \u0111\u00e1p \u1ee9ng c\u00e1c ti\u00eau chu\u1ea9n Ti\u1ebfn b\u1ed9 H\u1ecdc t\u1eadp \u0110\u1ea1t y\u00eau c\u1ea7u.<\/p>\n\t\t\t<\/div>\n\t\n<\/div>\n<div  class=\"icon-list-item\">\n\t\t<div class=\"icon-list-image\">\n\t\t\t\t\n<p><i class=\"fa fa-dot-circle-o\" style=\"color: #c50227;font-size: 18px ;width: 18px ;\"><\/i><br \/>\n\t\t<\/div>\n\t\n\t<div id=\"text-2288257473\" class=\"text icon-list-content\">\n\t\t\n<p>B\u1ea1n c\u00f3 nhu c\u1ea7u t\u00e0i ch\u00ednh x\u1ea5p x\u1ec9 nh\u01b0 b\u1ea1n \u0111\u00e3 c\u00f3 trong nh\u1eefng n\u0103m tr\u01b0\u1edbc.<\/p>\n\t\t\t<\/div>\n\t\n<\/div>\n<div class=\"is-divider divider clearfix\" style=\"max-width:100%;background-color:rgb(197, 2, 39);\"><\/div>\n<h3>H\u01b0\u1edbng d\u1eabn v\u00e0 t\u01b0 v\u1ea5n<\/h3>\n<p>Ngo\u00e0i ra, Kingster c\u00f2n \u0111\u1eb7c bi\u1ec7t ch\u00fa tr\u1ecdng \u0111\u1ebfn vi\u1ec7c ph\u00e1t tri\u1ec3n k\u1ef9 n\u0103ng m\u1ec1m v\u00e0 t\u01b0 duy to\u00e0n di\u1ec7n. Tr\u01b0\u1eddng lu\u00f4n khuy\u1ebfn kh\u00edch h\u1ecdc sinh tham gia v\u00e0o ho\u1ea1t \u0111\u1ed9ng ngo\u1ea1i kh\u00f3a, t\u1ed5 ch\u1ee9c s\u1ef1 ki\u1ec7n x\u00e3 h\u1ed9i v\u00e0 t\u00ecnh nguy\u1ec7n, gi\u00fap h\u1ecd tr\u1edf th\u00e0nh nh\u1eefng c\u00f4ng d\u00e2n to\u00e0n c\u1ea7u c\u00f3 l\u00f2ng nh\u00e2n \u00e1i v\u00e0 tinh th\u1ea7n l\u00e3nh \u0111\u1ea1o.<\/p>\n\t\t<\/div>\n\t\t\t\t\n<style>\n#col-1844845107 > .col-inner {\n  padding: 0px 30px 0px 30px;\n}\n@media (min-width:550px) {\n  #col-1844845107 > .col-inner {\n    padding: 0px 66px 0px 0px;\n  }\n}\n<\/style>\n\t<\/div>\n\n\t\n\n\t<div id=\"col-1779621203\" class=\"col medium-6 small-12 large-6\"  >\n\t\t\t\t<div class=\"col-inner dark\"  >\n\t\t\t\n\t\t\t\n\n  <div class=\"banner has-hover bg-col-right-fullwidth\" id=\"banner-542316969\">\n          <div class=\"banner-inner fill\">\n        <div class=\"banner-bg fill\" >\n            <div class=\"bg fill bg-fill \"><\/div>\n                                    \n                    <\/div>\n\t\t\n        <div class=\"banner-layers container\">\n            <div class=\"fill banner-link\"><\/div>            \n   <div id=\"text-box-1633158891\" class=\"text-box banner-layer x50 md-x50 lg-x50 y50 md-y50 lg-y50 res-text\">\n                                <div class=\"text-box-content text dark\">\n              \n              <div class=\"text-inner text-center\">\n                  \n              <\/div>\n           <\/div>\n                            \n<style>\n#text-box-1633158891 {\n  width: 60%;\n}\n#text-box-1633158891 .text-box-content {\n  font-size: 100%;\n}\n@media (min-width:550px) {\n  #text-box-1633158891 {\n    width: 60%;\n  }\n}\n<\/style>\n    <\/div>\n \n        <\/div>\n      <\/div>\n\n              <div class=\"height-fix is-invisible\"><\/div>\n            \n<style>\n#banner-542316969 {\n  background-color: rgb(245, 245, 245);\n}\n<\/style>\n  <\/div>\n\n\n\t<div class=\"img has-hover x md-x lg-x y md-y lg-y\" id=\"image_316073302\">\n\t\t\t\t\t\t\t\t<div class=\"img-inner dark\" >\n\t\t\t<img loading=\"lazy\" decoding=\"async\" width=\"800\" height=\"517\" src=\"https:\/\/ceahcm.edu.vn\/wp-content\/uploads\/scholarship-student.jpg\" class=\"attachment-original size-original\" alt=\"\" \/>\t\t\t\t\t\t\n\t\t\t\t\t<\/div>\n\t\t\t\t\t\t\t\t\n<style>\n#image_316073302 {\n  width: 100%;\n}\n<\/style>\n\t<\/div>\n\t\n\t<div id=\"text-522486913\" class=\"text\">\n\t\t\n<h3>Sinh vi\u00ean n\u1ed5i b\u1eadt (H\u1ecdc b\u1ed5ng)<\/h3>\n<p>Kingster kh\u00f4ng ch\u1ec9 l\u00e0 m\u1ed9t n\u01a1i \u0111\u1ec3 h\u1ecdc, m\u00e0 c\u00f2n l\u00e0 m\u1ed9t c\u1ed9ng \u0111\u1ed3ng \u0111a v\u0103n h\u00f3a, n\u01a1i h\u1ecdc sinh c\u00f3 c\u01a1 h\u1ed9i g\u1eb7p g\u1ee1 v\u00e0 h\u1ecdc h\u1ecfi t\u1eeb nhau. Trong m\u1ed9t m\u00f4i tr\u01b0\u1eddng h\u1ecdc t\u1eadp th\u00e2n thi\u1ec7n v\u00e0 \u0111a d\u1ea1ng, Kingster khuy\u1ebfn kh\u00edch s\u1ef1 s\u00e1ng t\u1ea1o, t\u01b0 duy ph\u1ea3n bi\u1ec7n v\u00e0 tr\u00e1ch nhi\u1ec7m x\u00e3 h\u1ed9i. V\u1edbi c\u00e1c ch\u01b0\u01a1ng tr\u00ecnh h\u1ecdc \u0111a d\u1ea1ng t\u1eeb tr\u00ecnh \u0111\u1ed9 ti\u1ec3u h\u1ecdc \u0111\u1ebfn tr\u00ecnh \u0111\u1ed9 \u0111\u1ea1i h\u1ecdc, Kingster cung c\u1ea5p s\u1ef1 l\u1ef1a ch\u1ecdn phong ph\u00fa cho m\u1ecdi \u0111\u1ed1i t\u01b0\u1ee3ng h\u1ecdc sinh.<\/p>\n\t\t\n<style>\n#text-522486913 {\n  color: rgb(0,0,0);\n}\n#text-522486913 > * {\n  color: rgb(0,0,0);\n}\n<\/style>\n\t<\/div>\n\t\n\t\t<\/div>\n\t\t\t\t\n<style>\n#col-1779621203 > .col-inner {\n  padding: 66px 30px 66px 30px;\n}\n@media (min-width:550px) {\n  #col-1779621203 > .col-inner {\n    padding: 66px 0px 66px 66px;\n  }\n}\n<\/style>\n\t<\/div>\n\n\t\n<\/div>\n\t\t<\/div>\n\n\t\t\n<style>\n#section_1350057602 {\n  padding-top: 30px;\n  padding-bottom: 30px;\n  min-height: 500px;\n  background-color: rgb(255, 255, 255);\n}\n<\/style>\n\t<\/section>\n\t\n\t<section class=\"section\" id=\"section_602047751\">\n\t\t<div class=\"bg section-bg fill bg-fill  bg-loaded\" >\n\n\t\t\t\n\t\t\t\n\t\t\t\n\n\t\t<\/div>\n\n\t\t\n\n\t\t<div class=\"section-content relative\">\n\t\t\t\n<div class=\"row\"  id=\"row-1041730995\">\n\n\t<div id=\"col-173961515\" class=\"col medium-6 small-12 large-6\"  >\n\t\t\t\t<div class=\"col-inner\"  >\n\t\t\t\n\t\t\t\n<h3>Th\u1eddi gian tham quan khu\u00f4n vi\u00ean tr\u01b0\u1eddng<\/h3>\n\t<div id=\"gap-1380872072\" class=\"gap-element clearfix\" style=\"display:block; height:auto;\">\n\t\t\n<style>\n#gap-1380872072 {\n  padding-top: 30px;\n}\n<\/style>\n\t<\/div>\n\t\n<p>Ch\u00fang t\u00f4i ho\u1ea1t \u0111\u1ed9ng t\u1eeb th\u1ee9 Hai \u0111\u1ebfn th\u1ee9 S\u00e1u l\u00fac 11 gi\u1edd s\u00e1ng v\u00e0 3 gi\u1edd chi\u1ec1u, tr\u1eeb ng\u00e0y l\u1ec5.<\/p>\n<h4>Trung t\u00e2m tuy\u1ec3n sinh c\u1ee7a Charlie<\/h4>\n<p>123 \u0110\u01b0\u1eddng s\u1ed1 1, Ph\u01b0\u1eddng 1,<br \/>Qu\u1eadn T\u00e2n B\u00ecnh, TP.HCM<\/p>\n<p>\u0110i\u1ec7n tho\u1ea1i: +1-3425-2335-44<\/p>\n<p>Email: contact@king.edu<\/p>\n\t\t<\/div>\n\t\t\t\t\n<style>\n#col-173961515 > .col-inner {\n  padding: 0px 15px 0px 15px;\n}\n<\/style>\n\t<\/div>\n\n\t\n\n\t<div id=\"col-1933696189\" class=\"col medium-6 small-12 large-6\"  >\n\t\t\t\t<div class=\"col-inner\"  >\n\t\t\t\n\t\t\t\n\t<div id=\"text-1813574047\" class=\"text\">\n\t\t\n<h3>C\u00e2u h\u1ecfi th\u01b0\u1eddng g\u1eb7p<\/h3>\n\t\t\n<style>\n#text-1813574047 {\n  font-size: 1.4rem;\n  line-height: 1;\n}\n<\/style>\n\t<\/div>\n\t\n\t<div id=\"gap-2066818275\" class=\"gap-element clearfix\" style=\"display:block; height:auto;\">\n\t\t\n<style>\n#gap-2066818275 {\n  padding-top: 30px;\n}\n<\/style>\n\t<\/div>\n\t\n<div class=\"accordion mbws-faq\">\n\t<div id=\"accordion-156802024\" class=\"accordion-item\">\n\t\t<a id=\"accordion-156802024-label\" class=\"accordion-title plain active\" href=\"#accordion-item-chuy\u1ebfn-tham-quan-s\u1ebd-m\u1ea5t-bao-l\u00e2u?\" aria-expanded=\"true\" aria-controls=\"accordion-156802024-content\" >\n\t\t\t<button class=\"toggle\" aria-label=\"Toggle\"><i class=\"icon-angle-down\"><\/i><\/button>\n\t\t\t<span>Chuy\u1ebfn tham quan s\u1ebd m\u1ea5t bao l\u00e2u?<\/span>\n\t\t<\/a>\n\t\t<div id=\"accordion-156802024-content\" class=\"accordion-inner\" style=\"display: block;\" aria-labelledby=\"accordion-156802024-label\" >\n\t\t\t\n<p>\u0110\u01b0\u1ee3c cung c\u1ea5p b\u1edfi Vi\u1ec7n Gi\u00e1o d\u1ee5c KU, ch\u01b0\u01a1ng tr\u00ecnh n\u00e0y c\u00f3 s\u1eb5n b\u1eb1ng c\u00e1ch h\u1ecdc t\u1eeb xa, cho ph\u00e9p b\u1ea1n h\u1ecdc t\u1eadp linh ho\u1ea1t trong khi c\u00e2n b\u1eb1ng gi\u1eefa c\u00f4ng vi\u1ec7c v\u00e0 cu\u1ed9c s\u1ed1ng c\u00e1 nh\u00e2n.<\/p>\n<p>Th\u1ea1c s\u0129 T\u00e0i ch\u00ednh (EG. Ng\u00e2n h\u00e0ng) l\u00e0m s\u00e2u s\u1eafc th\u00eam s\u1ef1 hi\u1ec3u bi\u1ebft c\u1ee7a b\u1ea1n v\u1ec1 c\u00e1c ng\u00e2n h\u00e0ng v\u00e0 th\u1ecb tr\u01b0\u1eddng t\u00e0i ch\u00ednh, v\u00e0 c\u00e1ch ch\u00fang li\u00ean quan \u0111\u1ebfn hi\u1ec7u su\u1ea5t. N\u00f3 s\u1ebd gi\u00fap b\u1ea1n th\u0103<\/p>\n\t\t<\/div>\n\t<\/div>\n\t\n\t<div id=\"accordion-3838587984\" class=\"accordion-item\">\n\t\t<a id=\"accordion-3838587984-label\" class=\"accordion-title plain\" href=\"#accordion-item-g\u1ea7n-\u0111\u00f3-c\u00f3-ch\u1ed7-\u0111\u1ed7-xe-n\u00e0o-kh\u00f4ng?\" aria-expanded=\"false\" aria-controls=\"accordion-3838587984-content\" >\n\t\t\t<button class=\"toggle\" aria-label=\"Toggle\"><i class=\"icon-angle-down\"><\/i><\/button>\n\t\t\t<span>G\u1ea7n \u0111\u00f3 c\u00f3 ch\u1ed7 \u0111\u1ed7 xe n\u00e0o kh\u00f4ng?<\/span>\n\t\t<\/a>\n\t\t<div id=\"accordion-3838587984-content\" class=\"accordion-inner\" aria-labelledby=\"accordion-3838587984-label\" >\n\t\t\t\n<p>\u0110\u01b0\u1ee3c cung c\u1ea5p b\u1edfi Vi\u1ec7n Gi\u00e1o d\u1ee5c KU, ch\u01b0\u01a1ng tr\u00ecnh n\u00e0y c\u00f3 s\u1eb5n b\u1eb1ng c\u00e1ch h\u1ecdc t\u1eeb xa, cho ph\u00e9p b\u1ea1n h\u1ecdc t\u1eadp linh ho\u1ea1t trong khi c\u00e2n b\u1eb1ng gi\u1eefa c\u00f4ng vi\u1ec7c v\u00e0 cu\u1ed9c s\u1ed1ng c\u00e1 nh\u00e2n.<\/p>\n<p>Th\u1ea1c s\u0129 T\u00e0i ch\u00ednh (EG. Ng\u00e2n h\u00e0ng) l\u00e0m s\u00e2u s\u1eafc th\u00eam s\u1ef1 hi\u1ec3u bi\u1ebft c\u1ee7a b\u1ea1n v\u1ec1 c\u00e1c ng\u00e2n h\u00e0ng v\u00e0 th\u1ecb tr\u01b0\u1eddng t\u00e0i ch\u00ednh, v\u00e0 c\u00e1ch ch\u00fang li\u00ean quan \u0111\u1ebfn hi\u1ec7u su\u1ea5t. N\u00f3 s\u1ebd gi\u00fap b\u1ea1n th\u0103<\/p>\n\t\t<\/div>\n\t<\/div>\n\t\n\t<div id=\"accordion-2050282090\" class=\"accordion-item\">\n\t\t<a id=\"accordion-2050282090-label\" class=\"accordion-title plain\" href=\"#accordion-item-t\u00f4i-c\u00f3-th\u1ec3-\u0111\u1ec3-t\u00fai-x\u00e1ch-ho\u1eb7c-h\u00e0nh-l\u00fd-t\u1ea1i-\u0111i\u1ec3m-t\u1eadp-trung-kh\u00f4ng?\" aria-expanded=\"false\" aria-controls=\"accordion-2050282090-content\" >\n\t\t\t<button class=\"toggle\" aria-label=\"Toggle\"><i class=\"icon-angle-down\"><\/i><\/button>\n\t\t\t<span>T\u00f4i c\u00f3 th\u1ec3 \u0111\u1ec3 t\u00fai x\u00e1ch ho\u1eb7c h\u00e0nh l\u00fd t\u1ea1i \u0111i\u1ec3m t\u1eadp trung kh\u00f4ng?<\/span>\n\t\t<\/a>\n\t\t<div id=\"accordion-2050282090-content\" class=\"accordion-inner\" aria-labelledby=\"accordion-2050282090-label\" >\n\t\t\t\n<p>\u0110\u01b0\u1ee3c cung c\u1ea5p b\u1edfi Vi\u1ec7n Gi\u00e1o d\u1ee5c KU, ch\u01b0\u01a1ng tr\u00ecnh n\u00e0y c\u00f3 s\u1eb5n b\u1eb1ng c\u00e1ch h\u1ecdc t\u1eeb xa, cho ph\u00e9p b\u1ea1n h\u1ecdc t\u1eadp linh ho\u1ea1t trong khi c\u00e2n b\u1eb1ng gi\u1eefa c\u00f4ng vi\u1ec7c v\u00e0 cu\u1ed9c s\u1ed1ng c\u00e1 nh\u00e2n.<\/p>\n<p>Th\u1ea1c s\u0129 T\u00e0i ch\u00ednh (EG. Ng\u00e2n h\u00e0ng) l\u00e0m s\u00e2u s\u1eafc th\u00eam s\u1ef1 hi\u1ec3u bi\u1ebft c\u1ee7a b\u1ea1n v\u1ec1 c\u00e1c ng\u00e2n h\u00e0ng v\u00e0 th\u1ecb tr\u01b0\u1eddng t\u00e0i ch\u00ednh, v\u00e0 c\u00e1ch ch\u00fang li\u00ean quan \u0111\u1ebfn hi\u1ec7u su\u1ea5t. N\u00f3 s\u1ebd gi\u00fap b\u1ea1n th\u0103<\/p>\n\t\t<\/div>\n\t<\/div>\n\t\n\t<div id=\"accordion-1595507838\" class=\"accordion-item\">\n\t\t<a id=\"accordion-1595507838-label\" class=\"accordion-title plain\" href=\"#accordion-item-tour-c\u00f3-b\u1ecb-h\u1ee7y-do-th\u1eddi-ti\u1ebft-kh\u00f4ng?\" aria-expanded=\"false\" aria-controls=\"accordion-1595507838-content\" >\n\t\t\t<button class=\"toggle\" aria-label=\"Toggle\"><i class=\"icon-angle-down\"><\/i><\/button>\n\t\t\t<span>Tour c\u00f3 b\u1ecb h\u1ee7y do th\u1eddi ti\u1ebft kh\u00f4ng?<\/span>\n\t\t<\/a>\n\t\t<div id=\"accordion-1595507838-content\" class=\"accordion-inner\" aria-labelledby=\"accordion-1595507838-label\" >\n\t\t\t\n<p>\u0110\u01b0\u1ee3c cung c\u1ea5p b\u1edfi Vi\u1ec7n Gi\u00e1o d\u1ee5c KU, ch\u01b0\u01a1ng tr\u00ecnh n\u00e0y c\u00f3 s\u1eb5n b\u1eb1ng c\u00e1ch h\u1ecdc t\u1eeb xa, cho ph\u00e9p b\u1ea1n h\u1ecdc t\u1eadp linh ho\u1ea1t trong khi c\u00e2n b\u1eb1ng gi\u1eefa c\u00f4ng vi\u1ec7c v\u00e0 cu\u1ed9c s\u1ed1ng c\u00e1 nh\u00e2n.<\/p>\n<p>Th\u1ea1c s\u0129 T\u00e0i ch\u00ednh (EG. Ng\u00e2n h\u00e0ng) l\u00e0m s\u00e2u s\u1eafc th\u00eam s\u1ef1 hi\u1ec3u bi\u1ebft c\u1ee7a b\u1ea1n v\u1ec1 c\u00e1c ng\u00e2n h\u00e0ng v\u00e0 th\u1ecb tr\u01b0\u1eddng t\u00e0i ch\u00ednh, v\u00e0 c\u00e1ch ch\u00fang li\u00ean quan \u0111\u1ebfn hi\u1ec7u su\u1ea5t. N\u00f3 s\u1ebd gi\u00fap b\u1ea1n th\u0103<\/p>\n\t\t<\/div>\n\t<\/div>\n\t\n<\/div>\n\t\t<\/div>\n\t\t\t\t\n<style>\n#col-1933696189 > .col-inner {\n  padding: 0px 15px 0px 15px;\n}\n<\/style>\n\t<\/div>\n\n\t\n<\/div>\n\t\t<\/div>\n\n\t\t\n<style>\n#section_602047751 {\n  padding-top: 60px;\n  padding-bottom: 60px;\n}\n<\/style>\n\t<\/section>\n\t\n","protected":false},"excerpt":{"rendered":"","protected":false},"author":1,"featured_media":0,"parent":0,"menu_order":0,"comment_status":"closed","ping_status":"closed","template":"page-transparent-header-light.php","meta":{"footnotes":""},"class_list":["post-576","page","type-page","status-publish","hentry"],"acf":[],"_links":{"self":[{"href":"https:\/\/ceahcm.edu.vn\/en\/wp-json\/wp\/v2\/pages\/576","targetHints":{"allow":["GET"]}}],"collection":[{"href":"https:\/\/ceahcm.edu.vn\/en\/wp-json\/wp\/v2\/pages"}],"about":[{"href":"https:\/\/ceahcm.edu.vn\/en\/wp-json\/wp\/v2\/types\/page"}],"author":[{"embeddable":true,"href":"https:\/\/ceahcm.edu.vn\/en\/wp-json\/wp\/v2\/users\/1"}],"replies":[{"embeddable":true,"href":"https:\/\/ceahcm.edu.vn\/en\/wp-json\/wp\/v2\/comments?post=576"}],"version-history":[{"count":1,"href":"https:\/\/ceahcm.edu.vn\/en\/wp-json\/wp\/v2\/pages\/576\/revisions"}],"predecessor-version":[{"id":577,"href":"https:\/\/ceahcm.edu.vn\/en\/wp-json\/wp\/v2\/pages\/576\/revisions\/577"}],"wp:attachment":[{"href":"https:\/\/ceahcm.edu.vn\/en\/wp-json\/wp\/v2\/media?parent=576"}],"curies":[{"name":"wp","href":"https:\/\/api.w.org\/{rel}","templated":true}]}}