{"id":579,"date":"2024-01-23T18:54:05","date_gmt":"2024-01-23T11:54:05","guid":{"rendered":"https:\/\/ceavnuhcmeduvn139.mbws.vn\/tai-tro\/"},"modified":"2024-05-30T17:45:38","modified_gmt":"2024-05-30T10:45:38","slug":"tai-tro","status":"publish","type":"page","link":"https:\/\/ceahcm.edu.vn\/en\/tai-tro\/","title":{"rendered":"Sponsor"},"content":{"rendered":"\t<section class=\"section top-gradient bottom-gradient\" id=\"section_1721608970\">\n\t\t<div class=\"bg section-bg fill bg-fill  \" >\n\n\t\t\t\n\t\t\t<div class=\"section-bg-overlay absolute fill\"><\/div>\n\t\t\t\n\n\t\t<\/div>\n\n\t\t\n\n\t\t<div class=\"section-content relative\">\n\t\t\t\n<div class=\"row row-collapse\"  id=\"row-1970601085\">\n\n\t<div id=\"col-376694167\" class=\"col small-12 large-12\"  >\n\t\t\t\t<div class=\"col-inner\"  >\n\t\t\t\n\t\t\t\n  <div id=\"page-header-1932303319\" class=\"page-header-wrapper\">\n  <div class=\"page-title dark simple-title\">\n\n    \n    <div class=\"page-title-inner container align-bottom flex-row medium-flex-wrap\" >\n              <div class=\"title-wrapper is-larger flex-col text-left medium-text-center\">\n          <h1 class=\"entry-title mb-0\">\n            Nh\u00e0 t\u00e0i tr\u1ee3          <\/h1>\n        <\/div>\n                <div class=\"page-title-sub op-7 flex-col ml medium-text-center\">\n          <p class=\"lead\">Tr\u1edf th\u00e0nh<\/p>\n        <\/div>\n                    <div class=\"title-content flex-col flex-right text-right medium-text-center\">\n        <div class=\"title-breadcrumbs pb-half pt-half\"><\/div>      <\/div>\n    <\/div>\n\n     \n<style>\n#page-header-1932303319 .title-bg {\n  background-position: 53% 20%;\n}\n<\/style>\n  <\/div>\n    <\/div>\n  \n\t\t<\/div>\n\t\t\t\t\n<style>\n#col-376694167 > .col-inner {\n  padding: 340px 0px 0px 0px;\n}\n<\/style>\n\t<\/div>\n\n\t\n<\/div>\n\t\t<\/div>\n\n\t\t\n<style>\n#section_1721608970 {\n  padding-top: 0px;\n  padding-bottom: 0px;\n  min-height: 700px;\n}\n#section_1721608970 .section-bg-overlay {\n  background-color: rgba(0, 0, 0, 0.331);\n}\n#section_1721608970 .section-bg.bg-loaded {\n  background-image: url(https:\/\/ceahcm.edu.vn\/wp-content\/uploads\/shutterstock_177301904.jpg);\n}\n#section_1721608970 .section-bg {\n  background-position: 52% 0%;\n}\n<\/style>\n\t<\/section>\n\t\n\t<section class=\"section\" id=\"section_784094324\">\n\t\t<div class=\"bg section-bg fill bg-fill  bg-loaded\" >\n\n\t\t\t\n\t\t\t\n\t\t\t\n\n\t\t<\/div>\n\n\t\t\n\n\t\t<div class=\"section-content relative\">\n\t\t\t\n<div class=\"row\"  id=\"row-1395357961\">\n\n\t<div id=\"col-1144233243\" class=\"col medium-8 small-12 large-8\"  >\n\t\t\t\t<div class=\"col-inner\"  >\n\t\t\t\n\t\t\t\n<h3>Gi\u1edbi thi\u1ec7u v\u1ec1 Kingster Fund<\/h3>\n<p>Ch\u00fang t\u00f4i ti\u1ebfp t\u1ee5c th\u00edch nghi v\u1edbi nh\u1eefng c\u00e1ch gi\u1ea3ng d\u1ea1y m\u1edbi, ng\u00e0nh h\u1ecdc m\u1edbi v\u00e0 c\u00e1ch h\u1ecdc m\u1edbi. M\u00f3n qu\u00e0 c\u1ee7a b\u1ea1n l\u00e0m phong ph\u00fa th\u00eam tr\u1ea3i nghi\u1ec7m c\u1ee7a t\u1ea5t c\u1ea3 sinh vi\u00ean b\u1eb1ng c\u00e1ch h\u1ed7 tr\u1ee3 c\u00e1c n\u1ed7 l\u1ef1c tuy\u1ec3n d\u1ee5ng gi\u1ea3ng vi\u00ean h\u00e0ng \u0111\u1ea7u, m\u1edf r\u1ed9ng c\u00e1c ch\u01b0\u01a1ng tr\u00ecnh h\u1ecdc t\u1eadp v\u00e0 \u0111\u00e1p \u1ee9ng nhu c\u1ea7u m\u1edbi n\u1ed5i c\u1ee7a khu\u00f4n vi\u00ean tr\u01b0\u1eddng v\u00e0 th\u1ebf gi\u1edbi c\u1ee7a ch\u00fang t\u00f4i.<\/p>\n<p>\u0110\u1ea1i h\u1ecdc Kingster kh\u00f4ng ch\u1ec9 cung c\u1ea5p cho b\u1ea1n nh\u1eefng k\u1ef9 n\u0103ng th\u1ef1c t\u1ebf c\u1ea7n thi\u1ebft \u0111\u1ec3 chuy\u1ec3n \u0111\u1ed5i li\u1ec1n m\u1ea1ch v\u00e0o l\u1ef1c l\u01b0\u1ee3ng lao \u0111\u1ed9ng sau khi t\u1ed1t nghi\u1ec7p, m\u00e0 ch\u00fang t\u00f4i c\u00f2n \u0111\u1ea3m b\u1ea3o r\u1eb1ng b\u1ea1n s\u1ebd c\u00f3 \u00fd th\u1ee9c t\u1ed1t v\u1ec1 c\u00f4ng b\u1eb1ng x\u00e3 h\u1ed9i \u0111\u1ec3 b\u1ea1n th\u1ef1c hi\u1ec7n qu\u00e1 tr\u00ecnh chuy\u1ec3n \u0111\u1ed5i c\u00f3 tr\u00e1ch nhi\u1ec7m.<\/p>\n\t<div class=\"img has-hover x md-x lg-x y md-y lg-y\" id=\"image_449796200\">\n\t\t\t\t\t\t\t\t<div class=\"img-inner dark\" >\n\t\t\t<img loading=\"lazy\" decoding=\"async\" width=\"1000\" height=\"296\" src=\"https:\/\/ceahcm.edu.vn\/wp-content\/uploads\/support-building.jpg\" class=\"attachment-original size-original\" alt=\"\" \/>\t\t\t\t\t\t\n\t\t\t\t\t<\/div>\n\t\t\t\t\t\t\t\t\n<style>\n#image_449796200 {\n  width: 100%;\n}\n<\/style>\n\t<\/div>\n\t\n<div class=\"row\"  id=\"row-287761880\">\n\n\t<div id=\"col-2033809720\" class=\"col small-12 large-12\"  >\n\t\t\t\t<div class=\"col-inner\"  >\n\t\t\t\n\t\t\t\n<div class=\"container section-title-container\" style=\"margin-top:20px;margin-bottom:0px;\"><h3 class=\"section-title section-title-bold\"><b><\/b><span class=\"section-title-main\" >C\u00e1c t\u00f9y ch\u1ecdn t\u00e0i tr\u1ee3<\/span><b><\/b><\/h3><\/div>\n\t\t<\/div>\n\t\t\t\t\t<\/div>\n\n\t\n\n\t<div id=\"col-926131734\" class=\"col medium-4 small-12 large-4\"  >\n\t\t\t\t<div class=\"col-inner\"  >\n\t\t\t\n\t\t\t\n\n  <div class=\"banner has-hover\" id=\"banner-185200298\">\n          <div class=\"banner-inner fill\">\n        <div class=\"banner-bg fill\" >\n            <div class=\"bg fill bg-fill \"><\/div>\n                        <div class=\"overlay\"><\/div>            \n                    <\/div>\n\t\t\n        <div class=\"banner-layers container\">\n            <div class=\"fill banner-link\"><\/div>            \n   <div id=\"text-box-78433625\" class=\"text-box banner-layer x50 md-x50 lg-x50 y50 md-y50 lg-y50 res-text\">\n                                <div class=\"text-box-content text dark\">\n              \n              <div class=\"text-inner text-center\">\n                  \n\t<div id=\"text-927909998\" class=\"text\">\n\t\t\n<p>H\u1ecdc b\u1ed5ng sinh vi\u00ean<\/p>\n\t\t\n<style>\n#text-927909998 {\n  font-size: 1rem;\n  line-height: 1;\n}\n<\/style>\n\t<\/div>\n\t\n              <\/div>\n           <\/div>\n                            \n<style>\n#text-box-78433625 {\n  width: 100%;\n}\n#text-box-78433625 .text-box-content {\n  font-size: 100%;\n}\n<\/style>\n    <\/div>\n \n        <\/div>\n      <\/div>\n\n            \n<style>\n#banner-185200298 {\n  padding-top: 50%;\n}\n#banner-185200298 .bg.bg-loaded {\n  background-image: url(https:\/\/ceahcm.edu.vn\/wp-content\/uploads\/post-thumbnail-4.jpg);\n}\n#banner-185200298 .overlay {\n  background-color: rgba(197, 2, 39, 0.843);\n}\n#banner-185200298 .bg {\n  background-position: 49% 50%;\n}\n<\/style>\n  <\/div>\n\n\n\t\t<\/div>\n\t\t\t\t\t<\/div>\n\n\t\n\n\t<div id=\"col-860301663\" class=\"col medium-4 small-12 large-4\"  >\n\t\t\t\t<div class=\"col-inner\"  >\n\t\t\t\n\t\t\t\n\n  <div class=\"banner has-hover\" id=\"banner-2474322\">\n          <div class=\"banner-inner fill\">\n        <div class=\"banner-bg fill\" >\n            <div class=\"bg fill bg-fill \"><\/div>\n                        <div class=\"overlay\"><\/div>            \n                    <\/div>\n\t\t\n        <div class=\"banner-layers container\">\n            <div class=\"fill banner-link\"><\/div>            \n   <div id=\"text-box-1579950496\" class=\"text-box banner-layer x50 md-x50 lg-x50 y50 md-y50 lg-y50 res-text\">\n                                <div class=\"text-box-content text dark\">\n              \n              <div class=\"text-inner text-center\">\n                  \n\t<div id=\"text-3648813530\" class=\"text\">\n\t\t\n<p>Trung h\u1ecdc &#038; Cao \u0111\u1eb3ng<\/p>\n\t\t\n<style>\n#text-3648813530 {\n  font-size: 1rem;\n  line-height: 1;\n}\n<\/style>\n\t<\/div>\n\t\n              <\/div>\n           <\/div>\n                            \n<style>\n#text-box-1579950496 {\n  width: 100%;\n}\n#text-box-1579950496 .text-box-content {\n  font-size: 100%;\n}\n<\/style>\n    <\/div>\n \n        <\/div>\n      <\/div>\n\n            \n<style>\n#banner-2474322 {\n  padding-top: 50%;\n}\n#banner-2474322 .bg.bg-loaded {\n  background-image: url(https:\/\/ceahcm.edu.vn\/wp-content\/uploads\/post-thumbnail-4.jpg);\n}\n#banner-2474322 .overlay {\n  background-color: rgba(197, 2, 39, 0.843);\n}\n#banner-2474322 .bg {\n  background-position: 49% 50%;\n}\n<\/style>\n  <\/div>\n\n\n\t\t<\/div>\n\t\t\t\t\t<\/div>\n\n\t\n\n\t<div id=\"col-1848334124\" class=\"col medium-4 small-12 large-4\"  >\n\t\t\t\t<div class=\"col-inner\"  >\n\t\t\t\n\t\t\t\n\n  <div class=\"banner has-hover\" id=\"banner-1100476159\">\n          <div class=\"banner-inner fill\">\n        <div class=\"banner-bg fill\" >\n            <div class=\"bg fill bg-fill \"><\/div>\n                        <div class=\"overlay\"><\/div>            \n                    <\/div>\n\t\t\n        <div class=\"banner-layers container\">\n            <div class=\"fill banner-link\"><\/div>            \n   <div id=\"text-box-2067459292\" class=\"text-box banner-layer x50 md-x50 lg-x50 y50 md-y50 lg-y50 res-text\">\n                                <div class=\"text-box-content text dark\">\n              \n              <div class=\"text-inner text-center\">\n                  \n\t<div id=\"text-3641196460\" class=\"text\">\n\t\t\n<p>Th\u01b0 vi\u1ec7n &#038; V\u0103n h\u00f3a<\/p>\n\t\t\n<style>\n#text-3641196460 {\n  font-size: 1rem;\n  line-height: 1;\n}\n<\/style>\n\t<\/div>\n\t\n              <\/div>\n           <\/div>\n                            \n<style>\n#text-box-2067459292 {\n  width: 100%;\n}\n#text-box-2067459292 .text-box-content {\n  font-size: 100%;\n}\n<\/style>\n    <\/div>\n \n        <\/div>\n      <\/div>\n\n            \n<style>\n#banner-1100476159 {\n  padding-top: 50%;\n}\n#banner-1100476159 .bg.bg-loaded {\n  background-image: url(https:\/\/ceahcm.edu.vn\/wp-content\/uploads\/post-thumbnail-4.jpg);\n}\n#banner-1100476159 .overlay {\n  background-color: rgba(197, 2, 39, 0.843);\n}\n#banner-1100476159 .bg {\n  background-position: 49% 50%;\n}\n<\/style>\n  <\/div>\n\n\n\t\t<\/div>\n\t\t\t\t\t<\/div>\n\n\t\n\n\t<div id=\"col-748582070\" class=\"col medium-4 small-12 large-4\"  >\n\t\t\t\t<div class=\"col-inner\"  >\n\t\t\t\n\t\t\t\n\n  <div class=\"banner has-hover\" id=\"banner-67724370\">\n          <div class=\"banner-inner fill\">\n        <div class=\"banner-bg fill\" >\n            <div class=\"bg fill bg-fill \"><\/div>\n                        <div class=\"overlay\"><\/div>            \n                    <\/div>\n\t\t\n        <div class=\"banner-layers container\">\n            <div class=\"fill banner-link\"><\/div>            \n   <div id=\"text-box-203622286\" class=\"text-box banner-layer x50 md-x50 lg-x50 y50 md-y50 lg-y50 res-text\">\n                                <div class=\"text-box-content text dark\">\n              \n              <div class=\"text-inner text-center\">\n                  \n\t<div id=\"text-2972655970\" class=\"text\">\n\t\t\n<p>H\u1ed7 tr\u1ee3 \u0111\u1ed9i th\u1ec3 thao<\/p>\n\t\t\n<style>\n#text-2972655970 {\n  font-size: 1rem;\n  line-height: 1;\n}\n<\/style>\n\t<\/div>\n\t\n              <\/div>\n           <\/div>\n                            \n<style>\n#text-box-203622286 {\n  width: 100%;\n}\n#text-box-203622286 .text-box-content {\n  font-size: 100%;\n}\n<\/style>\n    <\/div>\n \n        <\/div>\n      <\/div>\n\n            \n<style>\n#banner-67724370 {\n  padding-top: 50%;\n}\n#banner-67724370 .bg.bg-loaded {\n  background-image: url(https:\/\/ceahcm.edu.vn\/wp-content\/uploads\/post-thumbnail-4.jpg);\n}\n#banner-67724370 .overlay {\n  background-color: rgba(197, 2, 39, 0.843);\n}\n#banner-67724370 .bg {\n  background-position: 49% 50%;\n}\n<\/style>\n  <\/div>\n\n\n\t\t<\/div>\n\t\t\t\t\t<\/div>\n\n\t\n\n\t<div id=\"col-1879420059\" class=\"col medium-4 small-12 large-4\"  >\n\t\t\t\t<div class=\"col-inner\"  >\n\t\t\t\n\t\t\t\n\n  <div class=\"banner has-hover\" id=\"banner-1381356676\">\n          <div class=\"banner-inner fill\">\n        <div class=\"banner-bg fill\" >\n            <div class=\"bg fill bg-fill \"><\/div>\n                        <div class=\"overlay\"><\/div>            \n                    <\/div>\n\t\t\n        <div class=\"banner-layers container\">\n            <div class=\"fill banner-link\"><\/div>            \n   <div id=\"text-box-258296781\" class=\"text-box banner-layer x50 md-x50 lg-x50 y50 md-y50 lg-y50 res-text\">\n                                <div class=\"text-box-content text dark\">\n              \n              <div class=\"text-inner text-center\">\n                  \n\t<div id=\"text-1942458846\" class=\"text\">\n\t\t\n<p>Cu\u1ed9c s\u1ed1ng sinh vi\u00ean<\/p>\n\t\t\n<style>\n#text-1942458846 {\n  font-size: 1rem;\n  line-height: 1;\n}\n<\/style>\n\t<\/div>\n\t\n              <\/div>\n           <\/div>\n                            \n<style>\n#text-box-258296781 {\n  width: 100%;\n}\n#text-box-258296781 .text-box-content {\n  font-size: 100%;\n}\n<\/style>\n    <\/div>\n \n        <\/div>\n      <\/div>\n\n            \n<style>\n#banner-1381356676 {\n  padding-top: 50%;\n}\n#banner-1381356676 .bg.bg-loaded {\n  background-image: url(https:\/\/ceahcm.edu.vn\/wp-content\/uploads\/post-thumbnail-4.jpg);\n}\n#banner-1381356676 .overlay {\n  background-color: rgba(197, 2, 39, 0.843);\n}\n#banner-1381356676 .bg {\n  background-position: 49% 50%;\n}\n<\/style>\n  <\/div>\n\n\n\t\t<\/div>\n\t\t\t\t\t<\/div>\n\n\t\n\n\t<div id=\"col-1567530879\" class=\"col medium-4 small-12 large-4\"  >\n\t\t\t\t<div class=\"col-inner\"  >\n\t\t\t\n\t\t\t\n\n  <div class=\"banner has-hover\" id=\"banner-892887218\">\n          <div class=\"banner-inner fill\">\n        <div class=\"banner-bg fill\" >\n            <div class=\"bg fill bg-fill \"><\/div>\n                        <div class=\"overlay\"><\/div>            \n                    <\/div>\n\t\t\n        <div class=\"banner-layers container\">\n            <div class=\"fill banner-link\"><\/div>            \n   <div id=\"text-box-2044292562\" class=\"text-box banner-layer x50 md-x50 lg-x50 y50 md-y50 lg-y50 res-text\">\n                                <div class=\"text-box-content text dark\">\n              \n              <div class=\"text-inner text-center\">\n                  \n\t<div id=\"text-4110622752\" class=\"text\">\n\t\t\n<p>Qu\u1ef9 kh\u1ea9n c\u1ea5p<\/p>\n\t\t\n<style>\n#text-4110622752 {\n  font-size: 1rem;\n  line-height: 1;\n}\n<\/style>\n\t<\/div>\n\t\n              <\/div>\n           <\/div>\n                            \n<style>\n#text-box-2044292562 {\n  width: 100%;\n}\n#text-box-2044292562 .text-box-content {\n  font-size: 100%;\n}\n<\/style>\n    <\/div>\n \n        <\/div>\n      <\/div>\n\n            \n<style>\n#banner-892887218 {\n  padding-top: 50%;\n}\n#banner-892887218 .bg.bg-loaded {\n  background-image: url(https:\/\/ceahcm.edu.vn\/wp-content\/uploads\/post-thumbnail-4.jpg);\n}\n#banner-892887218 .overlay {\n  background-color: rgba(197, 2, 39, 0.843);\n}\n#banner-892887218 .bg {\n  background-position: 49% 50%;\n}\n<\/style>\n  <\/div>\n\n\n\t\t<\/div>\n\t\t\t\t\t<\/div>\n\n\t\n<\/div>\n<div class=\"row\"  id=\"row-1500619462\">\n\n\t<div id=\"col-1629491908\" class=\"col small-12 large-12\"  >\n\t\t\t\t<div class=\"col-inner\"  >\n\t\t\t\n\t\t\t\n<div class=\"container section-title-container\" style=\"margin-top:20px;margin-bottom:0px;\"><h3 class=\"section-title section-title-bold\"><b><\/b><span class=\"section-title-main\" >T\u1ea1i sao l\u1ea1i t\u00e0i tr\u1ee3 cho Kingster?<\/span><b><\/b><\/h3><\/div>\n<div class=\"accordion\">\n\t<div id=\"accordion-201180540\" class=\"accordion-item\">\n\t\t<a id=\"accordion-201180540-label\" class=\"accordion-title plain\" href=\"#accordion-item-h\u1ecdc-b\u1ed5ng-sinh-vi\u00ean\" aria-expanded=\"false\" aria-controls=\"accordion-201180540-content\" >\n\t\t\t<button class=\"toggle\" aria-label=\"Toggle\"><i class=\"icon-angle-down\"><\/i><\/button>\n\t\t\t<span>H\u1ecdc b\u1ed5ng sinh vi\u00ean<\/span>\n\t\t<\/a>\n\t\t<div id=\"accordion-201180540-content\" class=\"accordion-inner\" aria-labelledby=\"accordion-201180540-label\" >\n\t\t\t\n<p>M\u1ed9t bu\u1ed5i s\u00e1ng, khi Gregor Samsa th\u1ee9c d\u1eady t\u1eeb nh\u1eefng gi\u1ea5c m\u01a1 r\u1eafc r\u1ed1i, anh th\u1ea5y m\u00ecnh b\u1ecb bi\u1ebfn \u0111\u1ed5i tr\u00ean gi\u01b0\u1eddng th\u00e0nh m\u1ed9t con s\u00e2u b\u1ecd kh\u1ee7ng khi\u1ebfp. Anh ta n\u1eb1m tr\u00ean t\u1ea5m l\u01b0ng gi\u1ed1ng nh\u01b0 \u00e1o gi\u00e1p c\u1ee7a m\u00ecnh, v\u00e0 n\u1ebfu anh ta ng\u1ea9ng \u0111\u1ea7u l\u00ean m\u1ed9t ch\u00fat, anh ta c\u00f3 th\u1ec3 nh\u00ecn th\u1ea5y c\u00e1i b\u1ee5ng m\u00e0u n\u00e2u c\u1ee7a m\u00ecnh, h\u01a1i v\u00f2m v\u00e0 \u0111\u01b0\u1ee3c chia b\u1edfi c\u00e1c v\u00f2m th\u00e0nh nh\u1eefng ph\u1ea7n c\u1ee9ng. B\u1ed9 \u0111\u1ed3 gi\u01b0\u1eddng h\u1ea7u nh\u01b0 kh\u00f4ng th\u1ec3 che n\u00f3 v\u00e0 d\u01b0\u1eddng nh\u01b0 s\u1eb5n s\u00e0ng tr\u01b0\u1ee3t ra b\u1ea5t c\u1ee9 l\u00fac n\u00e0o. \u0110\u00f4i ch\u00e2n c\u1ee7a anh ta, g\u1ea7y m\u1ed9t c\u00e1ch \u0111\u00e1ng th\u01b0\u01a1ng so v\u1edbi k\u00edch th\u01b0\u1edbc c\u1ee7a nh\u1eefng ng\u01b0\u1eddi c\u00f2n l\u1ea1i, v\u1eaby tay b\u1ea5t l\u1ef1c khi anh ta nh\u00ecn. &#8220;Chuy\u1ec7n g\u00ec \u0111\u00e3 x\u1ea3y ra v\u1edbi m\u00ecnh?&#8221; anh ngh\u0129. \u0110\u00f3 kh\u00f4ng ph\u1ea3i l\u00e0 m\u1ed9t gi\u1ea5c m\u01a1. Ph\u00f2ng c\u1ee7a anh \u1ea5y, m\u1ed9t c\u0103n ph\u00f2ng th\u00edch h\u1ee3p c\u1ee7a con ng\u01b0\u1eddi m\u1eb7c d\u00f9.<\/p>\n\t\t<\/div>\n\t<\/div>\n\t\n\t<div id=\"accordion-853600325\" class=\"accordion-item\">\n\t\t<a id=\"accordion-853600325-label\" class=\"accordion-title plain\" href=\"#accordion-item-tr\u01b0\u1eddng-h\u1ecdc\" aria-expanded=\"false\" aria-controls=\"accordion-853600325-content\" >\n\t\t\t<button class=\"toggle\" aria-label=\"Toggle\"><i class=\"icon-angle-down\"><\/i><\/button>\n\t\t\t<span>Tr\u01b0\u1eddng h\u1ecdc<\/span>\n\t\t<\/a>\n\t\t<div id=\"accordion-853600325-content\" class=\"accordion-inner\" aria-labelledby=\"accordion-853600325-label\" >\n\t\t\t\n\t\t<\/div>\n\t<\/div>\n\t\n\t<div id=\"accordion-1995937000\" class=\"accordion-item\">\n\t\t<a id=\"accordion-1995937000-label\" class=\"accordion-title plain\" href=\"#accordion-item-th\u01b0-vi\u1ec7n-&#038;-v\u0103n-h\u00f3a\" aria-expanded=\"false\" aria-controls=\"accordion-1995937000-content\" >\n\t\t\t<button class=\"toggle\" aria-label=\"Toggle\"><i class=\"icon-angle-down\"><\/i><\/button>\n\t\t\t<span>Th\u01b0 vi\u1ec7n & V\u0103n h\u00f3a<\/span>\n\t\t<\/a>\n\t\t<div id=\"accordion-1995937000-content\" class=\"accordion-inner\" aria-labelledby=\"accordion-1995937000-label\" >\n\t\t\t\n\t\t<\/div>\n\t<\/div>\n\t\n\t<div id=\"accordion-1376618764\" class=\"accordion-item\">\n\t\t<a id=\"accordion-1376618764-label\" class=\"accordion-title plain\" href=\"#accordion-item-\u0110\u1ed9i-th\u1ec3-thao\" aria-expanded=\"false\" aria-controls=\"accordion-1376618764-content\" >\n\t\t\t<button class=\"toggle\" aria-label=\"Toggle\"><i class=\"icon-angle-down\"><\/i><\/button>\n\t\t\t<span>\u0110\u1ed9i th\u1ec3 thao<\/span>\n\t\t<\/a>\n\t\t<div id=\"accordion-1376618764-content\" class=\"accordion-inner\" aria-labelledby=\"accordion-1376618764-label\" >\n\t\t\t\n\t\t<\/div>\n\t<\/div>\n\t\n\t<div id=\"accordion-4221007951\" class=\"accordion-item\">\n\t\t<a id=\"accordion-4221007951-label\" class=\"accordion-title plain\" href=\"#accordion-item-cu\u1ed9c-s\u1ed1ng-sinh-vi\u00ean\" aria-expanded=\"false\" aria-controls=\"accordion-4221007951-content\" >\n\t\t\t<button class=\"toggle\" aria-label=\"Toggle\"><i class=\"icon-angle-down\"><\/i><\/button>\n\t\t\t<span>Cu\u1ed9c s\u1ed1ng sinh vi\u00ean<\/span>\n\t\t<\/a>\n\t\t<div id=\"accordion-4221007951-content\" class=\"accordion-inner\" aria-labelledby=\"accordion-4221007951-label\" >\n\t\t\t\n\t\t<\/div>\n\t<\/div>\n\t\n<\/div>\n\t\t<\/div>\n\t\t\t\t\t<\/div>\n\n\t\n<\/div>\n\t\t<\/div>\n\t\t\t\t\t<\/div>\n\n\t\n\n\t<div id=\"col-1731490070\" class=\"col medium-4 small-12 large-4\"  >\n\t\t\t\t<div class=\"col-inner\"  >\n\t\t\t\n\t\t\t\n<a href=\"#\" class=\"button primary is-large lowercase expand\"  style=\"padding:10px 30px 10px 30px;\">\n    <span>Tr\u1edf th\u00e0nh nh\u00e0 t\u00e0i tr\u1ee3<\/span>\n  <\/a>\n\n\t<div id=\"gap-1991562917\" class=\"gap-element clearfix\" style=\"display:block; height:auto;\">\n\t\t\n<style>\n#gap-1991562917 {\n  padding-top: 10px;\n}\n<\/style>\n\t<\/div>\n\t\n<div class=\"row row-collapse\"  id=\"row-872187571\">\n\n\t<div id=\"col-327824461\" class=\"col small-12 large-12\"  >\n\t\t\t\t<div class=\"col-inner dark\" style=\"background-color:#1c1b3b;\" >\n\t\t\t\n\t\t\t\n<h3>Th\u00f4ng tin li\u00ean h\u1ec7 c\u1ee7a Khoa<\/h3>\n<p>1810 Campus Way NE<br \/>\nBothell, WA 98011-8246<\/p>\n<p>+1-2345-5432-45<br \/>\nbsba@kuuniver.edu<\/p>\n<p>Th\u1ee9 Hai &#8211; Th\u1ee9 S\u00e1u 9:00 s\u00e1ng &#8211; 5:00 chi\u1ec1u<\/p>\n<h3>Th\u00f4ng tin x\u00e3 h\u1ed9i<\/h3>\n<div class=\"social-icons follow-icons primary-small\" ><a href=\"#\" target=\"_blank\" data-label=\"Facebook\" class=\"icon plain facebook tooltip\" title=\"Follow on Facebook\" aria-label=\"Follow on Facebook\" rel=\"noopener nofollow\" ><i class=\"icon-facebook\" ><\/i><\/a><a href=\"#\" target=\"_blank\" data-label=\"Instagram\" class=\"icon plain instagram tooltip\" title=\"Follow on Instagram\" aria-label=\"Follow on Instagram\" rel=\"noopener nofollow\" ><i class=\"icon-instagram\" ><\/i><\/a><a href=\"#\" data-label=\"Twitter\" target=\"_blank\" class=\"icon plain twitter tooltip\" title=\"Follow on Twitter\" aria-label=\"Follow on Twitter\" rel=\"noopener nofollow\" ><i class=\"icon-twitter\" ><\/i><\/a><a href=\"mailto:#\" data-label=\"E-mail\" target=\"_blank\" class=\"icon plain email tooltip\" title=\"Send us an email\" aria-label=\"Send us an email\" rel=\"nofollow noopener\" ><i class=\"icon-envelop\" ><\/i><\/a><\/div>\n\t<div id=\"gap-1548472082\" class=\"gap-element clearfix\" style=\"display:block; height:auto;\">\n\t\t\n<style>\n#gap-1548472082 {\n  padding-top: 30px;\n}\n<\/style>\n\t<\/div>\n\t\n<a href=\"#\" class=\"button primary is-large lowercase expand\"  >\n    <span>T\u1ea3i t\u00e0i nguy\u00ean cho sinh vi\u00ean<\/span>\n  <\/a>\n\n\t\t<\/div>\n\t\t\t\t\n<style>\n#col-327824461 > .col-inner {\n  padding: 40px 40px 40px 40px;\n}\n<\/style>\n\t<\/div>\n\n\t\n<\/div>\n<div class=\"container section-title-container menu-department-title\" ><h3 class=\"section-title section-title-normal\"><b><\/b><span class=\"section-title-main\" >Tr\u00ecnh chi\u1ebfu video<\/span><b><\/b><\/h3><\/div>\n<div class=\"video video-fit mb\" style=\"padding-top:56.25%;\"><p><iframe loading=\"lazy\" title=\"Anything Could Happen at Harvard\" width=\"1020\" height=\"574\" src=\"https:\/\/www.youtube.com\/embed\/C5pKtnmHTxg?feature=oembed\" frameborder=\"0\" allow=\"accelerometer; autoplay; clipboard-write; encrypted-media; gyroscope; picture-in-picture; web-share\" allowfullscreen><\/iframe><\/p>\n<\/div>\n\t<div id=\"gap-1029355314\" class=\"gap-element clearfix\" style=\"display:block; height:auto;\">\n\t\t\n<style>\n#gap-1029355314 {\n  padding-top: 60px;\n}\n<\/style>\n\t<\/div>\n\t\n<div class=\"row row-collapse\"  id=\"row-385356971\">\n\n\t<div id=\"col-779046315\" class=\"col small-12 large-12\"  >\n\t\t\t\t<div class=\"col-inner\"  >\n\t\t\t\n\t<div class=\"is-border\"\n\t\tstyle=\"border-color:rgb(197, 2, 39);border-width:4px 4px 4px 4px;\">\n\t<\/div>\n\t\t\t\n<h3>THAM GIA S\u1ef0 KI\u1ec6N<\/h3>\n<p>\u0111\u1eb7c bi\u1ec7t <strong>SOL OPEN HOUSE<\/strong><br \/>\nTr\u1ea3i nghi\u1ec7m th\u1ef1c t\u1ebf trong khu\u00f4n vi\u00ean tr\u01b0\u1eddng c\u1ee7a ch\u00fang t\u00f4i b\u1eaft \u0111\u1ea7u v\u00e0o ng\u00e0y 16 th\u00e1ng 8 n\u0103m 2025<\/p>\n\t<div id=\"gap-159995374\" class=\"gap-element clearfix\" style=\"display:block; height:auto;\">\n\t\t\n<style>\n#gap-159995374 {\n  padding-top: 30px;\n}\n<\/style>\n\t<\/div>\n\t\n<a href=\"#\" class=\"button primary is-large lowercase expand\"  >\n    <span>Nh\u1ea5p \u0111\u1ec3 xem th\u00eam<\/span>\n  <\/a>\n\n\t\t<\/div>\n\t\t\t\t\n<style>\n#col-779046315 > .col-inner {\n  padding: 40px 40px 40px 40px;\n}\n<\/style>\n\t<\/div>\n\n\t\n<\/div>\n\t\t<\/div>\n\t\t\t\t\t<\/div>\n\n\t\n<\/div>\n\t\t<\/div>\n\n\t\t\n<style>\n#section_784094324 {\n  padding-top: 30px;\n  padding-bottom: 30px;\n}\n<\/style>\n\t<\/section>\n\t\n\t<section class=\"section dark\" id=\"section_940739361\">\n\t\t<div class=\"bg section-bg fill bg-fill  bg-loaded\" >\n\n\t\t\t\n\t\t\t\n\t\t\t\n\n\t\t<\/div>\n\n\t\t\n\n\t\t<div class=\"section-content relative\">\n\t\t\t\n<div class=\"row\"  id=\"row-366657356\">\n\n\t<div id=\"col-1212868589\" class=\"col medium-5 small-12 large-5\"  >\n\t\t\t\t<div class=\"col-inner\"  >\n\t\t\t\n\t\t\t\n\t<div class=\"img has-hover x md-x lg-x y md-y lg-y\" id=\"image_2088602695\">\n\t\t\t\t\t\t\t\t<div class=\"img-inner dark\" style=\"margin:-150px 0px 0px 0px;\">\n\t\t\t<img loading=\"lazy\" decoding=\"async\" width=\"2000\" height=\"1333\" src=\"https:\/\/ceahcm.edu.vn\/wp-content\/uploads\/shutterstock_704277943.jpg\" class=\"attachment-original size-original\" alt=\"\" \/>\t\t\t\t\t\t\n\t\t\t\t\t<\/div>\n\t\t\t\t\t\t\t\t\n<style>\n#image_2088602695 {\n  width: 100%;\n}\n<\/style>\n\t<\/div>\n\t\n\t\t<\/div>\n\t\t\t\t\t<\/div>\n\n\t\n\n\t<div id=\"col-196074655\" class=\"col medium-7 small-12 large-7\"  >\n\t\t\t\t<div class=\"col-inner\"  >\n\t\t\t\n\t\t\t\n\t<div id=\"text-3054015102\" class=\"text\">\n\t\t\n<p>Nh\u1edd c\u00f3 b\u1ea1n, h\u1ecdc sinh c\u1ee7a ch\u00fang t\u00f4i \u0111ang c\u00f3 \u0111\u01b0\u1ee3c ki\u1ebfn th\u1ee9c, k\u1ef9 n\u0103ng v\u00e0 gi\u00e1 tr\u1ecb \u0111\u1ec3 t\u1ea1o ra m\u1ed9t th\u1ebf gi\u1edbi nh\u00e2n v\u0103n, c\u00f4ng b\u1eb1ng v\u00e0 b\u1ec1n v\u1eefng h\u01a1n.<\/p>\n\t\t\n<style>\n#text-3054015102 {\n  font-size: 1.2rem;\n}\n<\/style>\n\t<\/div>\n\t\n<a class=\"button primary lowercase\"  style=\"padding:10px 30px 10px 30px;\">\n    <span>Tr\u1edf th\u00e0nh nh\u00e0 t\u00e0i tr\u1ee3<\/span>\n  <i class=\"icon-pen-alt-fill\" aria-hidden=\"true\" ><\/i><\/a>\n\n\t\t<\/div>\n\t\t\t\t\n<style>\n#col-196074655 > .col-inner {\n  padding: 0px 0px 0px 50px;\n}\n<\/style>\n\t<\/div>\n\n\t\n<\/div>\n\t\t<\/div>\n\n\t\t\n<style>\n#section_940739361 {\n  padding-top: 0px;\n  padding-bottom: 0px;\n  min-height: 400px;\n  background-color: #1c1b3b;\n}\n<\/style>\n\t<\/section>\n\t\n","protected":false},"excerpt":{"rendered":"","protected":false},"author":1,"featured_media":0,"parent":0,"menu_order":0,"comment_status":"closed","ping_status":"closed","template":"page-transparent-header-light.php","meta":{"footnotes":""},"class_list":["post-579","page","type-page","status-publish","hentry"],"acf":[],"_links":{"self":[{"href":"https:\/\/ceahcm.edu.vn\/en\/wp-json\/wp\/v2\/pages\/579","targetHints":{"allow":["GET"]}}],"collection":[{"href":"https:\/\/ceahcm.edu.vn\/en\/wp-json\/wp\/v2\/pages"}],"about":[{"href":"https:\/\/ceahcm.edu.vn\/en\/wp-json\/wp\/v2\/types\/page"}],"author":[{"embeddable":true,"href":"https:\/\/ceahcm.edu.vn\/en\/wp-json\/wp\/v2\/users\/1"}],"replies":[{"embeddable":true,"href":"https:\/\/ceahcm.edu.vn\/en\/wp-json\/wp\/v2\/comments?post=579"}],"version-history":[{"count":1,"href":"https:\/\/ceahcm.edu.vn\/en\/wp-json\/wp\/v2\/pages\/579\/revisions"}],"predecessor-version":[{"id":580,"href":"https:\/\/ceahcm.edu.vn\/en\/wp-json\/wp\/v2\/pages\/579\/revisions\/580"}],"wp:attachment":[{"href":"https:\/\/ceahcm.edu.vn\/en\/wp-json\/wp\/v2\/media?parent=579"}],"curies":[{"name":"wp","href":"https:\/\/api.w.org\/{rel}","templated":true}]}}