{"id":587,"date":"2024-05-30T17:49:53","date_gmt":"2024-05-30T10:49:53","guid":{"rendered":"https:\/\/ceavnuhcmeduvn139.mbws.vn\/khao-sat-khach-hang\/"},"modified":"2024-05-30T17:52:22","modified_gmt":"2024-05-30T10:52:22","slug":"khao-sat-khach-hang","status":"publish","type":"page","link":"https:\/\/ceahcm.edu.vn\/en\/khao-sat-khach-hang\/","title":{"rendered":"Customer survey"},"content":{"rendered":"\t<section class=\"section top-gradient bottom-gradient\" id=\"section_1101475016\">\n\t\t<div class=\"bg section-bg fill bg-fill  \" >\n\n\t\t\t\n\t\t\t<div class=\"section-bg-overlay absolute fill\"><\/div>\n\t\t\t\n\n\t\t<\/div>\n\n\t\t\n\n\t\t<div class=\"section-content relative\">\n\t\t\t\n<div class=\"row row-collapse\"  id=\"row-1730330961\">\n\n\t<div id=\"col-243681389\" class=\"col small-12 large-12\"  >\n\t\t\t\t<div class=\"col-inner\"  >\n\t\t\t\n\t\t\t\n  <div id=\"page-header-1922754771\" class=\"page-header-wrapper\">\n  <div class=\"page-title dark simple-title\">\n\n    \n    <div class=\"page-title-inner container align-bottom flex-row medium-flex-wrap\" >\n              <div class=\"title-wrapper is-larger flex-col text-left medium-text-center\">\n          <h1 class=\"entry-title mb-0\">\n            Kh\u1ea3o s\u00e1t kh\u00e1ch h\u00e0ng          <\/h1>\n        <\/div>\n                    <div class=\"title-content flex-col flex-right text-right medium-text-center\">\n        <div class=\"title-breadcrumbs pb-half pt-half\"><\/div>      <\/div>\n    <\/div>\n\n     \n<style>\n#page-header-1922754771 .title-bg {\n  background-position: 53% 20%;\n}\n<\/style>\n  <\/div>\n    <\/div>\n  \n\t\t<\/div>\n\t\t\t\t\n<style>\n#col-243681389 > .col-inner {\n  padding: 100px 0px 0px 0px;\n}\n@media (min-width:550px) {\n  #col-243681389 > .col-inner {\n    padding: 100px 0px 0px 0px;\n  }\n}\n@media (min-width:850px) {\n  #col-243681389 > .col-inner {\n    padding: 340px 0px 0px 0px;\n  }\n}\n<\/style>\n\t<\/div>\n\n\t\n<\/div>\n\t\t<\/div>\n\n\t\t\n<style>\n#section_1101475016 {\n  padding-top: 0px;\n  padding-bottom: 0px;\n  min-height: 300px;\n}\n#section_1101475016 .section-bg-overlay {\n  background-color: rgba(0, 0, 0, 0.331);\n}\n#section_1101475016 .section-bg.bg-loaded {\n  background-image: url(https:\/\/ceahcm.edu.vn\/wp-content\/uploads\/image-bg-1.jpg);\n}\n#section_1101475016 .section-bg {\n  background-position: 52% 0%;\n}\n@media (min-width:550px) {\n  #section_1101475016 {\n    min-height: 500px;\n  }\n}\n@media (min-width:850px) {\n  #section_1101475016 {\n    min-height: 700px;\n  }\n}\n<\/style>\n\t<\/section>\n\t\n\t<section class=\"section form-lien-he\" id=\"section_1535769087\">\n\t\t<div class=\"bg section-bg fill bg-fill  bg-loaded\" >\n\n\t\t\t\n\t\t\t\n\t\t\t\n\n\t\t<\/div>\n\n\t\t\n\n\t\t<div class=\"section-content relative\">\n\t\t\t\n<div class=\"row\"  id=\"row-1453832221\">\n\n\t<div id=\"col-1817487441\" class=\"col medium-12 small-12 large-8\"  >\n\t\t\t\t<div class=\"col-inner\"  >\n\t\t\t\n\t\t\t\n<h3>\u0110\u1ec2 L\u1ea0I CHO CH\u00daNG T\u00d4I TH\u00d4NG TIN C\u1ee6A B\u1ea0N<\/h3>\n<p>M\u1ed9t s\u1ef1 thanh th\u1ea3n tuy\u1ec7t v\u1eddi \u0111\u00e3 chi\u1ebfm h\u1eefu to\u00e0n b\u1ed9 t\u00e2m h\u1ed3n t\u00f4i, gi\u1ed1ng nh\u01b0 nh\u1eefng bu\u1ed5i s\u00e1ng ng\u1ecdt ng\u00e0o c\u1ee7a m\u00f9a xu\u00e2n m\u00e0 t\u00f4i t\u1eadn h\u01b0\u1edfng b\u1eb1ng c\u1ea3 tr\u00e1i tim. T\u00f4i \u1edf m\u1ed9t m\u00ecnh, v\u00e0 c\u1ea3m nh\u1eadn s\u1ef1 quy\u1ebfn r\u0169 c\u1ee7a s\u1ef1 t\u1ed3n t\u1ea1i \u1edf n\u01a1i n\u00e0y, \u0111\u01b0\u1ee3c t\u1ea1o ra cho h\u1ea1nh ph\u00fac c\u1ee7a nh\u1eefng linh h\u1ed3n nh\u01b0 t\u00f4i.<\/p>\n\n<div class=\"wpcf7 no-js\" id=\"wpcf7-f364-o1\" lang=\"vi\" dir=\"ltr\">\n<div class=\"screen-reader-response\"><p role=\"status\" aria-live=\"polite\" aria-atomic=\"true\"><\/p> <ul><\/ul><\/div>\n<form action=\"\/en\/wp-json\/wp\/v2\/pages\/587#wpcf7-f364-o1\" method=\"post\" class=\"wpcf7-form init\" aria-label=\"Form li\u00ean h\u1ec7\" novalidate=\"novalidate\" data-status=\"init\">\n<div style=\"display: none;\">\n<input type=\"hidden\" name=\"_wpcf7\" value=\"364\" \/>\n<input type=\"hidden\" name=\"_wpcf7_version\" value=\"5.8.7\" \/>\n<input type=\"hidden\" name=\"_wpcf7_locale\" value=\"vi\" \/>\n<input type=\"hidden\" name=\"_wpcf7_unit_tag\" value=\"wpcf7-f364-o1\" \/>\n<input type=\"hidden\" name=\"_wpcf7_container_post\" value=\"0\" \/>\n<input type=\"hidden\" name=\"_wpcf7_posted_data_hash\" value=\"\" \/>\n<\/div>\n<div style=\"display: none\"><p><span class=\"wpcf7-form-control-wrap\" data-name=\"mbws\"><input size=\"40\" class=\"wpcf7-form-control wpcf7-text\" aria-invalid=\"false\" value=\"\" type=\"text\" name=\"mbws\"><\/span><\/p><\/div><p><span class=\"wpcf7-form-control-wrap\" data-name=\"your-name\"><input size=\"40\" class=\"wpcf7-form-control wpcf7-text wpcf7-validates-as-required\" autocomplete=\"name\" aria-required=\"true\" aria-invalid=\"false\" placeholder=\"H\u1ecd t\u00ean*\" value=\"\" type=\"text\" name=\"your-name\" \/><\/span><br \/>\n<span class=\"wpcf7-form-control-wrap\" data-name=\"your-email\"><input size=\"40\" class=\"wpcf7-form-control wpcf7-email wpcf7-validates-as-required wpcf7-text wpcf7-validates-as-email\" autocomplete=\"email\" aria-required=\"true\" aria-invalid=\"false\" placeholder=\"Email*\" value=\"\" type=\"email\" name=\"your-email\" \/><\/span><br \/>\n<span class=\"wpcf7-form-control-wrap\" data-name=\"your-subject\"><input size=\"40\" class=\"wpcf7-form-control wpcf7-text wpcf7-validates-as-required\" aria-required=\"true\" aria-invalid=\"false\" placeholder=\"Ti\u00eau \u0111\u1ec1*\" value=\"\" type=\"text\" name=\"your-subject\" \/><\/span><br \/>\n<span class=\"wpcf7-form-control-wrap\" data-name=\"your-message\"><textarea cols=\"40\" rows=\"10\" class=\"wpcf7-form-control wpcf7-textarea wpcf7-validates-as-required\" aria-required=\"true\" aria-invalid=\"false\" placeholder=\"N\u1ed9i dung li\u00ean h\u1ec7*\" name=\"your-message\"><\/textarea><\/span><br \/>\n<input class=\"wpcf7-form-control wpcf7-submit has-spinner\" type=\"submit\" value=\"G\u1eedi th\u00f4ng tin\" \/>\n<\/p><div class=\"wpcf7-response-output\" aria-hidden=\"true\"><\/div>\n<\/form>\n<\/div>\n\n\t\t<\/div>\n\t\t\t\t\t<\/div>\n\n\t\n\n\t<div id=\"col-1178124892\" class=\"col medium-12 small-12 large-4\"  >\n\t\t\t\t<div class=\"col-inner\"  >\n\t\t\t\n\t\t\t\n<h3>TH\u00d4NG TIN \u0110\u1ecaA CH\u1ec8<\/h3>\n\t<div class=\"ux-menu stack stack-col justify-start\">\n\t\t\n\t<div class=\"ux-menu-link flex menu-item\">\n\t\t<a class=\"ux-menu-link__link flex\" href=\"https:\/\/ceahcm.edu.vn\" >\n\t\t\t<i class=\"ux-menu-link__icon text-center icon-map-pin-fill\" ><\/i>\t\t\t<span class=\"ux-menu-link__text\">\n\t\t\t\t54 \u0110\u01b0\u1eddng C1, P.13, Q. T\u00e2n B\u00ecnh, TP. H\u1ed3 Ch\u00ed Minh\t\t\t<\/span>\n\t\t<\/a>\n\t<\/div>\n\t\n\t<div class=\"ux-menu-link flex menu-item\">\n\t\t<a class=\"ux-menu-link__link flex\" href=\"https:\/\/ceahcm.edu.vn\" >\n\t\t\t<i class=\"ux-menu-link__icon text-center icon-envelop\" ><\/i>\t\t\t<span class=\"ux-menu-link__text\">\n\t\t\t\tsales@matbao.ws\t\t\t<\/span>\n\t\t<\/a>\n\t<\/div>\n\t\n\t<div class=\"ux-menu-link flex menu-item\">\n\t\t<a class=\"ux-menu-link__link flex\" href=\"https:\/\/ceahcm.edu.vn\" >\n\t\t\t<i class=\"ux-menu-link__icon text-center icon-phone\" ><\/i>\t\t\t<span class=\"ux-menu-link__text\">\n\t\t\t\t(028) 7777 7999\t\t\t<\/span>\n\t\t<\/a>\n\t<\/div>\n\t\n\t<\/div>\n\t\n\t<div id=\"gap-774799447\" class=\"gap-element clearfix\" style=\"display:block; height:auto;\">\n\t\t\n<style>\n#gap-774799447 {\n  padding-top: 30px;\n}\n<\/style>\n\t<\/div>\n\t\n<h3>B\u1ea2N \u0110\u1ed2<\/h3>\n\n<p><iframe src=\"https:\/\/www.google.com\/maps\/embed?pb=!1m14!1m8!1m3!1d15676.384917252657!2d106.6459339!3d10.8039415!3m2!1i1024!2i768!4f13.1!3m3!1m2!1s0x31752945ef6d57cd%3A0x52a3c8705453a546!2zQ8O0bmcgVHkgQ-G7lSBQaOG6p24gTeG6r3QgQsOjbyBXUw!5e0!3m2!1svi!2s!4v1705983139739!5m2!1svi!2s\" width=\"100%\" height=\"310\" style=\"border:0;\" allowfullscreen=\"\" loading=\"lazy\" referrerpolicy=\"no-referrer-when-downgrade\"><\/iframe><br \/>\n\n\t\t<\/div>\n\t\t\t\t\t<\/div>\n\n\t\n<\/div>\n\t\t<\/div>\n\n\t\t\n<style>\n#section_1535769087 {\n  padding-top: 30px;\n  padding-bottom: 30px;\n  background-color: rgb(230, 230, 230);\n}\n<\/style>\n\t<\/section>\n\t\n","protected":false},"excerpt":{"rendered":"","protected":false},"author":1,"featured_media":0,"parent":0,"menu_order":0,"comment_status":"closed","ping_status":"closed","template":"page-transparent-header.php","meta":{"footnotes":""},"class_list":["post-587","page","type-page","status-publish","hentry"],"acf":[],"_links":{"self":[{"href":"https:\/\/ceahcm.edu.vn\/en\/wp-json\/wp\/v2\/pages\/587","targetHints":{"allow":["GET"]}}],"collection":[{"href":"https:\/\/ceahcm.edu.vn\/en\/wp-json\/wp\/v2\/pages"}],"about":[{"href":"https:\/\/ceahcm.edu.vn\/en\/wp-json\/wp\/v2\/types\/page"}],"author":[{"embeddable":true,"href":"https:\/\/ceahcm.edu.vn\/en\/wp-json\/wp\/v2\/users\/1"}],"replies":[{"embeddable":true,"href":"https:\/\/ceahcm.edu.vn\/en\/wp-json\/wp\/v2\/comments?post=587"}],"version-history":[{"count":1,"href":"https:\/\/ceahcm.edu.vn\/en\/wp-json\/wp\/v2\/pages\/587\/revisions"}],"predecessor-version":[{"id":588,"href":"https:\/\/ceahcm.edu.vn\/en\/wp-json\/wp\/v2\/pages\/587\/revisions\/588"}],"wp:attachment":[{"href":"https:\/\/ceahcm.edu.vn\/en\/wp-json\/wp\/v2\/media?parent=587"}],"curies":[{"name":"wp","href":"https:\/\/api.w.org\/{rel}","templated":true}]}}