{"id":802,"date":"2024-06-03T00:15:50","date_gmt":"2024-06-02T17:15:50","guid":{"rendered":"https:\/\/ceavnuhcmeduvn139.mbws.vn\/?page_id=802"},"modified":"2024-06-03T17:11:14","modified_gmt":"2024-06-03T10:11:14","slug":"the-list-of-documents","status":"publish","type":"page","link":"https:\/\/ceahcm.edu.vn\/en\/the-list-of-documents\/","title":{"rendered":"The list of documents"},"content":{"rendered":"<p><span style=\"font-weight: 400;\">A &#8211; Internal training document for accreditors compiled or owned by VNU \u2013 HCM Center for Education Accreditation<\/span><\/p>\n<p><span style=\"font-weight: 400;\">B &#8211; Legal framework documents of Vietnam in the field of quality accreditation and educational accreditation<\/span><\/p>\n<ol>\n<li><span style=\"font-weight: 400;\"> Law on Higher Education No. 08\/2012\/QH13<\/span><\/li>\n<li><span style=\"font-weight: 400;\"> Education Law No. 38\/2005\/QH11<\/span><\/li>\n<li><span style=\"font-weight: 400;\"> Education Law No. 43\/2019\/QH14<\/span><\/li>\n<li><span style=\"font-weight: 400;\"> Law No. 34\/2018\/QH14 amending and supplementing some articles of the Law on Higher Education No. 08\/2012\/QH135.<\/span><\/li>\n<li><span style=\"font-weight: 400;\"> Decision No. 1982\/QD-TTg dated October 18, 2016, of the Prime Minister approving the Vietnam National Qualifications Framework<\/span><\/li>\n<li><span style=\"font-weight: 400;\"> Decision No. 78\/QD-TTg of the Prime Minister approving the development program for quality accreditation and accreditation system for university and college teacher education from 2022 to 2030<\/span><\/li>\n<li><span style=\"font-weight: 400;\"> Circular No. 23\/2011\/TT-BGD\u0110T dated June 6, 2011, of the Ministry of Education and Training on standards for assessing the quality of industrial teacher education programs at the university level<\/span><\/li>\n<li><span style=\"font-weight: 400;\"> Circular No. 49\/2012\/TT-BGD\u0110T dated December 12, 2012, of the Ministry of Education and Training on standards for assessing the quality of high school teacher training programs at the university level<\/span><\/li>\n<li><span style=\"font-weight: 400;\"> Circular No. 62\/2012\/TT-BGD\u0110T dated December 28, 2012, of the Ministry of Education and Training issuing procedures and criteria for quality accreditation and accreditation of universities, college, and professional secondary schools<\/span><\/li>\n<li><span style=\"font-weight: 400;\"> Circular No. 38\/2013\/TT-BGD\u0110T dated November 29, 2013, of the Ministry of Education and Training regulating the process and cycle of quality accreditation and accreditation of training programs at universities, college, and professional secondary schools<\/span><\/li>\n<li><span style=\"font-weight: 400;\"> Circular No. 33\/2014\/TT-BGD\u0110T dated October 2, 2014, of the Ministry of Education and Training on standards for assessing the quality of nursing training programs at the university and college level<\/span><\/li>\n<li><span style=\"font-weight: 400;\"> Circular No. 04\/2016\/TT-BGD\u0110T dated March 14, 2016, of the Ministry of Education and Training on quality standards for training programs at university level<\/span><\/li>\n<li><span style=\"font-weight: 400;\"> Circular No. 12\/2017\/TT-BGD\u0110T dated May 19, 2017, of the Ministry of Education and Training on quality standards for university education institutions<\/span><\/li>\n<li><span style=\"font-weight: 400;\"> Circular No. 02\/2020\/TT-BGD\u0110T dated February 5, 2020, of the Ministry of Education and Training on standards for assessing the quality of teacher training programs at the intermediate and college levels<\/span><\/li>\n<li><span style=\"font-weight: 400;\"> Circular No. 39\/2020\/TT-BGD\u0110T dated October 9, 2020, of the Ministry of Education and Training on standards for assessing the quality of distance learning programs at the university level<\/span><\/li>\n<li><span style=\"font-weight: 400;\"> Circular No. 08\/2021\/TT-BGD\u0110T dated March 18, 2021, of the Ministry of Education and Training promulgating regulations on university level training<\/span><\/li>\n<li><span style=\"font-weight: 400;\"> Circular No. 17\/2021\/TT-BGD\u0110T dated June 22, 2021, of the Ministry of Education and Training on training program standards; development, appraisal, and promulgation of training programs at university level<\/span><\/li>\n<li><span style=\"font-weight: 400;\"> Circular No. 14\/2022\/TT-BGD\u0110T dated October 10, 2022, of the Ministry of Education and Training on accreditation officers for university and college teacher education<\/span><\/li>\n<li><span style=\"font-weight: 400;\"> Document No. 462\/KTK\u0110CLGD-K\u0110\u0110H dated May 9, 2013, of the Testing and Accreditation Department, Ministry of Education and Training, on guidance for self-assessment of universities, college, and professional secondary schools<\/span><\/li>\n<li><span style=\"font-weight: 400;\"> Document No. 528\/KTK\u0110CLGD-K\u0110\u0110H dated May 23, 2013, of the Testing and Accreditation Department, Ministry of Education and Training, on guidance for finding information, evidence according to the set of education quality assessment standards for college<\/span><\/li>\n<li><span style=\"font-weight: 400;\"> Document No. 1480\/KTK\u0110CLGD-K\u0110\u0110H dated August 29, 2014, of the Ministry of Education and Training on guidance for external assessment of universities, college, and professional secondary schools<\/span><\/li>\n<li><span style=\"font-weight: 400;\"> Document No. 1074\/KTK\u0110CLGD-K\u0110\u0110H dated June 28, 2016, of the Testing and Accreditation Department, Ministry of Education and Training, on general guidelines for using quality assessment standards for university level training programs<\/span><\/li>\n<li><span style=\"font-weight: 400;\"> Document No. 766\/QLCL-K\u0110CLGD dated April 20, 2018, of the Quality Management Department, Ministry of Education and Training, on guidelines for self-assessment of educational institutions<\/span><\/li>\n<li><span style=\"font-weight: 400;\"> Document No. 767\/KTK\u0110CLGD-K\u0110\u0110H dated April 20, 2018, of the Quality Management Department, Ministry of Education and Training, on guidelines for external assessment of educational institutions<\/span><\/li>\n<li><span style=\"font-weight: 400;\"> Document No. 1668\/QLCL-K\u0110CLGD dated December 31, 2019, of the Quality Management Department, Ministry of Education and Training, on replacing the Evaluation Guide issued with Document No. 768\/QLCL-K\u0110CLGD<\/span><\/li>\n<li><span style=\"font-weight: 400;\"> Document No. 1669\/QLCL-K\u0110CLGD dated December 31, 2019, of the Quality Management Department, Ministry of Education and Training, on replacing the Quality Assessment Document for university level training programs issued with Document No. 769\/QLCL-K\u0110CLGD<\/span><\/li>\n<li><span style=\"font-weight: 400;\"> Document No. 756\/QLCL-K\u0110CLGD dated May 31, 2020, of the Quality Management Department, Ministry of Education and Training, on using the Quality Assessment Guide for teacher training programs at the intermediate and college levels<\/span><\/li>\n<li><span style=\"font-weight: 400;\"> Document No. 2085\/QLCL-K\u0110CLGD dated December 31, 2020, of the Quality Management Department, Ministry of Education and Training, on guidelines for self-assessment and external assessment of training programs, and Document No. 774\/QLCL-K\u0110CLGD of the Quality Management Department, Ministry of Education and Training, on adjusting some appendices of Document No. 2085\/QLCL-K\u0110CLGD<\/span><\/li>\n<li><span style=\"font-weight: 400;\"> Document No. 5578\/BGD\u0110T-QLCL dated September 9, 2013, of the Ministry of Education and Training on the application of information technology in education quality accreditation.<\/span><\/li>\n<\/ol>\n","protected":false},"excerpt":{"rendered":"<p>A &#8211; Internal training document for accreditors compiled or owned by VNU \u2013 HCM Center for Education Accreditation B &#8211; Legal framework documents of Vietnam in the field of quality [&#8230;]\n","protected":false},"author":3,"featured_media":0,"parent":0,"menu_order":0,"comment_status":"closed","ping_status":"closed","template":"","meta":{"footnotes":""},"class_list":["post-802","page","type-page","status-publish","hentry"],"acf":[],"_links":{"self":[{"href":"https:\/\/ceahcm.edu.vn\/en\/wp-json\/wp\/v2\/pages\/802","targetHints":{"allow":["GET"]}}],"collection":[{"href":"https:\/\/ceahcm.edu.vn\/en\/wp-json\/wp\/v2\/pages"}],"about":[{"href":"https:\/\/ceahcm.edu.vn\/en\/wp-json\/wp\/v2\/types\/page"}],"author":[{"embeddable":true,"href":"https:\/\/ceahcm.edu.vn\/en\/wp-json\/wp\/v2\/users\/3"}],"replies":[{"embeddable":true,"href":"https:\/\/ceahcm.edu.vn\/en\/wp-json\/wp\/v2\/comments?post=802"}],"version-history":[{"count":2,"href":"https:\/\/ceahcm.edu.vn\/en\/wp-json\/wp\/v2\/pages\/802\/revisions"}],"predecessor-version":[{"id":904,"href":"https:\/\/ceahcm.edu.vn\/en\/wp-json\/wp\/v2\/pages\/802\/revisions\/904"}],"wp:attachment":[{"href":"https:\/\/ceahcm.edu.vn\/en\/wp-json\/wp\/v2\/media?parent=802"}],"curies":[{"name":"wp","href":"https:\/\/api.w.org\/{rel}","templated":true}]}}